{"id":3423,"date":"2016-07-07T12:46:24","date_gmt":"2016-07-07T12:46:24","guid":{"rendered":"https:\/\/cosign.be\/de\/?page_id=3423"},"modified":"2016-07-07T12:46:24","modified_gmt":"2016-07-07T12:46:24","slug":"eco-swingmaster","status":"publish","type":"page","link":"https:\/\/cosign.be\/de\/eco-swingmaster\/","title":{"rendered":"ECO SWINGMASTER"},"content":{"rendered":"<p>[vc_row equal_height=&#8220;yes&#8220; full_width=&#8220;1&#8243; bg_color=&#8220;#cecdc1&#8243; padding=&#8220;25&#8243;][vc_column width=&#8220;1\/4&#8243;][vc_column_text]<\/p>\n<pre><code><div class=\"addtoany_shortcode\"><div class=\"a2a_kit a2a_kit_size_24 addtoany_list\" data-a2a-url=\"https:\/\/cosign.be\/de\/eco-swingmaster\/\" data-a2a-title=\"ECO SWINGMASTER\"><a class=\"a2a_button_facebook\" href=\"https:\/\/www.addtoany.com\/add_to\/facebook?linkurl=https%3A%2F%2Fcosign.be%2Fde%2Feco-swingmaster%2F&amp;linkname=ECO%20SWINGMASTER\" title=\"Facebook\" rel=\"nofollow noopener\" target=\"_blank\"><img loading=\"lazy\" decoding=\"async\" src=\"\/https:\/\/www.instagram.com\/cosignnv\/facebook.png\" width=\"24\" height=\"24\" alt=\"Facebook\"><\/a><a class=\"a2a_button_linkedin\" href=\"https:\/\/www.addtoany.com\/add_to\/linkedin?linkurl=https%3A%2F%2Fcosign.be%2Fde%2Feco-swingmaster%2F&amp;linkname=ECO%20SWINGMASTER\" title=\"LinkedIn\" rel=\"nofollow noopener\" target=\"_blank\"><img loading=\"lazy\" decoding=\"async\" src=\"\/https:\/\/www.instagram.com\/cosignnv\/linkedin.png\" width=\"24\" height=\"24\" alt=\"LinkedIn\"><\/a><\/div><\/div><\/code><\/pre>\n<p>[\/vc_column_text][\/vc_column][vc_column width=&#8220;3\/4&#8243;][vc_column_text css=&#8220;.vc_custom_1456378313673{margin-bottom: 0px !important;border-bottom-width: 0px !important;padding-bottom: 0px !important;}&#8220;]<\/p>\n<h1><span style=\"color: #ffffff;\"><strong>ECO SWINGMASTER<\/strong><\/span><\/h1>\n<p>[\/vc_column_text][\/vc_column][\/vc_row][vc_row][vc_column][vc_empty_space][\/vc_column][\/vc_row][vc_row][vc_column width=&#8220;1\/4&#8243;][\/vc_column][vc_column width=&#8220;1\/2&#8243;][vc_column_text]<\/p>\n<div class=\"page\" title=\"Page 4\">\n<div class=\"layoutArea\">\n<div class=\"column\">\n<p>Der Eco Swingmaster setzt den Standard im Bereich Kundenstopper.<\/p>\n<p>Die schweren langen F\u00fc\u00dfe sowie die Stahlfedern bieten Stabilit\u00e4t und Flexibilit\u00e4t. Der Eco Swingmaster ist f\u00fcr den Einsatz in windigen und regnerischen Au\u00dfenbereichen geeignet. Die Gummidichtung um den Rahmen sch\u00fctzt das innen befindliche Plakat. F\u00fcr maximale Sicherheit verf\u00fcgt der Eco Swingmaster \u00fcber runde Ecken. Der leicht zu \u00f6ffnende Klapprahmen umfasst eine Antireflexabdeckung. Dieses Produkt wird doppelseitig verwendet.<\/p>\n<p><strong>Profile:<\/strong> 40mm Silber\u00a0Eloxiert<br \/>\n<strong>Ecke:<\/strong>\u00a0Abgerundete Sicherheits Ecke<\/p>\n<\/div>\n<\/div>\n<\/div>\n<p>[\/vc_column_text][\/vc_column][vc_column width=&#8220;1\/4&#8243;][vc_single_image image=&#8220;572&#8243; img_size=&#8220;full&#8220;][\/vc_column][\/vc_row][vc_row full_width=&#8220;1&#8243; padding=&#8220;25&#8243;][vc_column width=&#8220;1\/4&#8243;][vc_text_separator title=&#8220;EIGENSCHAFTEN&#8220; title_align=&#8220;separator_align_left&#8220; color=&#8220;black&#8220; style=&#8220;empty&#8220; bold=&#8220;1&#8243; font_size=&#8220;16&#8243; text_color=&#8220;#201547&#8243;][\/vc_column][vc_column width=&#8220;3\/4&#8243; css=&#8220;.vc_custom_1446212259551{margin-left: 0px !important;border-left-width: 0px !important;padding-left: 0px !important;}&#8220;][vc_row_inner][vc_column_inner width=&#8220;1\/4&#8243;][vc_single_image image=&#8220;571&#8243; alignment=&#8220;center&#8220; style=&#8220;vc_box_outline&#8220; border_color=&#8220;black&#8220; onclick=&#8220;img_link_large&#8220;][\/vc_column_inner][vc_column_inner width=&#8220;1\/4&#8243;][vc_single_image image=&#8220;570&#8243; alignment=&#8220;center&#8220; style=&#8220;vc_box_outline&#8220; border_color=&#8220;black&#8220; onclick=&#8220;img_link_large&#8220;][\/vc_column_inner][vc_column_inner width=&#8220;1\/4&#8243;][vc_single_image image=&#8220;569&#8243; alignment=&#8220;center&#8220; style=&#8220;vc_box_outline&#8220; border_color=&#8220;black&#8220; onclick=&#8220;img_link_large&#8220;][\/vc_column_inner][vc_column_inner width=&#8220;1\/4&#8243;][vc_single_image image=&#8220;568&#8243; alignment=&#8220;center&#8220; style=&#8220;vc_box_outline&#8220; border_color=&#8220;black&#8220; onclick=&#8220;img_link_large&#8220;][\/vc_column_inner][\/vc_row_inner][\/vc_column][\/vc_row][vc_row][vc_column][vc_empty_space][\/vc_column][\/vc_row][vc_row margin_bottom=&#8220;25&#8243;][vc_column width=&#8220;1\/4&#8243;][vc_text_separator title=&#8220;STANDARD GR\u00d6SSEN&#8220; title_align=&#8220;separator_align_left&#8220; color=&#8220;black&#8220; style=&#8220;empty&#8220; bold=&#8220;1&#8243; font_size=&#8220;16&#8243; text_color=&#8220;#201547&#8243;][\/vc_column][vc_column width=&#8220;3\/4&#8243; css=&#8220;.vc_custom_1446212499168{margin-left: 0px !important;border-left-width: 0px !important;padding-left: 0px !important;}&#8220;][vc_row_inner css=&#8220;.vc_custom_1446212510359{margin-top: 0px !important;border-top-width: 0px !important;padding-top: 0px !important;}&#8220;][vc_column_inner width=&#8220;1\/4&#8243;][vc_column_text]<strong>ARTICLE<\/strong>[\/vc_column_text][vc_column_text]ECOSW00A1<br \/>\nECOSW00A0<br \/>\nECOSW00B1[\/vc_column_text][\/vc_column_inner][vc_column_inner width=&#8220;1\/4&#8243;][vc_column_text]<strong>PROFILE<\/strong>[\/vc_column_text][vc_column_text]40<br \/>\n40<br \/>\n40<br \/>\n[\/vc_column_text][\/vc_column_inner][vc_column_inner width=&#8220;1\/4&#8243;][vc_column_text]<strong>POSTER\u00a0GR\u00d6SSE<\/strong>[\/vc_column_text][vc_column_text]DIN A1<br \/>\nDIN A0<br \/>\nDIN B1[\/vc_column_text][\/vc_column_inner][vc_column_inner width=&#8220;1\/4&#8243;][vc_column_text][\/vc_column_text][vc_column_text]594 x 841mm<br \/>\n841 x 1189mm<br \/>\n700 x 1000mm[\/vc_column_text][\/vc_column_inner][\/vc_row_inner][\/vc_column][\/vc_row][vc_row][vc_column][vc_empty_space][\/vc_column][\/vc_row][vc_row margin_bottom=&#8220;25&#8243;][vc_column width=&#8220;1\/4&#8243;][vc_text_separator title=&#8220;OPTIONEN&#8220; title_align=&#8220;separator_align_left&#8220; color=&#8220;black&#8220; style=&#8220;empty&#8220; bold=&#8220;1&#8243; font_size=&#8220;16&#8243; text_color=&#8220;#201547&#8243;][\/vc_column][vc_column width=&#8220;1\/4&#8243;][vc_column_text]Topschild[\/vc_column_text][\/vc_column][vc_column width=&#8220;1\/2&#8243;][vc_single_image image=&#8220;573&#8243; img_size=&#8220;full&#8220;][\/vc_column][\/vc_row]<\/p>\n","protected":false},"excerpt":{"rendered":"<p>[vc_row equal_height=&#8220;yes&#8220; full_width=&#8220;1&#8243; bg_color=&#8220;#cecdc1&#8243; padding=&#8220;25&#8243;][vc_column width=&#8220;1\/4&#8243;][vc_column_text] [\/vc_column_text][\/vc_column][vc_column width=&#8220;3\/4&#8243;][vc_column_text css=&#8220;.vc_custom_1456378313673{margin-bottom: 0px !important;border-bottom-width: 0px !important;padding-bottom: 0px !important;}&#8220;] ECO SWINGMASTER [\/vc_column_text][\/vc_column][\/vc_row][vc_row][vc_column][vc_empty_space][\/vc_column][\/vc_row][vc_row][vc_column width=&#8220;1\/4&#8243;][\/vc_column][vc_column width=&#8220;1\/2&#8243;][vc_column_text] Der Eco Swingmaster setzt den <a class=\"more-link\" href=\"https:\/\/cosign.be\/de\/eco-swingmaster\/\">Read more &#8230;<\/a><\/p>\n","protected":false},"author":1,"featured_media":572,"parent":0,"menu_order":0,"comment_status":"closed","ping_status":"closed","template":"","meta":{"om_disable_all_campaigns":false,"_monsterinsights_skip_tracking":false,"_monsterinsights_sitenote_active":false,"_monsterinsights_sitenote_note":"","_monsterinsights_sitenote_category":0,"_uf_show_specific_survey":0,"_uf_disable_surveys":false,"footnotes":""},"categories":[288],"tags":[],"class_list":["post-3423","page","type-page","status-publish","has-post-thumbnail","hentry","category-kundenstopper"],"aioseo_notices":[],"_links":{"self":[{"href":"https:\/\/cosign.be\/de\/wp-json\/wp\/v2\/pages\/3423","targetHints":{"allow":["GET"]}}],"collection":[{"href":"https:\/\/cosign.be\/de\/wp-json\/wp\/v2\/pages"}],"about":[{"href":"https:\/\/cosign.be\/de\/wp-json\/wp\/v2\/types\/page"}],"author":[{"embeddable":true,"href":"https:\/\/cosign.be\/de\/wp-json\/wp\/v2\/users\/1"}],"replies":[{"embeddable":true,"href":"https:\/\/cosign.be\/de\/wp-json\/wp\/v2\/comments?post=3423"}],"version-history":[{"count":1,"href":"https:\/\/cosign.be\/de\/wp-json\/wp\/v2\/pages\/3423\/revisions"}],"predecessor-version":[{"id":3424,"href":"https:\/\/cosign.be\/de\/wp-json\/wp\/v2\/pages\/3423\/revisions\/3424"}],"wp:featuredmedia":[{"embeddable":true,"href":"https:\/\/cosign.be\/de\/wp-json\/wp\/v2\/media\/572"}],"wp:attachment":[{"href":"https:\/\/cosign.be\/de\/wp-json\/wp\/v2\/media?parent=3423"}],"wp:term":[{"taxonomy":"category","embeddable":true,"href":"https:\/\/cosign.be\/de\/wp-json\/wp\/v2\/categories?post=3423"},{"taxonomy":"post_tag","embeddable":true,"href":"https:\/\/cosign.be\/de\/wp-json\/wp\/v2\/tags?post=3423"}],"curies":[{"name":"wp","href":"https:\/\/api.w.org\/{rel}","templated":true}]}}