{"id":3444,"date":"2016-07-08T10:05:59","date_gmt":"2016-07-08T10:05:59","guid":{"rendered":"https:\/\/cosign.be\/de\/?page_id=3444"},"modified":"2025-09-29T10:47:37","modified_gmt":"2025-09-29T08:47:37","slug":"highlight","status":"publish","type":"page","link":"https:\/\/cosign.be\/de\/highlight\/","title":{"rendered":"Highlight"},"content":{"rendered":"<p>[vc_row equal_height=&#8220;yes&#8220; full_width=&#8220;1&#8243; bg_color=&#8220;#cecdc1&#8243; padding=&#8220;25&#8243;][vc_column width=&#8220;1\/4&#8243;][vc_column_text]<\/p>\n<pre><code><div class=\"addtoany_shortcode\"><div class=\"a2a_kit a2a_kit_size_24 addtoany_list\" data-a2a-url=\"https:\/\/cosign.be\/de\/highlight\/\" data-a2a-title=\"Highlight\"><a class=\"a2a_button_facebook\" href=\"https:\/\/www.addtoany.com\/add_to\/facebook?linkurl=https%3A%2F%2Fcosign.be%2Fde%2Fhighlight%2F&amp;linkname=Highlight\" title=\"Facebook\" rel=\"nofollow noopener\" target=\"_blank\"><img loading=\"lazy\" decoding=\"async\" src=\"\/https:\/\/www.instagram.com\/cosignnv\/facebook.png\" width=\"24\" height=\"24\" alt=\"Facebook\"><\/a><a class=\"a2a_button_linkedin\" href=\"https:\/\/www.addtoany.com\/add_to\/linkedin?linkurl=https%3A%2F%2Fcosign.be%2Fde%2Fhighlight%2F&amp;linkname=Highlight\" title=\"LinkedIn\" rel=\"nofollow noopener\" target=\"_blank\"><img loading=\"lazy\" decoding=\"async\" src=\"\/https:\/\/www.instagram.com\/cosignnv\/linkedin.png\" width=\"24\" height=\"24\" alt=\"LinkedIn\"><\/a><\/div><\/div><\/code><\/pre>\n<p>[\/vc_column_text][\/vc_column][vc_column width=&#8220;3\/4&#8243;][vc_column_text css=&#8220;.vc_custom_1458555588043{margin-bottom: 0px !important;border-bottom-width: 0px !important;padding-bottom: 0px !important;}&#8220;]<\/p>\n<h1><span style=\"color: #ffffff;\"><strong>HIGHLIGHT<\/strong><\/span><\/h1>\n<p>[\/vc_column_text][\/vc_column][\/vc_row][vc_row][vc_column width=&#8220;1\/4&#8243;][\/vc_column][vc_column width=&#8220;3\/4&#8243;][vc_column_text]Highlight ist Cosigns neuestes LED-Beleuchtungsprofil, das \u2013 in Kombination mit den Modulen des Typs Lucoled EL37-W65 oder anderen LED-Modulen \u2013 die perfekte L\u00f6sung f\u00fcr die Herstellung dekorativer Wallwasher oder die Beleuchtung von gro\u00dfen Fl\u00e4chen wie Plakatw\u00e4nden, Werbeschildern, frei stehenden Schildern sowie Totems und Pylone bietet.<\/p>\n<p>Das elliptisch geformte Aluminiumprofil wird einschlie\u00dflich Endkappen, einer speziellen LED-Streuabdeckung aus Opal-Polycarbonat, einfach zu montierenden Wandhaltern, Abstandsprofilen und Scharnierb\u00fcgel geliefert, wodurch das Profil f\u00fcr eine optimale Ausleuchtung im rechten Winkel aufgestellt werden kann.[\/vc_column_text][\/vc_column][\/vc_row][vc_row full_width=&#8220;1&#8243; padding=&#8220;25&#8243;][vc_column width=&#8220;1\/4&#8243;][vc_text_separator title=&#8220;EIGENSCHAFTEN&#8220; title_align=&#8220;separator_align_left&#8220; color=&#8220;black&#8220; style=&#8220;empty&#8220; bold=&#8220;1&#8243; font_size=&#8220;16&#8243; text_color=&#8220;#201547&#8243;][\/vc_column][vc_column width=&#8220;3\/4&#8243; css=&#8220;.vc_custom_1446212259551{margin-left: 0px !important;border-left-width: 0px !important;padding-left: 0px !important;}&#8220;][vc_row_inner][vc_column_inner width=&#8220;1\/4&#8243;][vc_single_image image=&#8220;2702&#8243; alignment=&#8220;center&#8220; style=&#8220;vc_box_outline&#8220; border_color=&#8220;black&#8220; onclick=&#8220;img_link_large&#8220;][\/vc_column_inner][vc_column_inner width=&#8220;1\/4&#8243;][vc_single_image image=&#8220;2701&#8243; alignment=&#8220;center&#8220; style=&#8220;vc_box_outline&#8220; border_color=&#8220;black&#8220; onclick=&#8220;img_link_large&#8220;][\/vc_column_inner][vc_column_inner width=&#8220;1\/4&#8243;][vc_single_image image=&#8220;2700&#8243; alignment=&#8220;center&#8220; style=&#8220;vc_box_outline&#8220; border_color=&#8220;black&#8220; onclick=&#8220;img_link_large&#8220;][\/vc_column_inner][vc_column_inner width=&#8220;1\/4&#8243;][vc_single_image image=&#8220;2699&#8243; alignment=&#8220;center&#8220; style=&#8220;vc_box_outline&#8220; border_color=&#8220;black&#8220; onclick=&#8220;img_link_large&#8220;][\/vc_column_inner][\/vc_row_inner][\/vc_column][\/vc_row][vc_row][vc_column][vc_empty_space][\/vc_column][\/vc_row][vc_row margin_bottom=&#8220;25&#8243;][vc_column width=&#8220;1\/4&#8243;][vc_text_separator title=&#8220;PROFILE &amp; ZUBEH\u00d6R&#8220; title_align=&#8220;separator_align_left&#8220; color=&#8220;black&#8220; style=&#8220;empty&#8220; bold=&#8220;1&#8243; font_size=&#8220;16&#8243; text_color=&#8220;#201547&#8243;][\/vc_column][vc_column width=&#8220;3\/4&#8243; css=&#8220;.vc_custom_1446212499168{margin-left: 0px !important;border-left-width: 0px !important;padding-left: 0px !important;}&#8220;][vc_row_inner css=&#8220;.vc_custom_1446212510359{margin-top: 0px !important;border-top-width: 0px !important;padding-top: 0px !important;}&#8220;][vc_column_inner width=&#8220;1\/3&#8243;][vc_single_image image=&#8220;2709&#8243;][vc_column_text]<strong>HIGHLIGHT PROFIL<\/strong><\/p>\n<p>HP-PROF1000. Roh.<br \/>\nHP-PROF2000. Silber Eloxiert.<\/p>\n<p>L\u00e4nge: 6,1 m\/l[\/vc_column_text][\/vc_column_inner][vc_column_inner width=&#8220;1\/3&#8243;][vc_single_image image=&#8220;2706&#8243;][vc_column_text]<strong>ABDECKUNGS PROFIL<\/strong><\/p>\n<p>HL-PC-OPAL<\/p>\n<p>L\u00e4nge\u00a06,1 m\/l[\/vc_column_text][\/vc_column_inner][vc_column_inner width=&#8220;1\/3&#8243;][vc_single_image image=&#8220;2707&#8243;][vc_column_text]<strong>ENDKAPPEN<\/strong><\/p>\n<p>HL-CAP1000.\u00a0Roh.<br \/>\nHL-CAP2000. Silber Eloxiert.[\/vc_column_text][\/vc_column_inner][\/vc_row_inner][vc_row_inner css=&#8220;.vc_custom_1446212510359{margin-top: 0px !important;border-top-width: 0px !important;padding-top: 0px !important;}&#8220;][vc_column_inner width=&#8220;1\/3&#8243;][vc_single_image image=&#8220;2708&#8243;][vc_column_text]<strong>WANDHALTERUNG<\/strong><\/p>\n<p>HL-WB1000. Roh.<br \/>\nHL-WB2000. Silber Eloxiert.[\/vc_column_text][\/vc_column_inner][vc_column_inner width=&#8220;1\/3&#8243;][vc_single_image image=&#8220;2710&#8243;][vc_column_text]<strong>SCHARNIERB\u00dcGEL<\/strong><\/p>\n<p>HL-HB1000. Roh.<br \/>\nHL-HB2000. Silber Eloxiert.[\/vc_column_text][\/vc_column_inner][vc_column_inner width=&#8220;1\/3&#8243;][vc_single_image image=&#8220;2705&#8243;][vc_column_text]<strong>ABSTANDHALTER<\/strong><\/p>\n<p>30x30x2mm Spacer<\/p>\n<p>HL-SP1000. Roh.<br \/>\nHL-CAP2000. Silber Eloxiert.<\/p>\n<p>L\u00e4nge: 3 m\/l[\/vc_column_text][\/vc_column_inner][\/vc_row_inner][\/vc_column][\/vc_row][vc_row][vc_column][vc_empty_space][\/vc_column][\/vc_row]<\/p>\n","protected":false},"excerpt":{"rendered":"<p>[vc_row equal_height=&#8220;yes&#8220; full_width=&#8220;1&#8243; bg_color=&#8220;#cecdc1&#8243; padding=&#8220;25&#8243;][vc_column width=&#8220;1\/4&#8243;][vc_column_text] [\/vc_column_text][\/vc_column][vc_column width=&#8220;3\/4&#8243;][vc_column_text css=&#8220;.vc_custom_1458555588043{margin-bottom: 0px !important;border-bottom-width: 0px !important;padding-bottom: 0px !important;}&#8220;] HIGHLIGHT [\/vc_column_text][\/vc_column][\/vc_row][vc_row][vc_column width=&#8220;1\/4&#8243;][\/vc_column][vc_column width=&#8220;3\/4&#8243;][vc_column_text]Highlight ist Cosigns neuestes LED-Beleuchtungsprofil, das \u2013 <a class=\"more-link\" href=\"https:\/\/cosign.be\/de\/highlight\/\">Read more &#8230;<\/a><\/p>\n","protected":false},"author":1,"featured_media":2701,"parent":0,"menu_order":0,"comment_status":"closed","ping_status":"closed","template":"","meta":{"om_disable_all_campaigns":false,"_monsterinsights_skip_tracking":false,"_monsterinsights_sitenote_active":false,"_monsterinsights_sitenote_note":"","_monsterinsights_sitenote_category":0,"_uf_show_specific_survey":0,"_uf_disable_surveys":false,"footnotes":""},"categories":[],"tags":[],"class_list":["post-3444","page","type-page","status-publish","has-post-thumbnail","hentry"],"aioseo_notices":[],"_links":{"self":[{"href":"https:\/\/cosign.be\/de\/wp-json\/wp\/v2\/pages\/3444","targetHints":{"allow":["GET"]}}],"collection":[{"href":"https:\/\/cosign.be\/de\/wp-json\/wp\/v2\/pages"}],"about":[{"href":"https:\/\/cosign.be\/de\/wp-json\/wp\/v2\/types\/page"}],"author":[{"embeddable":true,"href":"https:\/\/cosign.be\/de\/wp-json\/wp\/v2\/users\/1"}],"replies":[{"embeddable":true,"href":"https:\/\/cosign.be\/de\/wp-json\/wp\/v2\/comments?post=3444"}],"version-history":[{"count":2,"href":"https:\/\/cosign.be\/de\/wp-json\/wp\/v2\/pages\/3444\/revisions"}],"predecessor-version":[{"id":7876,"href":"https:\/\/cosign.be\/de\/wp-json\/wp\/v2\/pages\/3444\/revisions\/7876"}],"wp:featuredmedia":[{"embeddable":true,"href":"https:\/\/cosign.be\/de\/wp-json\/wp\/v2\/media\/2701"}],"wp:attachment":[{"href":"https:\/\/cosign.be\/de\/wp-json\/wp\/v2\/media?parent=3444"}],"wp:term":[{"taxonomy":"category","embeddable":true,"href":"https:\/\/cosign.be\/de\/wp-json\/wp\/v2\/categories?post=3444"},{"taxonomy":"post_tag","embeddable":true,"href":"https:\/\/cosign.be\/de\/wp-json\/wp\/v2\/tags?post=3444"}],"curies":[{"name":"wp","href":"https:\/\/api.w.org\/{rel}","templated":true}]}}