{"id":3517,"date":"2016-07-18T11:05:40","date_gmt":"2016-07-18T11:05:40","guid":{"rendered":"https:\/\/cosign.be\/de\/?page_id=3517"},"modified":"2016-07-18T11:05:40","modified_gmt":"2016-07-18T11:05:40","slug":"poster-snap","status":"publish","type":"page","link":"https:\/\/cosign.be\/de\/poster-snap\/","title":{"rendered":"POSTER SNAP"},"content":{"rendered":"<p>[vc_row equal_height=&#8220;yes&#8220; full_width=&#8220;1&#8243; bg_color=&#8220;#cecdc1&#8243; padding=&#8220;25&#8243;][vc_column width=&#8220;1\/4&#8243;][vc_column_text]<\/p>\n<pre><code><div class=\"addtoany_shortcode\"><div class=\"a2a_kit a2a_kit_size_24 addtoany_list\" data-a2a-url=\"https:\/\/cosign.be\/de\/poster-snap\/\" data-a2a-title=\"POSTER SNAP\"><a class=\"a2a_button_facebook\" href=\"https:\/\/www.addtoany.com\/add_to\/facebook?linkurl=https%3A%2F%2Fcosign.be%2Fde%2Fposter-snap%2F&amp;linkname=POSTER%20SNAP\" title=\"Facebook\" rel=\"nofollow noopener\" target=\"_blank\"><img loading=\"lazy\" decoding=\"async\" src=\"\/https:\/\/www.instagram.com\/cosignnv\/facebook.png\" width=\"24\" height=\"24\" alt=\"Facebook\"><\/a><a class=\"a2a_button_linkedin\" href=\"https:\/\/www.addtoany.com\/add_to\/linkedin?linkurl=https%3A%2F%2Fcosign.be%2Fde%2Fposter-snap%2F&amp;linkname=POSTER%20SNAP\" title=\"LinkedIn\" rel=\"nofollow noopener\" target=\"_blank\"><img loading=\"lazy\" decoding=\"async\" src=\"\/https:\/\/www.instagram.com\/cosignnv\/linkedin.png\" width=\"24\" height=\"24\" alt=\"LinkedIn\"><\/a><\/div><\/div><\/code><\/pre>\n<p>[\/vc_column_text][\/vc_column][vc_column width=&#8220;3\/4&#8243;][vc_column_text css=&#8220;.vc_custom_1456317995585{margin-bottom: 0px !important;border-bottom-width: 0px !important;padding-bottom: 0px !important;}&#8220;]<\/p>\n<h1><span style=\"color: #ffffff;\"><strong>POSTER SNAP<\/strong><\/span><\/h1>\n<p>[\/vc_column_text][\/vc_column][\/vc_row][vc_row][vc_column][vc_empty_space][\/vc_column][\/vc_row][vc_row][vc_column width=&#8220;1\/4&#8243;][\/vc_column][vc_column width=&#8220;1\/2&#8243;][vc_column_text]<\/p>\n<div class=\"page\" title=\"Page 4\">\n<div class=\"layoutArea\">\n<div class=\"column\">\n<p>Eine dekorative und wirtschaftliche L\u00f6sung f\u00fcr die Pr\u00e4sentation von Plakaten.<\/p>\n<p>Ein Satz des Poster Snap enth\u00e4lt das obere und untere Profil mit Endkappen. Bewegliche Aufh\u00e4nger erm\u00f6glichen eine einfache Montage<\/p>\n<p><strong>Profile:<\/strong> 25mm Silber\u00a0Eloxiert<br \/>\n<strong>Ecke:<\/strong> 45\u00b0<\/p>\n<\/div>\n<\/div>\n<\/div>\n<p>[\/vc_column_text][\/vc_column][vc_column width=&#8220;1\/4&#8243;][vc_single_image image=&#8220;498&#8243; img_size=&#8220;full&#8220;][\/vc_column][\/vc_row][vc_row full_width=&#8220;1&#8243; padding=&#8220;25&#8243;][vc_column width=&#8220;1\/4&#8243;][vc_text_separator title=&#8220;EIGENSCHAFTEN&#8220; title_align=&#8220;separator_align_left&#8220; color=&#8220;black&#8220; style=&#8220;empty&#8220; bold=&#8220;1&#8243; font_size=&#8220;16&#8243; text_color=&#8220;#201547&#8243;][\/vc_column][vc_column width=&#8220;3\/4&#8243; css=&#8220;.vc_custom_1446212259551{margin-left: 0px !important;border-left-width: 0px !important;padding-left: 0px !important;}&#8220;][vc_row_inner][vc_column_inner width=&#8220;1\/4&#8243;][vc_single_image image=&#8220;503&#8243; alignment=&#8220;center&#8220; style=&#8220;vc_box_outline&#8220; border_color=&#8220;black&#8220; onclick=&#8220;img_link_large&#8220;][\/vc_column_inner][vc_column_inner width=&#8220;1\/4&#8243;][vc_single_image image=&#8220;502&#8243; alignment=&#8220;center&#8220; style=&#8220;vc_box_outline&#8220; border_color=&#8220;black&#8220; onclick=&#8220;img_link_large&#8220;][\/vc_column_inner][vc_column_inner width=&#8220;1\/4&#8243;][vc_single_image image=&#8220;501&#8243; alignment=&#8220;center&#8220; style=&#8220;vc_box_outline&#8220; border_color=&#8220;black&#8220; onclick=&#8220;img_link_large&#8220;][\/vc_column_inner][\/vc_row_inner][\/vc_column][\/vc_row][vc_row][vc_column][vc_empty_space][\/vc_column][\/vc_row][vc_row margin_bottom=&#8220;25&#8243;][vc_column width=&#8220;1\/4&#8243;][vc_text_separator title=&#8220;STANDARD GR\u00d6SSEN&#8220; title_align=&#8220;separator_align_left&#8220; color=&#8220;black&#8220; style=&#8220;empty&#8220; bold=&#8220;1&#8243; font_size=&#8220;16&#8243; text_color=&#8220;#201547&#8243;][\/vc_column][vc_column width=&#8220;3\/4&#8243; css=&#8220;.vc_custom_1446212499168{margin-left: 0px !important;border-left-width: 0px !important;padding-left: 0px !important;}&#8220;][vc_row_inner css=&#8220;.vc_custom_1446212510359{margin-top: 0px !important;border-top-width: 0px !important;padding-top: 0px !important;}&#8220;][vc_column_inner width=&#8220;1\/4&#8243;][vc_column_text]<strong>ARTICLE<\/strong>[\/vc_column_text][vc_column_text]PS25021<br \/>\nPS25030<br \/>\nPS25042<br \/>\nPS25050<br \/>\nPS25060<br \/>\nPS25070<br \/>\nPS25085<br \/>\nPS250100<br \/>\nPS250120[\/vc_column_text][\/vc_column_inner][vc_column_inner width=&#8220;1\/4&#8243;][vc_column_text]<strong>PROFILE<\/strong>[\/vc_column_text][vc_column_text]25<br \/>\n25<br \/>\n25<br \/>\n25<br \/>\n25<br \/>\n25<br \/>\n25<br \/>\n25<br \/>\n25[\/vc_column_text][\/vc_column_inner][vc_column_inner width=&#8220;1\/4&#8243;][vc_column_text]<strong>POSTER\u00a0GR\u00d6SSE<\/strong>[\/vc_column_text][vc_column_text]DIN A4<br \/>\nDIN A4\/A3<br \/>\nDIN A3\/A2<br \/>\nDIN B2<br \/>\nDIN A2\/A1<br \/>\nDIN B2\/B1<br \/>\nDIN A1\/A0<br \/>\nDIN B1<br \/>\nDIN A0[\/vc_column_text][\/vc_column_inner][vc_column_inner width=&#8220;1\/4&#8243;][vc_column_text][\/vc_column_text][vc_column_text]210mm<br \/>\n297mm<br \/>\n420mm<br \/>\n500mm<br \/>\n600mm<br \/>\n700mm<br \/>\n850mm<br \/>\n1000mm<br \/>\n1200mm[\/vc_column_text][\/vc_column_inner][\/vc_row_inner][\/vc_column][\/vc_row][vc_row][vc_column][vc_empty_space][\/vc_column][\/vc_row][vc_row margin_bottom=&#8220;25&#8243;][vc_column width=&#8220;1\/4&#8243;][vc_text_separator title=&#8220;OPTIONEN&#8220; title_align=&#8220;separator_align_left&#8220; color=&#8220;black&#8220; style=&#8220;empty&#8220; bold=&#8220;1&#8243; font_size=&#8220;16&#8243; text_color=&#8220;#201547&#8243;][\/vc_column][vc_column width=&#8220;1\/4&#8243;][vc_column_text]Siebdruck[\/vc_column_text][\/vc_column][vc_column width=&#8220;1\/2&#8243;][vc_single_image image=&#8220;499&#8243; img_size=&#8220;full&#8220;][\/vc_column][\/vc_row]<\/p>\n","protected":false},"excerpt":{"rendered":"<p>[vc_row equal_height=&#8220;yes&#8220; full_width=&#8220;1&#8243; bg_color=&#8220;#cecdc1&#8243; padding=&#8220;25&#8243;][vc_column width=&#8220;1\/4&#8243;][vc_column_text] [\/vc_column_text][\/vc_column][vc_column width=&#8220;3\/4&#8243;][vc_column_text css=&#8220;.vc_custom_1456317995585{margin-bottom: 0px !important;border-bottom-width: 0px !important;padding-bottom: 0px !important;}&#8220;] POSTER SNAP [\/vc_column_text][\/vc_column][\/vc_row][vc_row][vc_column][vc_empty_space][\/vc_column][\/vc_row][vc_row][vc_column width=&#8220;1\/4&#8243;][\/vc_column][vc_column width=&#8220;1\/2&#8243;][vc_column_text] Eine dekorative und wirtschaftliche L\u00f6sung <a class=\"more-link\" href=\"https:\/\/cosign.be\/de\/poster-snap\/\">Read more &#8230;<\/a><\/p>\n","protected":false},"author":1,"featured_media":498,"parent":0,"menu_order":0,"comment_status":"closed","ping_status":"closed","template":"","meta":{"om_disable_all_campaigns":false,"_monsterinsights_skip_tracking":false,"_monsterinsights_sitenote_active":false,"_monsterinsights_sitenote_note":"","_monsterinsights_sitenote_category":0,"_uf_show_specific_survey":0,"_uf_disable_surveys":false,"footnotes":""},"categories":[291],"tags":[],"class_list":["post-3517","page","type-page","status-publish","has-post-thumbnail","hentry","category-andere"],"aioseo_notices":[],"_links":{"self":[{"href":"https:\/\/cosign.be\/de\/wp-json\/wp\/v2\/pages\/3517","targetHints":{"allow":["GET"]}}],"collection":[{"href":"https:\/\/cosign.be\/de\/wp-json\/wp\/v2\/pages"}],"about":[{"href":"https:\/\/cosign.be\/de\/wp-json\/wp\/v2\/types\/page"}],"author":[{"embeddable":true,"href":"https:\/\/cosign.be\/de\/wp-json\/wp\/v2\/users\/1"}],"replies":[{"embeddable":true,"href":"https:\/\/cosign.be\/de\/wp-json\/wp\/v2\/comments?post=3517"}],"version-history":[{"count":1,"href":"https:\/\/cosign.be\/de\/wp-json\/wp\/v2\/pages\/3517\/revisions"}],"predecessor-version":[{"id":3518,"href":"https:\/\/cosign.be\/de\/wp-json\/wp\/v2\/pages\/3517\/revisions\/3518"}],"wp:featuredmedia":[{"embeddable":true,"href":"https:\/\/cosign.be\/de\/wp-json\/wp\/v2\/media\/498"}],"wp:attachment":[{"href":"https:\/\/cosign.be\/de\/wp-json\/wp\/v2\/media?parent=3517"}],"wp:term":[{"taxonomy":"category","embeddable":true,"href":"https:\/\/cosign.be\/de\/wp-json\/wp\/v2\/categories?post=3517"},{"taxonomy":"post_tag","embeddable":true,"href":"https:\/\/cosign.be\/de\/wp-json\/wp\/v2\/tags?post=3517"}],"curies":[{"name":"wp","href":"https:\/\/api.w.org\/{rel}","templated":true}]}}