{"id":3557,"date":"2016-07-18T15:15:51","date_gmt":"2016-07-18T15:15:51","guid":{"rendered":"https:\/\/cosign.be\/de\/?page_id=3557"},"modified":"2016-07-18T15:15:51","modified_gmt":"2016-07-18T15:15:51","slug":"strato","status":"publish","type":"page","link":"https:\/\/cosign.be\/de\/strato\/","title":{"rendered":"Strato"},"content":{"rendered":"<p>[vc_row equal_height=&#8220;yes&#8220; full_width=&#8220;1&#8243; bg_color=&#8220;#cecdc1&#8243; padding=&#8220;25&#8243;][vc_column width=&#8220;1\/4&#8243;][vc_column_text]<\/p>\n<pre><code><div class=\"addtoany_shortcode\"><div class=\"a2a_kit a2a_kit_size_24 addtoany_list\" data-a2a-url=\"https:\/\/cosign.be\/de\/strato\/\" data-a2a-title=\"Strato\"><a class=\"a2a_button_facebook\" href=\"https:\/\/www.addtoany.com\/add_to\/facebook?linkurl=https%3A%2F%2Fcosign.be%2Fde%2Fstrato%2F&amp;linkname=Strato\" title=\"Facebook\" rel=\"nofollow noopener\" target=\"_blank\"><img loading=\"lazy\" decoding=\"async\" src=\"\/https:\/\/www.instagram.com\/cosignnv\/facebook.png\" width=\"24\" height=\"24\" alt=\"Facebook\"><\/a><a class=\"a2a_button_linkedin\" href=\"https:\/\/www.addtoany.com\/add_to\/linkedin?linkurl=https%3A%2F%2Fcosign.be%2Fde%2Fstrato%2F&amp;linkname=Strato\" title=\"LinkedIn\" rel=\"nofollow noopener\" target=\"_blank\"><img loading=\"lazy\" decoding=\"async\" src=\"\/https:\/\/www.instagram.com\/cosignnv\/linkedin.png\" width=\"24\" height=\"24\" alt=\"LinkedIn\"><\/a><\/div><\/div><\/code><\/pre>\n<p>[\/vc_column_text][\/vc_column][vc_column width=&#8220;3\/4&#8243;][vc_column_text css=&#8220;.vc_custom_1457254046024{margin-bottom: 0px !important;border-bottom-width: 0px !important;padding-bottom: 0px !important;}&#8220;]<\/p>\n<h1><span style=\"color: #ffffff;\"><strong>STRATO<\/strong><\/span><\/h1>\n<p>[\/vc_column_text][\/vc_column][\/vc_row][vc_row][vc_column width=&#8220;1\/4&#8243;][\/vc_column][vc_column width=&#8220;3\/4&#8243;][vc_column_text]STRATO ist ein flexibles, modernes Beschilderungssystem, das aus einer Reihe sanft gebogener Profile mit geraden Seiten besteht.<\/p>\n<p>In die Profile k\u00f6nnen Papiermedien (in den g\u00e4ngigsten DIN-Formaten) hinter eine nicht reflektierende Acrylabdeckung gesteckt werden. Andere Einlagen aus Kunststoff oder Metall sind selbstverst\u00e4ndlich auch m\u00f6glich, ebenso wie unmittelbares Beschriften oder Bedrucken der Profile.<\/p>\n<p>In Bezug auf die Endkappen stehen Kunststoff und Aluminium zur Auswahl. K\u00fcrzlich haben wir der Produktpalette ebenfalls Profile und Endkappen hinzugef\u00fcgt, mit denen 400 mm, 500 mm und 600 mm breite \u00dcbersichtstafeln erstellt werden k\u00f6nnen.[\/vc_column_text][\/vc_column][\/vc_row][vc_row full_width=&#8220;1&#8243; padding=&#8220;25&#8243;][vc_column width=&#8220;1\/4&#8243;][vc_text_separator title=&#8220;EIGENSCHAFTEN&#8220; title_align=&#8220;separator_align_left&#8220; color=&#8220;black&#8220; style=&#8220;empty&#8220; bold=&#8220;1&#8243; font_size=&#8220;16&#8243; text_color=&#8220;#201547&#8243;][\/vc_column][vc_column width=&#8220;3\/4&#8243; css=&#8220;.vc_custom_1446212259551{margin-left: 0px !important;border-left-width: 0px !important;padding-left: 0px !important;}&#8220;][vc_row_inner][vc_column_inner width=&#8220;1\/4&#8243;][vc_single_image image=&#8220;949&#8243; alignment=&#8220;center&#8220; style=&#8220;vc_box_outline&#8220; border_color=&#8220;black&#8220; onclick=&#8220;img_link_large&#8220;][\/vc_column_inner][vc_column_inner width=&#8220;1\/4&#8243;][vc_single_image image=&#8220;948&#8243; alignment=&#8220;center&#8220; style=&#8220;vc_box_outline&#8220; border_color=&#8220;black&#8220; onclick=&#8220;img_link_large&#8220;][\/vc_column_inner][vc_column_inner width=&#8220;1\/4&#8243;][vc_single_image image=&#8220;947&#8243; alignment=&#8220;center&#8220; style=&#8220;vc_box_outline&#8220; border_color=&#8220;black&#8220; onclick=&#8220;img_link_large&#8220;][\/vc_column_inner][vc_column_inner width=&#8220;1\/4&#8243;][vc_single_image image=&#8220;946&#8243; alignment=&#8220;center&#8220; style=&#8220;vc_box_outline&#8220; border_color=&#8220;black&#8220; onclick=&#8220;img_link_large&#8220;][\/vc_column_inner][\/vc_row_inner][\/vc_column][\/vc_row][vc_row][vc_column][vc_empty_space][\/vc_column][\/vc_row][vc_row full_width=&#8220;1&#8243; bg_color=&#8220;#cecdc1&#8243; padding=&#8220;25&#8243;][vc_column][vc_media_grid style=&#8220;pagination&#8220; items_per_page=&#8220;6&#8243; element_width=&#8220;2&#8243; gap=&#8220;20&#8243; arrows_design=&#8220;vc_arrow-icon-arrow_08_left&#8220; arrows_position=&#8220;outside&#8220; arrows_color=&#8220;black&#8220; paging_design=&#8220;none&#8220; loop=&#8220;yes&#8220; grid_id=&#8220;vc_gid:1468853717724-a64ee373-9099-3&#8243; include=&#8220;2166,2167,2168,2169,2170,2171,2172,2173&#8243; css=&#8220;.vc_custom_1458302236848{margin-top: 0px !important;margin-bottom: 0px !important;border-top-width: 0px !important;border-bottom-width: 0px !important;padding-top: 0px !important;padding-bottom: 0px !important;}&#8220;][\/vc_column][\/vc_row][vc_row][vc_column][vc_empty_space][\/vc_column][\/vc_row][vc_row margin_bottom=&#8220;25&#8243;][vc_column width=&#8220;1\/4&#8243;][vc_text_separator title=&#8220;STANDARD GR\u00d6SSEN&#8220; title_align=&#8220;separator_align_left&#8220; color=&#8220;black&#8220; style=&#8220;empty&#8220; bold=&#8220;1&#8243; font_size=&#8220;16&#8243; text_color=&#8220;#201547&#8243;][\/vc_column][vc_column width=&#8220;3\/4&#8243; css=&#8220;.vc_custom_1446212499168{margin-left: 0px !important;border-left-width: 0px !important;padding-left: 0px !important;}&#8220;][vc_row_inner css=&#8220;.vc_custom_1446212510359{margin-top: 0px !important;border-top-width: 0px !important;padding-top: 0px !important;}&#8220;][vc_column_inner width=&#8220;1\/4&#8243;][vc_column_text]<strong>WANDHALTERUNG<\/strong>[\/vc_column_text][vc_single_image image=&#8220;960&#8243;][\/vc_column_inner][vc_column_inner width=&#8220;1\/4&#8243;][vc_column_text]<strong>PRODUCT CODE<\/strong>[\/vc_column_text][vc_column_text]ST-056074-W<br \/>\nST-056105-W<br \/>\nST-056150-W<br \/>\nST-056210-W<br \/>\nST-056297-W<\/p>\n<p>ST-078105-W<br \/>\nST-078150-W<br \/>\nST-078210-W<br \/>\nST-078297-W<br \/>\nST-078420-W<\/p>\n<p>ST-109105-W<br \/>\nST-109150-W<br \/>\nST-109210-W<br \/>\nST-109297-W<br \/>\nST-109420-W<\/p>\n<p>ST-150105-W<br \/>\nST-150150-W<br \/>\nST-150210-W<br \/>\nST-150297-W<br \/>\nST-150420-W<\/p>\n<p>ST-212148-W<br \/>\nST-212210-W<br \/>\nST-212297-W<br \/>\nST-212420-W<\/p>\n<p>ST-300210-W<br \/>\nST-300420-W<br \/>\nST-300600-W[\/vc_column_text][\/vc_column_inner][vc_column_inner width=&#8220;1\/4&#8243;][vc_column_text]<strong>EINLAGE<\/strong>[\/vc_column_text][vc_column_text]150 x 150mm<br \/>\n150 x 300mm<br \/>\n150 x 600mm<br \/>\n297 x 210mm (DIN A4)<br \/>\n297 x 420mm (DIN A3)<\/p>\n<p>74 x 105mm (DIN A7)<br \/>\n74 x 150mm<br \/>\n74 x 210mm<br \/>\n74 x 297mm<br \/>\n74 x 420mm<\/p>\n<p>105 x 105mm<br \/>\n105 x 150mm (DIN A6)<br \/>\n105 x 210mm<br \/>\n105 x 297mm<br \/>\n105 x 420mm<\/p>\n<p>148 x 105mm (DIN A6)<br \/>\n148 x 150mm<br \/>\n148 x 210mm (DIN A5)<br \/>\n148 x 297mm<br \/>\n148 x 420mm<\/p>\n<p>210 x 148mm (DIN A5)<br \/>\n210 x 210mm<br \/>\n210 x 297mm<br \/>\n210 x 420mm<\/p>\n<p>297 x 210mm (DIN A4)<br \/>\n297 x 420mm (DIN A3)<br \/>\n297 x 600mm[\/vc_column_text][\/vc_column_inner][vc_column_inner width=&#8220;1\/4&#8243;][vc_column_text][\/vc_column_text][vc_column_text]56mm<br \/>\n56mm<br \/>\n56mm<br \/>\n56mm<br \/>\n56mm<\/p>\n<p>78mm<br \/>\n78mm<br \/>\n78mm<br \/>\n78mm<br \/>\n78mm<\/p>\n<p>109mm<br \/>\n109mm<br \/>\n109mm<br \/>\n109mm<br \/>\n109mm<\/p>\n<p>150mm<br \/>\n150mm<br \/>\n150mm<br \/>\n150mm<br \/>\n150mm<\/p>\n<p>212mm<br \/>\n212mm<br \/>\n212mm<br \/>\n212mm<\/p>\n<p>300mm<br \/>\n300mm<br \/>\n300mm[\/vc_column_text][\/vc_column_inner][\/vc_row_inner][vc_row_inner css=&#8220;.vc_custom_1446212510359{margin-top: 0px !important;border-top-width: 0px !important;padding-top: 0px !important;}&#8220;][vc_column_inner width=&#8220;1\/4&#8243;][vc_column_text]<strong>RECHTWINKLIGE MONTAGE<\/strong>[\/vc_column_text][vc_single_image image=&#8220;956&#8243;][\/vc_column_inner][vc_column_inner width=&#8220;1\/4&#8243;][vc_column_text]<strong>PRODUCT CODE<\/strong>[\/vc_column_text][vc_column_text]ST-109148-P<br \/>\nST-109210-P<\/p>\n<p>ST-150150-P<br \/>\nST-150210-P<br \/>\nST-150297-P<\/p>\n<p>ST-212210-P<br \/>\nST-212297-P[\/vc_column_text][\/vc_column_inner][vc_column_inner width=&#8220;1\/4&#8243;][vc_column_text]<strong>EINLAGE<\/strong>[\/vc_column_text][vc_column_text]105 x 148mm (DIN A6)<br \/>\n105 x 210mm<\/p>\n<p>148 x 150mm<br \/>\n148 x 210mm (DIN A5)<br \/>\n148 x 297mm<\/p>\n<p>210 x 210mm<br \/>\n210 x 297mm (DIN A4)[\/vc_column_text][\/vc_column_inner][vc_column_inner width=&#8220;1\/4&#8243;][vc_column_text][\/vc_column_text][vc_column_text]109mm<br \/>\n109mm<\/p>\n<p>150mm<br \/>\n150mm<br \/>\n150mm<\/p>\n<p>212mm<br \/>\n212mm[\/vc_column_text][\/vc_column_inner][\/vc_row_inner][vc_row_inner css=&#8220;.vc_custom_1446212510359{margin-top: 0px !important;border-top-width: 0px !important;padding-top: 0px !important;}&#8220;][vc_column_inner width=&#8220;1\/4&#8243;][vc_column_text]<strong>TISCHST\u00c4NDER<\/strong>[\/vc_column_text][vc_single_image image=&#8220;959&#8243;][\/vc_column_inner][vc_column_inner width=&#8220;1\/4&#8243;][vc_column_text]<strong>PRODUCT CODE<\/strong>[\/vc_column_text][vc_column_text]<\/p>\n<p>ST-078105-T<br \/>\nST-078150-T<\/p>\n<p>ST-109075-T<br \/>\nST-109148-T<br \/>\nST-109210-T<br \/>\nST-109297-T[\/vc_column_text][\/vc_column_inner][vc_column_inner width=&#8220;1\/4&#8243;][vc_column_text]<strong>EINLAGE<\/strong>[\/vc_column_text][vc_column_text]74 x 105mm (DIN A7)<br \/>\n74 x 150mm<\/p>\n<p>105 x 74mm<br \/>\n105 x 148mm (DIN A6)<br \/>\n105 x 210mm<br \/>\n105 x 297mm[\/vc_column_text][\/vc_column_inner][vc_column_inner width=&#8220;1\/4&#8243;][vc_column_text][\/vc_column_text][vc_column_text]78mm<br \/>\n78mm<\/p>\n<p>109mm<br \/>\n109mm<br \/>\n109mm<br \/>\n109mm[\/vc_column_text][\/vc_column_inner][\/vc_row_inner][vc_row_inner css=&#8220;.vc_custom_1446212510359{margin-top: 0px !important;border-top-width: 0px !important;padding-top: 0px !important;}&#8220;][vc_column_inner width=&#8220;1\/4&#8243;][vc_column_text]<strong>AUFH\u00c4NGESYSTEM<\/strong>[\/vc_column_text][vc_single_image image=&#8220;957&#8243;][\/vc_column_inner][vc_column_inner width=&#8220;1\/4&#8243;][vc_column_text]<strong>PRODUCT CODE<\/strong>[\/vc_column_text][vc_column_text]ST-109210-S<br \/>\nST-109297-S<br \/>\nST-109420-S<br \/>\nST-109600-S<\/p>\n<p>ST-150297-S<br \/>\nST-150420-S<br \/>\nST-150600-S<br \/>\nST-150840-S<\/p>\n<p>ST-212297-S<br \/>\nST-212420-S<br \/>\nST-212600-S<br \/>\nST-212840-S[\/vc_column_text][\/vc_column_inner][vc_column_inner width=&#8220;1\/4&#8243;][vc_column_text]<strong>EINLAGE<\/strong>[\/vc_column_text][vc_column_text]105 x 210mm<br \/>\n105 x 297mm<br \/>\n105 x 420mm<br \/>\n105 x 600mm<\/p>\n<p>148 x 297mm<br \/>\n148 x 420mm<br \/>\n148 x 600mm<br \/>\n148 x 840mm<\/p>\n<p>210 x 297mm<br \/>\n210 x 420mm<br \/>\n210 x 600mm<br \/>\n210 x 840mm[\/vc_column_text][\/vc_column_inner][vc_column_inner width=&#8220;1\/4&#8243;][vc_column_text][\/vc_column_text][vc_column_text]109mm<br \/>\n109mm<br \/>\n109mm<br \/>\n109mm<\/p>\n<p>150mm<br \/>\n150mm<br \/>\n150mm<br \/>\n150mm<\/p>\n<p>212mm<br \/>\n212mm<br \/>\n212mm<br \/>\n212mm[\/vc_column_text][\/vc_column_inner][\/vc_row_inner][vc_row_inner css=&#8220;.vc_custom_1446212510359{margin-top: 0px !important;border-top-width: 0px !important;padding-top: 0px !important;}&#8220;][vc_column_inner width=&#8220;1\/4&#8243;][vc_column_text]<strong>AUFH\u00c4NGESYSTEM\u00a0MULTI-LEVEL<\/strong>[\/vc_column_text][vc_single_image image=&#8220;958&#8243;][\/vc_column_inner][vc_column_inner width=&#8220;1\/4&#8243;][vc_column_text]<strong>PRODUCT CODE<\/strong>[\/vc_column_text][vc_column_text]ST-109210-SD<br \/>\nST-109297-SD<br \/>\nST-109420-SD<br \/>\nST-109600-SD<\/p>\n<p>ST-150297-SD<br \/>\nST-150420-SD<br \/>\nST-150600-SD<br \/>\nST-150840-SD<\/p>\n<p>ST-212297-SD<br \/>\nST-212420-SD<br \/>\nST-212600-SD<br \/>\nST-212840-SD<\/p>\n<p>STRATOCON-2<br \/>\nSTRATOCON-4[\/vc_column_text][\/vc_column_inner][vc_column_inner width=&#8220;1\/4&#8243;][vc_column_text]<strong>EINLAGE<\/strong>[\/vc_column_text][vc_column_text]105 x 210mm<br \/>\n105 x 297mm<br \/>\n105 x 420mm<br \/>\n105 x 600mm<\/p>\n<p>148 x 297mm<br \/>\n148 x 420mm<br \/>\n148 x 600mm<br \/>\n148 x 840mm<\/p>\n<p>210 x 297mm<br \/>\n210 x 420mm<br \/>\n210 x 600mm<br \/>\n210 x 840mm<\/p>\n<p>Connectors (2pcs)<br \/>\nConnectors (4pcs)[\/vc_column_text][\/vc_column_inner][vc_column_inner width=&#8220;1\/4&#8243;][vc_column_text][\/vc_column_text][vc_column_text]109mm<br \/>\n109mm<br \/>\n109mm<br \/>\n109mm<\/p>\n<p>150mm<br \/>\n150mm<br \/>\n150mm<br \/>\n150mm<\/p>\n<p>212mm<br \/>\n212mm<br \/>\n212mm<br \/>\n212mm[\/vc_column_text][\/vc_column_inner][\/vc_row_inner][\/vc_column][\/vc_row][vc_row][vc_column][vc_empty_space][\/vc_column][\/vc_row][vc_row margin_bottom=&#8220;25&#8243;][vc_column width=&#8220;1\/4&#8243;][vc_text_separator title=&#8220;PROFILE &amp; ZUBEH\u00d6R&#8220; title_align=&#8220;separator_align_left&#8220; color=&#8220;black&#8220; style=&#8220;empty&#8220; bold=&#8220;1&#8243; font_size=&#8220;16&#8243; text_color=&#8220;#201547&#8243;][\/vc_column][vc_column width=&#8220;3\/4&#8243; css=&#8220;.vc_custom_1446212499168{margin-left: 0px !important;border-left-width: 0px !important;padding-left: 0px !important;}&#8220;][vc_row_inner css=&#8220;.vc_custom_1446212510359{margin-top: 0px !important;border-top-width: 0px !important;padding-top: 0px !important;}&#8220;][vc_column_inner width=&#8220;1\/3&#8243;][vc_single_image image=&#8220;965&#8243;][vc_column_text]<strong>ALUMINIUM PROFILE<\/strong><\/p>\n<p>STRATO20A8 56mm<br \/>\nSTRATO20A7 78mm<br \/>\nSTRATO20A6 105mm<br \/>\nSTRATO20A5 148mm<br \/>\nSTRATO20A4 212mm<br \/>\n5m\/l[\/vc_column_text][\/vc_column_inner][vc_column_inner width=&#8220;1\/3&#8243;][vc_single_image image=&#8220;971&#8243;][vc_column_text]<strong>GR\u00d6SSE\u00a0PROFILE<\/strong><\/p>\n<p>STRATO20A3S Edge Profile<br \/>\nSTRATO20A3M Mid Profile<br \/>\n5m\/l[\/vc_column_text][\/vc_column_inner][vc_column_inner width=&#8220;1\/3&#8243;][vc_single_image image=&#8220;972&#8243;][vc_column_text]<strong>UNIVERSAL SEITEN\u00a0PROFIL<\/strong><\/p>\n<p>STRATOBS20 Universal Profile<br \/>\n5m\/l[\/vc_column_text][\/vc_column_inner][\/vc_row_inner][vc_row_inner css=&#8220;.vc_custom_1446212510359{margin-top: 0px !important;border-top-width: 0px !important;padding-top: 0px !important;}&#8220;][vc_column_inner width=&#8220;1\/3&#8243;][vc_single_image image=&#8220;979&#8243;][vc_column_text]<strong>PLASTIC\u00a0ENDKAPPEN<\/strong><\/p>\n<p>STRATOCAP3A8 for A8<br \/>\nSTRATOCAP3A7 for A7<br \/>\nSTRATOCAP3A6 for A6<br \/>\nSTRATOCAP3A5 for A5<br \/>\nSTRATOCAP3A4 for A4<br \/>\nSTRATOCAP3A3 for A3<br \/>\nAvailable in: Black, Grey[\/vc_column_text][\/vc_column_inner][vc_column_inner width=&#8220;1\/3&#8243;][vc_single_image image=&#8220;977&#8243;][vc_column_text]<strong>ALUMINIUM\u00a0ENDKAPPEN<\/strong><\/p>\n<p>STRALUCAPA8 for A8<br \/>\nSTRALUCAPA7 for A7<br \/>\nSTRALUCAPA6 for A6<br \/>\nSTRALUCAPA5 for A5<br \/>\nSTRALUCAPA4 for A4<br \/>\nSTRALUCAPA3 for A3<br \/>\n(auch wie\u00a0beidseitig verf\u00fcgbar)<br \/>\nSTRALUCAP400 for 400mm<br \/>\nSTRALUCAP500 for 500mm<br \/>\nSTRALUCAP600 for 600mm[\/vc_column_text][\/vc_column_inner][vc_column_inner width=&#8220;1\/3&#8243;][vc_single_image image=&#8220;969&#8243;][vc_column_text]<strong>TISCHST\u00c4NDER<\/strong><\/p>\n<p>STRATOTS3A7 for A7<br \/>\nSTRATOTS3A6 for A6<br \/>\nVerf\u00fcgbar in: Schwarz,\u00a0Grau[\/vc_column_text][\/vc_column_inner][\/vc_row_inner][vc_row_inner css=&#8220;.vc_custom_1446212510359{margin-top: 0px !important;border-top-width: 0px !important;padding-top: 0px !important;}&#8220;][vc_column_inner width=&#8220;1\/3&#8243;][vc_single_image image=&#8220;978&#8243;][vc_column_text]<strong>RECHTWINKLIGE B\u00dcGEL<\/strong><\/p>\n<p>STRATOBRACA6 for A6<br \/>\nSTRATOBRACA5 for A5<br \/>\nSTRATOBRACA4 for A4<br \/>\nAlle eloxiert[\/vc_column_text][\/vc_column_inner][vc_column_inner width=&#8220;1\/3&#8243;][vc_single_image image=&#8220;966&#8243;][vc_column_text]<strong>SCHRAUBEN<\/strong><\/p>\n<p>SCREW002\u00a0Grau<br \/>\nSCREW003\u00a0Schwarz[\/vc_column_text][\/vc_column_inner][vc_column_inner width=&#8220;1\/3&#8243;][vc_single_image image=&#8220;899&#8243;][vc_column_text]<strong>AUFH\u00c4NGE\u00a0CLIP<\/strong><\/p>\n<p>APC3000S[\/vc_column_text][\/vc_column_inner][\/vc_row_inner][vc_row_inner css=&#8220;.vc_custom_1446212510359{margin-top: 0px !important;border-top-width: 0px !important;padding-top: 0px !important;}&#8220;][vc_column_inner width=&#8220;1\/3&#8243;][vc_single_image image=&#8220;967&#8243;][vc_column_text]<strong>VERBINDUNGSKLEMME<\/strong><\/p>\n<p>STRATOCON3[\/vc_column_text][\/vc_column_inner][vc_column_inner width=&#8220;1\/3&#8243;][vc_single_image image=&#8220;908&#8243;][vc_column_text]<strong>AUFH\u00c4NGESET CONISCH<\/strong><\/p>\n<p>APC4101 incl 1,5m\u00a0draht[\/vc_column_text][\/vc_column_inner][vc_column_inner width=&#8220;1\/3&#8243;][vc_single_image image=&#8220;983&#8243;][vc_column_text]<strong>AUFH\u00c4NGESET GERADE<\/strong><\/p>\n<p>APC4102 incl 1,5m\u00a0draht[\/vc_column_text][\/vc_column_inner][\/vc_row_inner][vc_row_inner css=&#8220;.vc_custom_1446212510359{margin-top: 0px !important;border-top-width: 0px !important;padding-top: 0px !important;}&#8220;][vc_column_inner width=&#8220;1\/3&#8243;][vc_single_image image=&#8220;984&#8243;][vc_column_text]<strong>AUFH\u00c4NGESET\u00a0ECO<\/strong><\/p>\n<p>APC4103 incl 1,5m\u00a0draht[\/vc_column_text][\/vc_column_inner][vc_column_inner width=&#8220;2\/3&#8243;][vc_single_image image=&#8220;980&#8243;][vc_column_text]<strong>ANTI-REFLEX PET STRIPS<\/strong><\/p>\n<p>STRATOSTRIPA8 1250 x 52,5 x 0,6mm<br \/>\nSTRATOSTRIPA7 1250 x 74 x 0,6mm<br \/>\nSTRATOSTRIPA6 1250 x 106 x 0,6mm<br \/>\nSTRATOSTRIPA5 1250 x 147,5 x 0,6mm<br \/>\nSTRATOSTRIPA4 1250 x 209,5 x 1mm<br \/>\nSTRATOSTRIPA3 1250 x 297 x 1mm[\/vc_column_text][\/vc_column_inner][\/vc_row_inner][\/vc_column][\/vc_row][vc_row][vc_column][vc_empty_space][\/vc_column][\/vc_row]<\/p>\n","protected":false},"excerpt":{"rendered":"<p>[vc_row equal_height=&#8220;yes&#8220; full_width=&#8220;1&#8243; bg_color=&#8220;#cecdc1&#8243; padding=&#8220;25&#8243;][vc_column width=&#8220;1\/4&#8243;][vc_column_text] [\/vc_column_text][\/vc_column][vc_column width=&#8220;3\/4&#8243;][vc_column_text css=&#8220;.vc_custom_1457254046024{margin-bottom: 0px !important;border-bottom-width: 0px !important;padding-bottom: 0px !important;}&#8220;] STRATO [\/vc_column_text][\/vc_column][\/vc_row][vc_row][vc_column width=&#8220;1\/4&#8243;][\/vc_column][vc_column width=&#8220;3\/4&#8243;][vc_column_text]STRATO ist ein flexibles, modernes Beschilderungssystem, das <a class=\"more-link\" href=\"https:\/\/cosign.be\/de\/strato\/\">Read more &#8230;<\/a><\/p>\n","protected":false},"author":1,"featured_media":949,"parent":0,"menu_order":0,"comment_status":"closed","ping_status":"closed","template":"","meta":{"om_disable_all_campaigns":false,"_monsterinsights_skip_tracking":false,"_monsterinsights_sitenote_active":false,"_monsterinsights_sitenote_note":"","_monsterinsights_sitenote_category":0,"_uf_show_specific_survey":0,"_uf_disable_surveys":false,"footnotes":""},"categories":[287],"tags":[],"class_list":["post-3557","page","type-page","status-publish","has-post-thumbnail","hentry","category-flexible"],"aioseo_notices":[],"_links":{"self":[{"href":"https:\/\/cosign.be\/de\/wp-json\/wp\/v2\/pages\/3557","targetHints":{"allow":["GET"]}}],"collection":[{"href":"https:\/\/cosign.be\/de\/wp-json\/wp\/v2\/pages"}],"about":[{"href":"https:\/\/cosign.be\/de\/wp-json\/wp\/v2\/types\/page"}],"author":[{"embeddable":true,"href":"https:\/\/cosign.be\/de\/wp-json\/wp\/v2\/users\/1"}],"replies":[{"embeddable":true,"href":"https:\/\/cosign.be\/de\/wp-json\/wp\/v2\/comments?post=3557"}],"version-history":[{"count":1,"href":"https:\/\/cosign.be\/de\/wp-json\/wp\/v2\/pages\/3557\/revisions"}],"predecessor-version":[{"id":3558,"href":"https:\/\/cosign.be\/de\/wp-json\/wp\/v2\/pages\/3557\/revisions\/3558"}],"wp:featuredmedia":[{"embeddable":true,"href":"https:\/\/cosign.be\/de\/wp-json\/wp\/v2\/media\/949"}],"wp:attachment":[{"href":"https:\/\/cosign.be\/de\/wp-json\/wp\/v2\/media?parent=3557"}],"wp:term":[{"taxonomy":"category","embeddable":true,"href":"https:\/\/cosign.be\/de\/wp-json\/wp\/v2\/categories?post=3557"},{"taxonomy":"post_tag","embeddable":true,"href":"https:\/\/cosign.be\/de\/wp-json\/wp\/v2\/tags?post=3557"}],"curies":[{"name":"wp","href":"https:\/\/api.w.org\/{rel}","templated":true}]}}