{"id":3567,"date":"2016-07-19T14:52:09","date_gmt":"2016-07-19T14:52:09","guid":{"rendered":"https:\/\/cosign.be\/de\/?page_id=3567"},"modified":"2016-07-19T14:52:09","modified_gmt":"2016-07-19T14:52:09","slug":"sword-el","status":"publish","type":"page","link":"https:\/\/cosign.be\/de\/sword-el\/","title":{"rendered":"Sword EL"},"content":{"rendered":"<p>[vc_row equal_height=&#8220;yes&#8220; full_width=&#8220;1&#8243; bg_color=&#8220;#cecdc1&#8243; padding=&#8220;25&#8243;][vc_column width=&#8220;1\/4&#8243;][vc_column_text]<\/p>\n<pre><code><div class=\"addtoany_shortcode\"><div class=\"a2a_kit a2a_kit_size_24 addtoany_list\" data-a2a-url=\"https:\/\/cosign.be\/de\/sword-el\/\" data-a2a-title=\"Sword EL\"><a class=\"a2a_button_facebook\" href=\"https:\/\/www.addtoany.com\/add_to\/facebook?linkurl=https%3A%2F%2Fcosign.be%2Fde%2Fsword-el%2F&amp;linkname=Sword%20EL\" title=\"Facebook\" rel=\"nofollow noopener\" target=\"_blank\"><img loading=\"lazy\" decoding=\"async\" src=\"\/https:\/\/www.instagram.com\/cosignnv\/facebook.png\" width=\"24\" height=\"24\" alt=\"Facebook\"><\/a><a class=\"a2a_button_linkedin\" href=\"https:\/\/www.addtoany.com\/add_to\/linkedin?linkurl=https%3A%2F%2Fcosign.be%2Fde%2Fsword-el%2F&amp;linkname=Sword%20EL\" title=\"LinkedIn\" rel=\"nofollow noopener\" target=\"_blank\"><img loading=\"lazy\" decoding=\"async\" src=\"\/https:\/\/www.instagram.com\/cosignnv\/linkedin.png\" width=\"24\" height=\"24\" alt=\"LinkedIn\"><\/a><\/div><\/div><\/code><\/pre>\n<p>[\/vc_column_text][\/vc_column][vc_column width=&#8220;3\/4&#8243;][vc_column_text css=&#8220;.vc_custom_1459503959534{margin-bottom: 0px !important;border-bottom-width: 0px !important;padding-bottom: 0px !important;}&#8220;]<\/p>\n<h1><span style=\"color: #ffffff;\"><strong>SWORD EL\/ELS<\/strong><\/span><\/h1>\n<p>[\/vc_column_text][\/vc_column][\/vc_row][vc_row][vc_column width=&#8220;1\/4&#8243;][\/vc_column][vc_column width=&#8220;3\/4&#8243;][vc_column_text]<strong>DAS VERTIKALE SCHNEIDESYSTEM IM EINSTIEGSSEGMENT<\/strong><\/p>\n<p>Sword EL ist ein elektrisches, vertikales Schneidesystem, das f\u00fcr die wahren Bed\u00fcrfnisse und Anforderungen kleiner und mittelgro\u00dfer Beschilderungshersteller, Ausstatter und Verk\u00e4ufer, der Industrie und anderer Unternehmen mit hohem Schneideaufkommen entworfen wurde. Das System ist in den Gr\u00f6\u00dfen 210, 250 und 310 erh\u00e4ltlich und ideal f\u00fcr ein breites Spektrum Standarddrucktr\u00e4ger sowie kundenspezifischer, grafischer und industrieller Drucktr\u00e4ger geeignet.<\/p>\n<p><strong>HAUPTMERKMALE<\/strong><\/p>\n<p>Elektromotor mit hoher Leistung und Pr\u00e4zision. Einstellbare Schnittgeschwindigkeit mit Potenziometer. Die konstante, durch das motorisierte System erzielte Kraft gew\u00e4hrleistet eine sehr hohe Schnittpr\u00e4zision. Fu\u00dfschalter zum Starten.<\/p>\n<p>Mit seinem robusten Geh\u00e4use und Aufbau verf\u00fcgt das System Sword EL \u00fcber einen hochpr\u00e4zisen Hochleistungsmotor mit Potenziometer, mit dem der Bediener die Geschwindigkeit leicht regeln kann. Die motorisierte Bewegung erm\u00f6glicht einen stabilen auf die Schneidebahn angelegten Druck, der eine gro\u00dfe Pr\u00e4zision und geringere Klingenabnutzung erzielt.<\/p>\n<ul>\n<li>FESTE KLINGE 01: Dicke von 1 bis 30 mm, Materialien: Pappe \/ Schaum Kmount \/ Schaum Gato \/ schwammartige Medien \/ gesch\u00e4umtes Polyurethan \/ Kunststoff ab 0,5 mm \/ Folien \/ Kurstoff alveolar \/ Re-Board<\/li>\n<li>FESTE KLINGE 02: Dicke von 1 bis 10 mm, Materialien: Leder \/ Forex \/ Kunststoff ab 0,5 mm Schnitt in zwei Schritten: von unten nach oben und umgekehrt<\/li>\n<li>KLINGE 03 (OPTIONAL): Klinge f\u00fcr Dibond von 1 bis 4 mm, Klinge V-Schnitt von 5 bis 30 mm, Klinge f\u00fcr GlassCut bis zu 3 mm, Klinge f\u00fcr PlexCut von 1 bis 3 mm, Materialien: Re-Board \/ schwammartige Medien \/ gesch\u00e4umtes Polyurethan<\/li>\n<\/ul>\n<p>[\/vc_column_text][\/vc_column][\/vc_row][vc_row full_width=&#8220;1&#8243; padding=&#8220;25&#8243;][vc_column width=&#8220;1\/4&#8243;][\/vc_column][vc_column width=&#8220;3\/4&#8243; css=&#8220;.vc_custom_1446212259551{margin-left: 0px !important;border-left-width: 0px !important;padding-left: 0px !important;}&#8220;][vc_row_inner][vc_column_inner width=&#8220;1\/4&#8243;][vc_single_image image=&#8220;2691&#8243; alignment=&#8220;center&#8220; style=&#8220;vc_box_outline&#8220; border_color=&#8220;black&#8220; onclick=&#8220;img_link_large&#8220;][\/vc_column_inner][vc_column_inner width=&#8220;1\/4&#8243;][vc_single_image image=&#8220;2690&#8243; alignment=&#8220;center&#8220; style=&#8220;vc_box_outline&#8220; border_color=&#8220;black&#8220; onclick=&#8220;img_link_large&#8220;][\/vc_column_inner][vc_column_inner width=&#8220;1\/4&#8243;][vc_single_image image=&#8220;2689&#8243; alignment=&#8220;center&#8220; style=&#8220;vc_box_outline&#8220; border_color=&#8220;black&#8220; onclick=&#8220;img_link_large&#8220;][\/vc_column_inner][vc_column_inner width=&#8220;1\/4&#8243;][vc_single_image image=&#8220;2688&#8243; alignment=&#8220;center&#8220; style=&#8220;vc_box_outline&#8220; border_color=&#8220;black&#8220; onclick=&#8220;img_link_large&#8220;][\/vc_column_inner][\/vc_row_inner][\/vc_column][\/vc_row][vc_row][vc_column][vc_empty_space][\/vc_column][\/vc_row][vc_row margin_bottom=&#8220;25&#8243;][vc_column width=&#8220;1\/4&#8243;][vc_text_separator title=&#8220;STANDARD MODELE&#8220; title_align=&#8220;separator_align_left&#8220; color=&#8220;black&#8220; style=&#8220;empty&#8220; bold=&#8220;1&#8243; font_size=&#8220;16&#8243; text_color=&#8220;#201547&#8243;][\/vc_column][vc_column width=&#8220;3\/4&#8243; css=&#8220;.vc_custom_1446212499168{margin-left: 0px !important;border-left-width: 0px !important;padding-left: 0px !important;}&#8220;][vc_row_inner css=&#8220;.vc_custom_1446212510359{margin-top: 0px !important;border-top-width: 0px !important;padding-top: 0px !important;}&#8220;][vc_column_inner width=&#8220;1\/3&#8243;][vc_column_text]<strong>PRODUCT CODE<\/strong>[\/vc_column_text][vc_column_text]SWORDEL210<br \/>\nSWORDEL250<br \/>\nSWORDEL310<\/p>\n<p>SWORDELS210<br \/>\nSWORDELS250<br \/>\nSWORDELS310[\/vc_column_text][\/vc_column_inner][vc_column_inner width=&#8220;2\/3&#8243;][vc_column_text]<strong>DESCRIPTION<\/strong>[\/vc_column_text][vc_column_text]Sword EL\u00a02100mm.\u00a0Electric, multi-tool vertical cutter.<br \/>\nSword EL\u00a02500mm. Electric, multi-tool vertical cutter.<br \/>\nSword EL 3100mm. Electric, multi-tool vertical cutter.<\/p>\n<p>Sword ELs 2100mm.\u00a0Electric, multi-tool vertical cutter with spindle.<br \/>\nSword ELs 2500mm.\u00a0Electric, multi-tool vertical cutter\u00a0with spindle.<br \/>\nSword ELs 3100mm.\u00a0Electric, multi-tool vertical cutter\u00a0with spindle.[\/vc_column_text][\/vc_column_inner][\/vc_row_inner][\/vc_column][\/vc_row][vc_row][vc_column][vc_empty_space][\/vc_column][\/vc_row][vc_row margin_bottom=&#8220;25&#8243;][vc_column width=&#8220;1\/4&#8243;][vc_text_separator title=&#8220;VIDEO&#8220; title_align=&#8220;separator_align_left&#8220; color=&#8220;black&#8220; style=&#8220;empty&#8220; bold=&#8220;1&#8243; font_size=&#8220;16&#8243; text_color=&#8220;#201547&#8243;][\/vc_column][vc_column width=&#8220;3\/4&#8243; css=&#8220;.vc_custom_1446212499168{margin-left: 0px !important;border-left-width: 0px !important;padding-left: 0px !important;}&#8220;][vc_row_inner css=&#8220;.vc_custom_1446212510359{margin-top: 0px !important;border-top-width: 0px !important;padding-top: 0px !important;}&#8220;][vc_column_inner][vc_video link=&#8220;https:\/\/youtu.be\/t4l8b468QqI&#8220;][\/vc_column_inner][\/vc_row_inner][\/vc_column][\/vc_row][vc_row][vc_column][vc_empty_space][\/vc_column][\/vc_row]<\/p>\n","protected":false},"excerpt":{"rendered":"<p>[vc_row equal_height=&#8220;yes&#8220; full_width=&#8220;1&#8243; bg_color=&#8220;#cecdc1&#8243; padding=&#8220;25&#8243;][vc_column width=&#8220;1\/4&#8243;][vc_column_text] [\/vc_column_text][\/vc_column][vc_column width=&#8220;3\/4&#8243;][vc_column_text css=&#8220;.vc_custom_1459503959534{margin-bottom: 0px !important;border-bottom-width: 0px !important;padding-bottom: 0px !important;}&#8220;] SWORD EL\/ELS [\/vc_column_text][\/vc_column][\/vc_row][vc_row][vc_column width=&#8220;1\/4&#8243;][\/vc_column][vc_column width=&#8220;3\/4&#8243;][vc_column_text]DAS VERTIKALE SCHNEIDESYSTEM IM EINSTIEGSSEGMENT Sword <a class=\"more-link\" href=\"https:\/\/cosign.be\/de\/sword-el\/\">Read more &#8230;<\/a><\/p>\n","protected":false},"author":1,"featured_media":2691,"parent":0,"menu_order":0,"comment_status":"closed","ping_status":"closed","template":"","meta":{"om_disable_all_campaigns":false,"_monsterinsights_skip_tracking":false,"_monsterinsights_sitenote_active":false,"_monsterinsights_sitenote_note":"","_monsterinsights_sitenote_category":0,"_uf_show_specific_survey":0,"_uf_disable_surveys":false,"footnotes":""},"categories":[],"tags":[],"class_list":["post-3567","page","type-page","status-publish","has-post-thumbnail","hentry"],"aioseo_notices":[],"_links":{"self":[{"href":"https:\/\/cosign.be\/de\/wp-json\/wp\/v2\/pages\/3567","targetHints":{"allow":["GET"]}}],"collection":[{"href":"https:\/\/cosign.be\/de\/wp-json\/wp\/v2\/pages"}],"about":[{"href":"https:\/\/cosign.be\/de\/wp-json\/wp\/v2\/types\/page"}],"author":[{"embeddable":true,"href":"https:\/\/cosign.be\/de\/wp-json\/wp\/v2\/users\/1"}],"replies":[{"embeddable":true,"href":"https:\/\/cosign.be\/de\/wp-json\/wp\/v2\/comments?post=3567"}],"version-history":[{"count":1,"href":"https:\/\/cosign.be\/de\/wp-json\/wp\/v2\/pages\/3567\/revisions"}],"predecessor-version":[{"id":3568,"href":"https:\/\/cosign.be\/de\/wp-json\/wp\/v2\/pages\/3567\/revisions\/3568"}],"wp:featuredmedia":[{"embeddable":true,"href":"https:\/\/cosign.be\/de\/wp-json\/wp\/v2\/media\/2691"}],"wp:attachment":[{"href":"https:\/\/cosign.be\/de\/wp-json\/wp\/v2\/media?parent=3567"}],"wp:term":[{"taxonomy":"category","embeddable":true,"href":"https:\/\/cosign.be\/de\/wp-json\/wp\/v2\/categories?post=3567"},{"taxonomy":"post_tag","embeddable":true,"href":"https:\/\/cosign.be\/de\/wp-json\/wp\/v2\/tags?post=3567"}],"curies":[{"name":"wp","href":"https:\/\/api.w.org\/{rel}","templated":true}]}}