{"id":3589,"date":"2016-07-20T13:22:02","date_gmt":"2016-07-20T13:22:02","guid":{"rendered":"https:\/\/cosign.be\/de\/?page_id=3589"},"modified":"2016-07-20T13:22:02","modified_gmt":"2016-07-20T13:22:02","slug":"vl-plus-2","status":"publish","type":"page","link":"https:\/\/cosign.be\/de\/vl-plus-2\/","title":{"rendered":"VL Plus 2"},"content":{"rendered":"<p>[vc_row equal_height=&#8220;yes&#8220; full_width=&#8220;1&#8243; bg_color=&#8220;#cecdc1&#8243; padding=&#8220;25&#8243;][vc_column width=&#8220;1\/4&#8243;][vc_column_text]<\/p>\n<pre><code><div class=\"addtoany_shortcode\"><div class=\"a2a_kit a2a_kit_size_24 addtoany_list\" data-a2a-url=\"https:\/\/cosign.be\/de\/vl-plus-2\/\" data-a2a-title=\"VL Plus 2\"><a class=\"a2a_button_facebook\" href=\"https:\/\/www.addtoany.com\/add_to\/facebook?linkurl=https%3A%2F%2Fcosign.be%2Fde%2Fvl-plus-2%2F&amp;linkname=VL%20Plus%202\" title=\"Facebook\" rel=\"nofollow noopener\" target=\"_blank\"><img loading=\"lazy\" decoding=\"async\" src=\"\/https:\/\/www.instagram.com\/cosignnv\/facebook.png\" width=\"24\" height=\"24\" alt=\"Facebook\"><\/a><a class=\"a2a_button_linkedin\" href=\"https:\/\/www.addtoany.com\/add_to\/linkedin?linkurl=https%3A%2F%2Fcosign.be%2Fde%2Fvl-plus-2%2F&amp;linkname=VL%20Plus%202\" title=\"LinkedIn\" rel=\"nofollow noopener\" target=\"_blank\"><img loading=\"lazy\" decoding=\"async\" src=\"\/https:\/\/www.instagram.com\/cosignnv\/linkedin.png\" width=\"24\" height=\"24\" alt=\"LinkedIn\"><\/a><\/div><\/div><\/code><\/pre>\n<p>[\/vc_column_text][\/vc_column][vc_column width=&#8220;3\/4&#8243;][vc_column_text css=&#8220;.vc_custom_1459611880465{margin-bottom: 0px !important;border-bottom-width: 0px !important;padding-bottom: 0px !important;}&#8220;]<\/p>\n<h1><span style=\"color: #ffffff;\"><strong>VL PLUS 2<\/strong><\/span><\/h1>\n<p>[\/vc_column_text][\/vc_column][\/vc_row][vc_row][vc_column width=&#8220;1\/4&#8243;][\/vc_column][vc_column width=&#8220;3\/4&#8243;][vc_column_text]<strong>L\u00f6sungen f\u00fcr Profilbuchstaben<\/strong><\/p>\n<div class=\"page\" title=\"Page 5\">\n<div class=\"section\">\n<div class=\"layoutArea\">\n<div class=\"column\">\n<ul>\n<li>VL Plus 2 ist 25 % heller als VL Plus<\/li>\n<li>NEU VL Plus 2 HB Short 28 % heller als VL Plus 2 Short<\/li>\n<li>Short in 5 verschiedenen Wei\u00df-T\u00f6nen erh\u00e4ltlich<\/li>\n<li>Konstantstrom-Technologie<\/li>\n<li>UL und cUL anerkannt, CE, CSA zertifiziert<\/li>\n<li>RoHS- und REACH-konform<\/li>\n<\/ul>\n<\/div>\n<\/div>\n<\/div>\n<\/div>\n<p>[\/vc_column_text][\/vc_column][\/vc_row][vc_row full_width=&#8220;1&#8243; padding=&#8220;25&#8243;][vc_column width=&#8220;1\/4&#8243;][\/vc_column][vc_column width=&#8220;3\/4&#8243; css=&#8220;.vc_custom_1446212259551{margin-left: 0px !important;border-left-width: 0px !important;padding-left: 0px !important;}&#8220;][vc_row_inner][vc_column_inner width=&#8220;1\/4&#8243;][vc_single_image image=&#8220;2807&#8243; alignment=&#8220;center&#8220; style=&#8220;vc_box_outline&#8220; border_color=&#8220;black&#8220; onclick=&#8220;img_link_large&#8220;][\/vc_column_inner][vc_column_inner width=&#8220;1\/4&#8243;][vc_single_image image=&#8220;2806&#8243; alignment=&#8220;center&#8220; style=&#8220;vc_box_outline&#8220; border_color=&#8220;black&#8220; onclick=&#8220;img_link_large&#8220;][\/vc_column_inner][vc_column_inner width=&#8220;1\/4&#8243;][\/vc_column_inner][vc_column_inner width=&#8220;1\/4&#8243;][\/vc_column_inner][\/vc_row_inner][\/vc_column][\/vc_row][vc_row][vc_column][vc_empty_space][\/vc_column][\/vc_row][vc_row full_width=&#8220;1&#8243; bg_color=&#8220;#cecdc1&#8243; padding=&#8220;25&#8243;][vc_column css=&#8220;.vc_custom_1446212259551{margin-left: 0px !important;border-left-width: 0px !important;padding-left: 0px !important;}&#8220;][vc_media_grid style=&#8220;pagination&#8220; items_per_page=&#8220;6&#8243; element_width=&#8220;2&#8243; gap=&#8220;20&#8243; arrows_design=&#8220;vc_arrow-icon-arrow_08_left&#8220; arrows_position=&#8220;outside&#8220; arrows_color=&#8220;black&#8220; paging_design=&#8220;none&#8220; loop=&#8220;yes&#8220; grid_id=&#8220;vc_gid:1469020758759-7d14e3c4-87f9-8&#8243; include=&#8220;2802,2801,2800,2799,2798,2797,2796,2795,2794,2793,2792,2791,2790,2789,2788,2787&#8243; css=&#8220;.vc_custom_1459692648644{margin-top: 0px !important;margin-bottom: 0px !important;border-top-width: 0px !important;border-bottom-width: 0px !important;padding-top: 0px !important;padding-bottom: 0px !important;}&#8220;][\/vc_column][\/vc_row][vc_row][vc_column][vc_empty_space][\/vc_column][\/vc_row][vc_row margin_bottom=&#8220;25&#8243;][vc_column width=&#8220;1\/4&#8243;][vc_text_separator title=&#8220;STANDARD PRODUKTE&#8220; title_align=&#8220;separator_align_left&#8220; color=&#8220;black&#8220; style=&#8220;empty&#8220; bold=&#8220;1&#8243; font_size=&#8220;16&#8243; text_color=&#8220;#201547&#8243;][\/vc_column][vc_column width=&#8220;3\/4&#8243; css=&#8220;.vc_custom_1446212499168{margin-left: 0px !important;border-left-width: 0px !important;padding-left: 0px !important;}&#8220;][vc_row_inner css=&#8220;.vc_custom_1446212510359{margin-top: 0px !important;border-top-width: 0px !important;padding-top: 0px !important;}&#8220;][vc_column_inner width=&#8220;1\/4&#8243;][vc_column_text]<strong>WEISSE\u00a0MODULE<\/strong>[\/vc_column_text][vc_single_image image=&#8220;2811&#8243;][\/vc_column_inner][vc_column_inner width=&#8220;1\/4&#8243;][vc_column_text]<strong>PRODUCT CODE<\/strong>[\/vc_column_text][vc_column_text]701269-6WLA2-MB<br \/>\n701269-7WSA1-MB<br \/>\n701269-WVLS-MB<br \/>\n701269-5WSA1-MB<br \/>\n701269-4WSA1-MB<br \/>\n701269-3WSA1-MB<br \/>\n701269-WVLM-MB[\/vc_column_text][\/vc_column_inner][vc_column_inner width=&#8220;1\/4&#8243;][vc_column_text]<strong>BESCHREIBUNG<\/strong>[\/vc_column_text][vc_column_text]VL Plus 2 White Long (6500K)<br \/>\nVL Plus 2 White Short (7200K)<br \/>\nVL Plus 2 White Short (6500K)<br \/>\nVL Plus 2 White Short (5000K)<br \/>\nVL Plus 2 White Short (4000K)<br \/>\nVL Plus 2 White Short (3000K)<br \/>\nVL Plus 2 White Mini\u00a0(6500K)[\/vc_column_text][\/vc_column_inner][vc_column_inner width=&#8220;1\/4&#8243;][\/vc_column_inner][\/vc_row_inner][vc_row_inner css=&#8220;.vc_custom_1446212510359{margin-top: 0px !important;border-top-width: 0px !important;padding-top: 0px !important;}&#8220;][vc_column_inner width=&#8220;1\/4&#8243;][vc_column_text]<strong>FARBIGE\u00a0MODULE<\/strong>[\/vc_column_text][vc_single_image image=&#8220;2810&#8243;][\/vc_column_inner][vc_column_inner width=&#8220;1\/4&#8243;][vc_column_text]<strong>PRODUCT CODE<\/strong>[\/vc_column_text][vc_column_text]701269-RVLL-MB<br \/>\n701269-RVLS-MB<br \/>\n701269-ORSA1-MB<br \/>\n701269-YLSA1-MB<br \/>\n701269-GRSA1-MB<br \/>\n701269-BLSA1-MB[\/vc_column_text][\/vc_column_inner][vc_column_inner width=&#8220;1\/4&#8243;][vc_column_text]<strong>BESCHREIBUNG<\/strong>[\/vc_column_text][vc_column_text]VL Plus Red Long<br \/>\nVL Plus Red Short<br \/>\nVL Plus Orange Short<br \/>\nVL Plus Yellow Short<br \/>\nVL Plus Green Short<br \/>\nVL Blue Short[\/vc_column_text][\/vc_column_inner][vc_column_inner width=&#8220;1\/4&#8243;][\/vc_column_inner][\/vc_row_inner][\/vc_column][\/vc_row][vc_row][vc_column][vc_empty_space][\/vc_column][\/vc_row]<\/p>\n","protected":false},"excerpt":{"rendered":"<p>[vc_row equal_height=&#8220;yes&#8220; full_width=&#8220;1&#8243; bg_color=&#8220;#cecdc1&#8243; padding=&#8220;25&#8243;][vc_column width=&#8220;1\/4&#8243;][vc_column_text] [\/vc_column_text][\/vc_column][vc_column width=&#8220;3\/4&#8243;][vc_column_text css=&#8220;.vc_custom_1459611880465{margin-bottom: 0px !important;border-bottom-width: 0px !important;padding-bottom: 0px !important;}&#8220;] VL PLUS 2 [\/vc_column_text][\/vc_column][\/vc_row][vc_row][vc_column width=&#8220;1\/4&#8243;][\/vc_column][vc_column width=&#8220;3\/4&#8243;][vc_column_text]L\u00f6sungen f\u00fcr Profilbuchstaben VL Plus <a class=\"more-link\" href=\"https:\/\/cosign.be\/de\/vl-plus-2\/\">Read more &#8230;<\/a><\/p>\n","protected":false},"author":1,"featured_media":2807,"parent":0,"menu_order":0,"comment_status":"closed","ping_status":"closed","template":"","meta":{"om_disable_all_campaigns":false,"_monsterinsights_skip_tracking":false,"_monsterinsights_sitenote_active":false,"_monsterinsights_sitenote_note":"","_monsterinsights_sitenote_category":0,"_uf_show_specific_survey":0,"_uf_disable_surveys":false,"footnotes":""},"categories":[],"tags":[],"class_list":["post-3589","page","type-page","status-publish","has-post-thumbnail","hentry"],"aioseo_notices":[],"_links":{"self":[{"href":"https:\/\/cosign.be\/de\/wp-json\/wp\/v2\/pages\/3589","targetHints":{"allow":["GET"]}}],"collection":[{"href":"https:\/\/cosign.be\/de\/wp-json\/wp\/v2\/pages"}],"about":[{"href":"https:\/\/cosign.be\/de\/wp-json\/wp\/v2\/types\/page"}],"author":[{"embeddable":true,"href":"https:\/\/cosign.be\/de\/wp-json\/wp\/v2\/users\/1"}],"replies":[{"embeddable":true,"href":"https:\/\/cosign.be\/de\/wp-json\/wp\/v2\/comments?post=3589"}],"version-history":[{"count":1,"href":"https:\/\/cosign.be\/de\/wp-json\/wp\/v2\/pages\/3589\/revisions"}],"predecessor-version":[{"id":3590,"href":"https:\/\/cosign.be\/de\/wp-json\/wp\/v2\/pages\/3589\/revisions\/3590"}],"wp:featuredmedia":[{"embeddable":true,"href":"https:\/\/cosign.be\/de\/wp-json\/wp\/v2\/media\/2807"}],"wp:attachment":[{"href":"https:\/\/cosign.be\/de\/wp-json\/wp\/v2\/media?parent=3589"}],"wp:term":[{"taxonomy":"category","embeddable":true,"href":"https:\/\/cosign.be\/de\/wp-json\/wp\/v2\/categories?post=3589"},{"taxonomy":"post_tag","embeddable":true,"href":"https:\/\/cosign.be\/de\/wp-json\/wp\/v2\/tags?post=3589"}],"curies":[{"name":"wp","href":"https:\/\/api.w.org\/{rel}","templated":true}]}}