{"id":4029,"date":"2017-06-08T19:43:38","date_gmt":"2017-06-08T19:43:38","guid":{"rendered":"https:\/\/cosign.be\/de\/?page_id=4029"},"modified":"2017-06-08T19:43:38","modified_gmt":"2017-06-08T19:43:38","slug":"digital-mapping","status":"publish","type":"page","link":"https:\/\/cosign.be\/de\/digital-mapping\/","title":{"rendered":"Digital Mapping"},"content":{"rendered":"<p>[vc_row equal_height=&#8220;yes&#8220; full_width=&#8220;1&#8243; bg_color=&#8220;#cecdc1&#8243; padding=&#8220;25&#8243;][vc_column width=&#8220;1\/4&#8243;][vc_column_text]<\/p>\n<pre><code><div class=\"addtoany_shortcode\"><div class=\"a2a_kit a2a_kit_size_24 addtoany_list\" data-a2a-url=\"https:\/\/cosign.be\/de\/digital-mapping\/\" data-a2a-title=\"Digital Mapping\"><a class=\"a2a_button_facebook\" href=\"https:\/\/www.addtoany.com\/add_to\/facebook?linkurl=https%3A%2F%2Fcosign.be%2Fde%2Fdigital-mapping%2F&amp;linkname=Digital%20Mapping\" title=\"Facebook\" rel=\"nofollow noopener\" target=\"_blank\"><img loading=\"lazy\" decoding=\"async\" src=\"\/https:\/\/www.instagram.com\/cosignnv\/facebook.png\" width=\"24\" height=\"24\" alt=\"Facebook\"><\/a><a class=\"a2a_button_linkedin\" href=\"https:\/\/www.addtoany.com\/add_to\/linkedin?linkurl=https%3A%2F%2Fcosign.be%2Fde%2Fdigital-mapping%2F&amp;linkname=Digital%20Mapping\" title=\"LinkedIn\" rel=\"nofollow noopener\" target=\"_blank\"><img loading=\"lazy\" decoding=\"async\" src=\"\/https:\/\/www.instagram.com\/cosignnv\/linkedin.png\" width=\"24\" height=\"24\" alt=\"LinkedIn\"><\/a><\/div><\/div><\/code><\/pre>\n<p>[\/vc_column_text][\/vc_column][vc_column width=&#8220;3\/4&#8243;][vc_column_text css=&#8220;.vc_custom_1496839778940{margin-bottom: 0px !important;border-bottom-width: 0px !important;padding-bottom: 0px !important;}&#8220;]<\/p>\n<h1><span style=\"color: #ffffff;\"><strong>DIGITAL\u00a0MAPPING<\/strong><\/span><\/h1>\n<p>[\/vc_column_text][\/vc_column][\/vc_row][vc_row][vc_column width=&#8220;1\/4&#8243;][\/vc_column][vc_column width=&#8220;3\/4&#8243;][vc_column_text]Umfassendes und benutzerfreundliches, webbasiertes Beschilderungsmanagement f\u00fcr Ihre Beschilderungsprojekte und gleichzeitig die optimale Grundlage f\u00fcr Orientierungssysteme f\u00fcr mittlere bis gro\u00dfe Geb\u00e4ude.<\/p>\n<p>Erstellen Sie eine durchsuchbare, verkn\u00fcpfbare, benutzerfreundliche und immer aktuelle Kartenplattform f\u00fcr Ihre Organisation.<\/p>\n<p><img loading=\"lazy\" decoding=\"async\" class=\"alignnone wp-image-3908 size-full\" src=\"https:\/\/cosign.be\/wp-content\/uploads\/2017\/05\/digital-mapping.jpg\" alt=\"digital-mapping\" width=\"1091\" height=\"504\" srcset=\"https:\/\/cosign.be\/wp-content\/uploads\/2017\/05\/digital-mapping.jpg 1091w, https:\/\/cosign.be\/wp-content\/uploads\/2017\/05\/digital-mapping-300x139.jpg 300w, https:\/\/cosign.be\/wp-content\/uploads\/2017\/05\/digital-mapping-1024x473.jpg 1024w, https:\/\/cosign.be\/wp-content\/uploads\/2017\/05\/digital-mapping-810x374.jpg 810w, https:\/\/cosign.be\/wp-content\/uploads\/2017\/05\/digital-mapping-1080x499.jpg 1080w, https:\/\/cosign.be\/wp-content\/uploads\/2017\/05\/digital-mapping-450x208.jpg 450w, https:\/\/cosign.be\/wp-content\/uploads\/2017\/05\/digital-mapping-866x400.jpg 866w\" sizes=\"auto, (max-width: 1091px) 100vw, 1091px\" \/><\/p>\n<p>Funktionen:<\/p>\n<ul>\n<li>Beschilderungsplanung und -management (statisch und digital)<\/li>\n<li>Bestandsverwaltung<\/li>\n<li>Karten f\u00fcr Innenr\u00e4ume<\/li>\n<li>Orientierungssystem<\/li>\n<li>Innenraum-Navigation<\/li>\n<li>Automatische Updates<\/li>\n<li>Systemintegration<\/li>\n<li>Contentmanagement<\/li>\n<li>APIs f\u00fcr Entwickler<\/li>\n<li>Kartenexport (SVG, PNG, JPG, PDF)<\/li>\n<li>Vollst\u00e4ndige IoT-Plattform<\/li>\n<\/ul>\n<p>[\/vc_column_text][\/vc_column][\/vc_row][vc_row][vc_column][vc_empty_space][\/vc_column][\/vc_row]<\/p>\n","protected":false},"excerpt":{"rendered":"<p>[vc_row equal_height=&#8220;yes&#8220; full_width=&#8220;1&#8243; bg_color=&#8220;#cecdc1&#8243; padding=&#8220;25&#8243;][vc_column width=&#8220;1\/4&#8243;][vc_column_text] [\/vc_column_text][\/vc_column][vc_column width=&#8220;3\/4&#8243;][vc_column_text css=&#8220;.vc_custom_1496839778940{margin-bottom: 0px !important;border-bottom-width: 0px !important;padding-bottom: 0px !important;}&#8220;] DIGITAL\u00a0MAPPING [\/vc_column_text][\/vc_column][\/vc_row][vc_row][vc_column width=&#8220;1\/4&#8243;][\/vc_column][vc_column width=&#8220;3\/4&#8243;][vc_column_text]Umfassendes und benutzerfreundliches, webbasiertes Beschilderungsmanagement f\u00fcr Ihre <a class=\"more-link\" href=\"https:\/\/cosign.be\/de\/digital-mapping\/\">Read more &#8230;<\/a><\/p>\n","protected":false},"author":1,"featured_media":0,"parent":0,"menu_order":0,"comment_status":"closed","ping_status":"closed","template":"","meta":{"om_disable_all_campaigns":false,"_monsterinsights_skip_tracking":false,"_monsterinsights_sitenote_active":false,"_monsterinsights_sitenote_note":"","_monsterinsights_sitenote_category":0,"_uf_show_specific_survey":0,"_uf_disable_surveys":false,"footnotes":""},"categories":[],"tags":[],"class_list":["post-4029","page","type-page","status-publish","hentry"],"aioseo_notices":[],"_links":{"self":[{"href":"https:\/\/cosign.be\/de\/wp-json\/wp\/v2\/pages\/4029","targetHints":{"allow":["GET"]}}],"collection":[{"href":"https:\/\/cosign.be\/de\/wp-json\/wp\/v2\/pages"}],"about":[{"href":"https:\/\/cosign.be\/de\/wp-json\/wp\/v2\/types\/page"}],"author":[{"embeddable":true,"href":"https:\/\/cosign.be\/de\/wp-json\/wp\/v2\/users\/1"}],"replies":[{"embeddable":true,"href":"https:\/\/cosign.be\/de\/wp-json\/wp\/v2\/comments?post=4029"}],"version-history":[{"count":1,"href":"https:\/\/cosign.be\/de\/wp-json\/wp\/v2\/pages\/4029\/revisions"}],"predecessor-version":[{"id":4030,"href":"https:\/\/cosign.be\/de\/wp-json\/wp\/v2\/pages\/4029\/revisions\/4030"}],"wp:attachment":[{"href":"https:\/\/cosign.be\/de\/wp-json\/wp\/v2\/media?parent=4029"}],"wp:term":[{"taxonomy":"category","embeddable":true,"href":"https:\/\/cosign.be\/de\/wp-json\/wp\/v2\/categories?post=4029"},{"taxonomy":"post_tag","embeddable":true,"href":"https:\/\/cosign.be\/de\/wp-json\/wp\/v2\/tags?post=4029"}],"curies":[{"name":"wp","href":"https:\/\/api.w.org\/{rel}","templated":true}]}}