{"id":3729,"date":"2016-03-21T10:21:19","date_gmt":"2016-03-21T10:21:19","guid":{"rendered":"https:\/\/cosign.be\/es\/highlight\/"},"modified":"2025-09-29T10:48:23","modified_gmt":"2025-09-29T08:48:23","slug":"highlight","status":"publish","type":"page","link":"https:\/\/cosign.be\/es\/highlight\/","title":{"rendered":"Highlight"},"content":{"rendered":"<p>[vc_row equal_height=\u00bbyes\u00bb full_width=\u00bb1&#8243; bg_color=\u00bb#cecdc1&#8243; padding=\u00bb25&#8243;][vc_column width=\u00bb1\/4&#8243;][vc_column_text]<\/p>\n<pre><code><div class=\"addtoany_shortcode\"><div class=\"a2a_kit a2a_kit_size_24 addtoany_list\" data-a2a-url=\"https:\/\/cosign.be\/es\/highlight\/\" data-a2a-title=\"Highlight\"><a class=\"a2a_button_facebook\" href=\"https:\/\/www.addtoany.com\/add_to\/facebook?linkurl=https%3A%2F%2Fcosign.be%2Fes%2Fhighlight%2F&amp;linkname=Highlight\" title=\"Facebook\" rel=\"nofollow noopener\" target=\"_blank\"><img loading=\"lazy\" decoding=\"async\" src=\"\/https:\/\/www.instagram.com\/cosignnv\/facebook.png\" width=\"24\" height=\"24\" alt=\"Facebook\"><\/a><a class=\"a2a_button_linkedin\" href=\"https:\/\/www.addtoany.com\/add_to\/linkedin?linkurl=https%3A%2F%2Fcosign.be%2Fes%2Fhighlight%2F&amp;linkname=Highlight\" title=\"LinkedIn\" rel=\"nofollow noopener\" target=\"_blank\"><img loading=\"lazy\" decoding=\"async\" src=\"\/https:\/\/www.instagram.com\/cosignnv\/linkedin.png\" width=\"24\" height=\"24\" alt=\"LinkedIn\"><\/a><\/div><\/div><\/code><\/pre>\n<p>[\/vc_column_text][\/vc_column][vc_column width=\u00bb3\/4&#8243;][vc_column_text css=\u00bb.vc_custom_1458555588043{margin-bottom: 0px !important;border-bottom-width: 0px !important;padding-bottom: 0px !important;}\u00bb]<\/p>\n<h1><span style=\"color: #ffffff;\"><strong>HIGHLIGHT<\/strong><\/span><\/h1>\n<p>[\/vc_column_text][\/vc_column][\/vc_row][vc_row][vc_column width=\u00bb1\/4&#8243;][\/vc_column][vc_column width=\u00bb3\/4&#8243;][vc_column_text]Higlight es un Nuevo perfil para luminarias de tipo LED, que en combinaci\u00f3n con los m\u00f3dulos Lucoled EL37-W65 u otros m\u00f3dulos LED, ofrece la soluci\u00f3n perfecta para la creaci\u00f3n de iluminaci\u00f3n de muros decorativos o la iluminaci\u00f3n de superficies grandes, como vallas publicitarias, carteles publicitarios, se\u00f1ales independientes y \u00a0t\u00f3tems.<\/p>\n<p>El perfil de aluminio con forma el\u00edptica se suministra junto con las tapas, una cubierta de policarbonato opalino especial para LED , soportes de pared f\u00e1ciles de instalar, perfiles separadores y un soporte de grados que permite que el perfil que se coloque en el \u00e1ngulo correcto para asegurar una distribuci\u00f3n \u00f3ptima de la luz.[\/vc_column_text][\/vc_column][\/vc_row][vc_row full_width=\u00bb1&#8243; padding=\u00bb25&#8243;][vc_column width=\u00bb1\/4&#8243;][vc_text_separator title=\u00bbMAIN FEATURES\u00bb title_align=\u00bbseparator_align_left\u00bb color=\u00bbblack\u00bb style=\u00bbempty\u00bb bold=\u00bb1&#8243; font_size=\u00bb16&#8243; text_color=\u00bb#201547&#8243;][\/vc_column][vc_column width=\u00bb3\/4&#8243; css=\u00bb.vc_custom_1446212259551{margin-left: 0px !important;border-left-width: 0px !important;padding-left: 0px !important;}\u00bb][vc_row_inner][vc_column_inner width=\u00bb1\/4&#8243;][vc_single_image image=\u00bb2702&#8243; alignment=\u00bbcenter\u00bb style=\u00bbvc_box_outline\u00bb border_color=\u00bbblack\u00bb onclick=\u00bbimg_link_large\u00bb][\/vc_column_inner][vc_column_inner width=\u00bb1\/4&#8243;][vc_single_image image=\u00bb2701&#8243; alignment=\u00bbcenter\u00bb style=\u00bbvc_box_outline\u00bb border_color=\u00bbblack\u00bb onclick=\u00bbimg_link_large\u00bb][\/vc_column_inner][vc_column_inner width=\u00bb1\/4&#8243;][vc_single_image image=\u00bb2700&#8243; alignment=\u00bbcenter\u00bb style=\u00bbvc_box_outline\u00bb border_color=\u00bbblack\u00bb onclick=\u00bbimg_link_large\u00bb][\/vc_column_inner][vc_column_inner width=\u00bb1\/4&#8243;][vc_single_image image=\u00bb2699&#8243; alignment=\u00bbcenter\u00bb style=\u00bbvc_box_outline\u00bb border_color=\u00bbblack\u00bb onclick=\u00bbimg_link_large\u00bb][\/vc_column_inner][\/vc_row_inner][\/vc_column][\/vc_row][vc_row][vc_column][vc_empty_space][\/vc_column][\/vc_row][vc_row margin_bottom=\u00bb25&#8243;][vc_column width=\u00bb1\/4&#8243;][vc_text_separator title=\u00bbPROFILES &amp; ACCESSORIES\u00bb title_align=\u00bbseparator_align_left\u00bb color=\u00bbblack\u00bb style=\u00bbempty\u00bb bold=\u00bb1&#8243; font_size=\u00bb16&#8243; text_color=\u00bb#201547&#8243;][\/vc_column][vc_column width=\u00bb3\/4&#8243; css=\u00bb.vc_custom_1446212499168{margin-left: 0px !important;border-left-width: 0px !important;padding-left: 0px !important;}\u00bb][vc_row_inner css=\u00bb.vc_custom_1446212510359{margin-top: 0px !important;border-top-width: 0px !important;padding-top: 0px !important;}\u00bb][vc_column_inner width=\u00bb1\/3&#8243;][vc_single_image image=\u00bb2709&#8243;][vc_column_text]<strong>PERFIL HIGHLIGHT<\/strong><\/p>\n<p>HP-PROF1000. Mill finish.<br \/>\nHP-PROF2000. Silver Anodised.<\/p>\n<p>Length: 6,1 m\/l[\/vc_column_text][\/vc_column_inner][vc_column_inner width=\u00bb1\/3&#8243;][vc_single_image image=\u00bb2706&#8243;][vc_column_text]<strong>PERFIL CUBIERTA<\/strong><\/p>\n<p>HL-PC-OPAL<\/p>\n<p>Length 6,1 m\/l[\/vc_column_text][\/vc_column_inner][vc_column_inner width=\u00bb1\/3&#8243;][vc_single_image image=\u00bb2707&#8243;][vc_column_text]<strong>TAPAS<\/strong><\/p>\n<p>HL-CAP1000. Mill finish.<br \/>\nHL-CAP2000. Silver Anodised.[\/vc_column_text][\/vc_column_inner][\/vc_row_inner][vc_row_inner css=\u00bb.vc_custom_1446212510359{margin-top: 0px !important;border-top-width: 0px !important;padding-top: 0px !important;}\u00bb][vc_column_inner width=\u00bb1\/3&#8243;][vc_single_image image=\u00bb2708&#8243;][vc_column_text]<strong>SOPORTE DE PARED<\/strong><\/p>\n<p>HL-WB1000. Mill finish.<br \/>\nHL-WB2000. Silver Anodised.[\/vc_column_text][\/vc_column_inner][vc_column_inner width=\u00bb1\/3&#8243;][vc_single_image image=\u00bb2710&#8243;][vc_column_text]<strong>SOPORTE DE GRADOS<\/strong><\/p>\n<p>HL-HB1000. Mill finish.<br \/>\nHL-HB2000. Silver Anodised.[\/vc_column_text][\/vc_column_inner][vc_column_inner width=\u00bb1\/3&#8243;][vc_single_image image=\u00bb2705&#8243;][vc_column_text]<strong>ESPACIADOR<\/strong><\/p>\n<p>30x30x2mm Spacer<\/p>\n<p>HL-SP1000. Mill finish.<br \/>\nHL-CAP2000. Silver Anodised.<\/p>\n<p>Lenght: 3 m\/l[\/vc_column_text][\/vc_column_inner][\/vc_row_inner][\/vc_column][\/vc_row][vc_row][vc_column][vc_empty_space][\/vc_column][\/vc_row]<\/p>\n","protected":false},"excerpt":{"rendered":"<p>[vc_row equal_height=\u00bbyes\u00bb full_width=\u00bb1&#8243; bg_color=\u00bb#cecdc1&#8243; padding=\u00bb25&#8243;][vc_column width=\u00bb1\/4&#8243;][vc_column_text] [\/vc_column_text][\/vc_column][vc_column width=\u00bb3\/4&#8243;][vc_column_text css=\u00bb.vc_custom_1458555588043{margin-bottom: 0px !important;border-bottom-width: 0px !important;padding-bottom: 0px !important;}\u00bb] HIGHLIGHT [\/vc_column_text][\/vc_column][\/vc_row][vc_row][vc_column width=\u00bb1\/4&#8243;][\/vc_column][vc_column width=\u00bb3\/4&#8243;][vc_column_text]Higlight es un Nuevo perfil para luminarias <a class=\"more-link\" href=\"https:\/\/cosign.be\/es\/highlight\/\">Read more &#8230;<\/a><\/p>\n","protected":false},"author":1,"featured_media":2702,"parent":0,"menu_order":0,"comment_status":"closed","ping_status":"closed","template":"","meta":{"om_disable_all_campaigns":false,"_monsterinsights_skip_tracking":false,"_monsterinsights_sitenote_active":false,"_monsterinsights_sitenote_note":"","_monsterinsights_sitenote_category":0,"_uf_show_specific_survey":0,"_uf_disable_surveys":false,"footnotes":""},"categories":[308,309],"tags":[310,311,312],"class_list":["post-3729","page","type-page","status-publish","has-post-thumbnail","hentry","category-architectural-signage-es","category-led-products-es","tag-highlight-es","tag-highliner-ii-es","tag-sloanled-es"],"aioseo_notices":[],"_links":{"self":[{"href":"https:\/\/cosign.be\/es\/wp-json\/wp\/v2\/pages\/3729","targetHints":{"allow":["GET"]}}],"collection":[{"href":"https:\/\/cosign.be\/es\/wp-json\/wp\/v2\/pages"}],"about":[{"href":"https:\/\/cosign.be\/es\/wp-json\/wp\/v2\/types\/page"}],"author":[{"embeddable":true,"href":"https:\/\/cosign.be\/es\/wp-json\/wp\/v2\/users\/1"}],"replies":[{"embeddable":true,"href":"https:\/\/cosign.be\/es\/wp-json\/wp\/v2\/comments?post=3729"}],"version-history":[{"count":3,"href":"https:\/\/cosign.be\/es\/wp-json\/wp\/v2\/pages\/3729\/revisions"}],"predecessor-version":[{"id":7877,"href":"https:\/\/cosign.be\/es\/wp-json\/wp\/v2\/pages\/3729\/revisions\/7877"}],"wp:featuredmedia":[{"embeddable":true,"href":"https:\/\/cosign.be\/es\/wp-json\/wp\/v2\/media\/2702"}],"wp:attachment":[{"href":"https:\/\/cosign.be\/es\/wp-json\/wp\/v2\/media?parent=3729"}],"wp:term":[{"taxonomy":"category","embeddable":true,"href":"https:\/\/cosign.be\/es\/wp-json\/wp\/v2\/categories?post=3729"},{"taxonomy":"post_tag","embeddable":true,"href":"https:\/\/cosign.be\/es\/wp-json\/wp\/v2\/tags?post=3729"}],"curies":[{"name":"wp","href":"https:\/\/api.w.org\/{rel}","templated":true}]}}