{"id":3732,"date":"2016-12-16T08:11:44","date_gmt":"2016-12-16T08:11:44","guid":{"rendered":"https:\/\/cosign.be\/es\/?page_id=3732"},"modified":"2016-12-16T09:12:58","modified_gmt":"2016-12-16T09:12:58","slug":"acerca-de-cosign","status":"publish","type":"page","link":"https:\/\/cosign.be\/es\/acerca-de-cosign\/","title":{"rendered":"Acerca de Cosign"},"content":{"rendered":"<p>[vc_row equal_height=\u00bbyes\u00bb full_width=\u00bb1&#8243; bg_color=\u00bb#cecdc1&#8243; padding=\u00bb25&#8243;][vc_column width=\u00bb1\/4&#8243;][vc_column_text]<\/p>\n<pre><code><div class=\"addtoany_shortcode\"><div class=\"a2a_kit a2a_kit_size_24 addtoany_list\" data-a2a-url=\"https:\/\/cosign.be\/es\/acerca-de-cosign\/\" data-a2a-title=\"Acerca de Cosign\"><a class=\"a2a_button_facebook\" href=\"https:\/\/www.addtoany.com\/add_to\/facebook?linkurl=https%3A%2F%2Fcosign.be%2Fes%2Facerca-de-cosign%2F&amp;linkname=Acerca%20de%20Cosign\" title=\"Facebook\" rel=\"nofollow noopener\" target=\"_blank\"><img loading=\"lazy\" decoding=\"async\" src=\"\/https:\/\/www.instagram.com\/cosignnv\/facebook.png\" width=\"24\" height=\"24\" alt=\"Facebook\"><\/a><a class=\"a2a_button_linkedin\" href=\"https:\/\/www.addtoany.com\/add_to\/linkedin?linkurl=https%3A%2F%2Fcosign.be%2Fes%2Facerca-de-cosign%2F&amp;linkname=Acerca%20de%20Cosign\" title=\"LinkedIn\" rel=\"nofollow noopener\" target=\"_blank\"><img loading=\"lazy\" decoding=\"async\" src=\"\/https:\/\/www.instagram.com\/cosignnv\/linkedin.png\" width=\"24\" height=\"24\" alt=\"LinkedIn\"><\/a><\/div><\/div><\/code><\/pre>\n<p>[\/vc_column_text][\/vc_column][vc_column width=\u00bb3\/4&#8243;][vc_column_text css=\u00bb.vc_custom_1481879573581{margin-bottom: 0px !important;border-bottom-width: 0px !important;padding-bottom: 0px !important;}\u00bb]<\/p>\n<h1><span style=\"color: #ffffff;\"><strong>SUSOCIO GLOBAL EN SE\u00d1ALIZACI\u00d3N<\/strong><\/span><\/h1>\n<p>[\/vc_column_text][\/vc_column][\/vc_row][vc_row][vc_column][vc_empty_space][\/vc_column][\/vc_row][vc_row][vc_column width=\u00bb1\/4&#8243;][vc_text_separator title=\u00bbOUR OFFICES\u00bb title_align=\u00bbseparator_align_left\u00bb color=\u00bbblack\u00bb style=\u00bbempty\u00bb bold=\u00bb1&#8243; font_size=\u00bb16&#8243; text_color=\u00bb#201547&#8243;][\/vc_column][vc_column width=\u00bb3\/4&#8243;][vc_single_image image=\u00bb2483&#8243; img_size=\u00bbfull\u00bb][\/vc_column][\/vc_row][vc_row][vc_column][vc_empty_space][\/vc_column][\/vc_row][vc_row][vc_column width=\u00bb1\/4&#8243;][vc_text_separator title=\u00bbACERCA DE COSIGN\u00bb title_align=\u00bbseparator_align_left\u00bb color=\u00bbblack\u00bb style=\u00bbempty\u00bb bold=\u00bb1&#8243; font_size=\u00bb16&#8243; text_color=\u00bb#201547&#8243;][\/vc_column][vc_column width=\u00bb3\/4&#8243;][vc_column_text]<\/p>\n<div class=\"page\" title=\"Page 3\">\n<div class=\"layoutArea\">\n<div class=\"column\">\n<div class=\"page\" title=\"Page 3\">\n<div class=\"layoutArea\">\n<div class=\"column\">\n<p>Cosign fue establecida en 1993. En los \u00faltimos 20 a\u00f1os se ha convertido en la referencia obligada en se\u00f1alizaci\u00f3n arquitect\u00f3nica.<\/p>\n<\/div>\n<\/div>\n<\/div>\n<p>No importa qu\u00e9 tipo de letrero usted necesita, para uso en interiores o al aire libre, flexible o modular, con o sin tecnolog\u00eda LED, si se desea con la tela, pilares de publicidad o chapetones, en Cosign encontrar\u00e1 el lugar indicado.<\/p>\n<p>Cosign es un jugador global con instalaciones de producci\u00f3n y centros de distribuci\u00f3n en B\u00e9lgica (oficinas centrales), India, M\u00e9xico y Hong Kong.<\/p>\n<p>Our extensive range of products is unique. We are able to deliver quickly due to our large supply of stock. Twenty years of experience, well-organised logistical transactions and perfect service make Cosign a reliable partner that you can trust.<\/p>\n<p>Cosign trabaja constantemente en soluciones innovadoras para la industria junto a dise\u00f1adores como Stefan Sch\u00f6ning, Bart Bauwens (IDnA) y Fabrique.<\/p>\n<\/div>\n<\/div>\n<\/div>\n<p>[\/vc_column_text][\/vc_column][\/vc_row][vc_row][vc_column][vc_empty_space][\/vc_column][\/vc_row][vc_row][vc_column width=\u00bb1\/4&#8243;][\/vc_column][vc_column width=\u00bb3\/4&#8243;][vc_row_inner][vc_column_inner width=\u00bb1\/4&#8243;][vc_single_image image=\u00bb1239&#8243; onclick=\u00bbcustom_link\u00bb img_link_target=\u00bb_blank\u00bb link=\u00bbhttp:\/\/www.iso.org\/iso\/home.html\u00bb][\/vc_column_inner][vc_column_inner width=\u00bb1\/4&#8243;][vc_single_image image=\u00bb1240&#8243; onclick=\u00bbcustom_link\u00bb img_link_target=\u00bb_blank\u00bb link=\u00bbhttp:\/\/www.qualanod.net\u00bb][\/vc_column_inner][vc_column_inner width=\u00bb1\/4&#8243;][vc_single_image image=\u00bb1241&#8243; onclick=\u00bbcustom_link\u00bb img_link_target=\u00bb_blank\u00bb link=\u00bbhttps:\/\/www.sibon.nl\u00bb][\/vc_column_inner][vc_column_inner width=\u00bb1\/4&#8243;][\/vc_column_inner][\/vc_row_inner][\/vc_column][\/vc_row]<\/p>\n","protected":false},"excerpt":{"rendered":"<p>[vc_row equal_height=\u00bbyes\u00bb full_width=\u00bb1&#8243; bg_color=\u00bb#cecdc1&#8243; padding=\u00bb25&#8243;][vc_column width=\u00bb1\/4&#8243;][vc_column_text] [\/vc_column_text][\/vc_column][vc_column width=\u00bb3\/4&#8243;][vc_column_text css=\u00bb.vc_custom_1481879573581{margin-bottom: 0px !important;border-bottom-width: 0px !important;padding-bottom: 0px !important;}\u00bb] SUSOCIO GLOBAL EN SE\u00d1ALIZACI\u00d3N [\/vc_column_text][\/vc_column][\/vc_row][vc_row][vc_column][vc_empty_space][\/vc_column][\/vc_row][vc_row][vc_column width=\u00bb1\/4&#8243;][vc_text_separator title=\u00bbOUR OFFICES\u00bb title_align=\u00bbseparator_align_left\u00bb color=\u00bbblack\u00bb <a class=\"more-link\" href=\"https:\/\/cosign.be\/es\/acerca-de-cosign\/\">Read more &#8230;<\/a><\/p>\n","protected":false},"author":1,"featured_media":0,"parent":0,"menu_order":0,"comment_status":"closed","ping_status":"closed","template":"","meta":{"om_disable_all_campaigns":false,"_monsterinsights_skip_tracking":false,"_monsterinsights_sitenote_active":false,"_monsterinsights_sitenote_note":"","_monsterinsights_sitenote_category":0,"_uf_show_specific_survey":0,"_uf_disable_surveys":false,"footnotes":""},"categories":[],"tags":[],"class_list":["post-3732","page","type-page","status-publish","hentry"],"aioseo_notices":[],"_links":{"self":[{"href":"https:\/\/cosign.be\/es\/wp-json\/wp\/v2\/pages\/3732","targetHints":{"allow":["GET"]}}],"collection":[{"href":"https:\/\/cosign.be\/es\/wp-json\/wp\/v2\/pages"}],"about":[{"href":"https:\/\/cosign.be\/es\/wp-json\/wp\/v2\/types\/page"}],"author":[{"embeddable":true,"href":"https:\/\/cosign.be\/es\/wp-json\/wp\/v2\/users\/1"}],"replies":[{"embeddable":true,"href":"https:\/\/cosign.be\/es\/wp-json\/wp\/v2\/comments?post=3732"}],"version-history":[{"count":3,"href":"https:\/\/cosign.be\/es\/wp-json\/wp\/v2\/pages\/3732\/revisions"}],"predecessor-version":[{"id":3748,"href":"https:\/\/cosign.be\/es\/wp-json\/wp\/v2\/pages\/3732\/revisions\/3748"}],"wp:attachment":[{"href":"https:\/\/cosign.be\/es\/wp-json\/wp\/v2\/media?parent=3732"}],"wp:term":[{"taxonomy":"category","embeddable":true,"href":"https:\/\/cosign.be\/es\/wp-json\/wp\/v2\/categories?post=3732"},{"taxonomy":"post_tag","embeddable":true,"href":"https:\/\/cosign.be\/es\/wp-json\/wp\/v2\/tags?post=3732"}],"curies":[{"name":"wp","href":"https:\/\/api.w.org\/{rel}","templated":true}]}}