{"id":3749,"date":"2016-12-16T09:27:15","date_gmt":"2016-12-16T09:27:15","guid":{"rendered":"https:\/\/cosign.be\/es\/?page_id=3749"},"modified":"2016-12-16T09:36:48","modified_gmt":"2016-12-16T09:36:48","slug":"module-plus-indoor","status":"publish","type":"page","link":"https:\/\/cosign.be\/es\/module-plus-indoor\/","title":{"rendered":"Module Plus Indoor"},"content":{"rendered":"<p>[vc_row equal_height=\u00bbyes\u00bb full_width=\u00bb1&#8243; bg_color=\u00bb#cecdc1&#8243; padding=\u00bb25&#8243;][vc_column width=\u00bb1\/4&#8243;][vc_column_text]<\/p>\n<pre><code><div class=\"addtoany_shortcode\"><div class=\"a2a_kit a2a_kit_size_24 addtoany_list\" data-a2a-url=\"https:\/\/cosign.be\/es\/module-plus-indoor\/\" data-a2a-title=\"Module Plus Indoor\"><a class=\"a2a_button_facebook\" href=\"https:\/\/www.addtoany.com\/add_to\/facebook?linkurl=https%3A%2F%2Fcosign.be%2Fes%2Fmodule-plus-indoor%2F&amp;linkname=Module%20Plus%20Indoor\" title=\"Facebook\" rel=\"nofollow noopener\" target=\"_blank\"><img loading=\"lazy\" decoding=\"async\" src=\"\/https:\/\/www.instagram.com\/cosignnv\/facebook.png\" width=\"24\" height=\"24\" alt=\"Facebook\"><\/a><a class=\"a2a_button_linkedin\" href=\"https:\/\/www.addtoany.com\/add_to\/linkedin?linkurl=https%3A%2F%2Fcosign.be%2Fes%2Fmodule-plus-indoor%2F&amp;linkname=Module%20Plus%20Indoor\" title=\"LinkedIn\" rel=\"nofollow noopener\" target=\"_blank\"><img loading=\"lazy\" decoding=\"async\" src=\"\/https:\/\/www.instagram.com\/cosignnv\/linkedin.png\" width=\"24\" height=\"24\" alt=\"LinkedIn\"><\/a><\/div><\/div><\/code><\/pre>\n<p>[\/vc_column_text][\/vc_column][vc_column width=\u00bb3\/4&#8243;][vc_column_text css=\u00bb.vc_custom_1457278611431{margin-bottom: 0px !important;border-bottom-width: 0px !important;padding-bottom: 0px !important;}\u00bb]<\/p>\n<h1><span style=\"color: #ffffff;\"><strong>MODULE PLUS INDOOR<\/strong><\/span><\/h1>\n<p>[\/vc_column_text][\/vc_column][\/vc_row][vc_row][vc_column width=\u00bb1\/4&#8243;][\/vc_column][vc_column width=\u00bb3\/4&#8243;][vc_column_text]<b>Un producto cl\u00e1sico que cumple con el trabajo perfectamente!<\/b><\/p>\n<p>A principios de los 90, con el Module Plus Indoor, Cosign desarroll\u00f3 un sistema modular que inici\u00f3 una nueva tendencia en se\u00f1alizaci\u00f3n arquitect\u00f3nica y sirvi\u00f3 de inspiraci\u00f3n para muchos de nuestros colegas.<\/p>\n<p><span lang=\"ES-MX\" style=\"font-size: 11pt; font-family: Arial; color: #000000;\">El Module Plus Indoor, consiste en una serie de perfiles planos de aluminio en multiplos de 15.5 mm y 31 mm como perfiles b\u00e1sicos. Los perfiles se fijan \u201chaciendo clic\u201d en las tapas o clips de pl\u00e1stico. Este sistema sirve para crear letreros de puerta, pictogramas, directorios, etc. Se puede fabricar se\u00f1alizaci\u00f3n (se\u00f1al\u00e9tica) de una cara para montaje en pared y sistemas de doble cara para montaje suspendido o bandera.<\/span><\/p>\n<p><span lang=\"ES-MX\" style=\"font-size: 11pt; font-family: Arial; color: #000000;\">El sistema Module Plus Indoor no s\u00f3lo ofrece al fabricante una soluci\u00f3n simple, vers\u00e1til y flexible, tambi\u00e9n le da la oportunidad de desarrollar productos a la medida.<\/span>[\/vc_column_text][\/vc_column][\/vc_row][vc_row full_width=\u00bb1&#8243; padding=\u00bb25&#8243;][vc_column width=\u00bb1\/4&#8243;][vc_text_separator title=\u00bbMAIN FEATURES\u00bb title_align=\u00bbseparator_align_left\u00bb color=\u00bbblack\u00bb style=\u00bbempty\u00bb bold=\u00bb1&#8243; font_size=\u00bb16&#8243; text_color=\u00bb#201547&#8243;][\/vc_column][vc_column width=\u00bb3\/4&#8243; css=\u00bb.vc_custom_1446212259551{margin-left: 0px !important;border-left-width: 0px !important;padding-left: 0px !important;}\u00bb][vc_row_inner][vc_column_inner width=\u00bb1\/4&#8243;][vc_single_image image=\u00bb1026&#8243; alignment=\u00bbcenter\u00bb style=\u00bbvc_box_outline\u00bb border_color=\u00bbblack\u00bb onclick=\u00bbimg_link_large\u00bb][\/vc_column_inner][vc_column_inner width=\u00bb1\/4&#8243;][vc_single_image image=\u00bb1027&#8243; alignment=\u00bbcenter\u00bb style=\u00bbvc_box_outline\u00bb border_color=\u00bbblack\u00bb onclick=\u00bbimg_link_large\u00bb][\/vc_column_inner][vc_column_inner width=\u00bb1\/4&#8243;][vc_single_image image=\u00bb1028&#8243; alignment=\u00bbcenter\u00bb style=\u00bbvc_box_outline\u00bb border_color=\u00bbblack\u00bb onclick=\u00bbimg_link_large\u00bb][\/vc_column_inner][vc_column_inner width=\u00bb1\/4&#8243;][vc_single_image image=\u00bb1029&#8243; alignment=\u00bbcenter\u00bb style=\u00bbvc_box_outline\u00bb border_color=\u00bbblack\u00bb onclick=\u00bbimg_link_large\u00bb][\/vc_column_inner][\/vc_row_inner][\/vc_column][\/vc_row][vc_row][vc_column][vc_empty_space][\/vc_column][\/vc_row][vc_row full_width=\u00bb1&#8243; bg_color=\u00bb#cecdc1&#8243; padding=\u00bb25&#8243;][vc_column][vc_media_grid style=\u00bbpagination\u00bb items_per_page=\u00bb6&#8243; element_width=\u00bb2&#8243; gap=\u00bb20&#8243; arrows_design=\u00bbvc_arrow-icon-arrow_08_left\u00bb arrows_position=\u00bboutside\u00bb arrows_color=\u00bbblack\u00bb paging_design=\u00bbnone\u00bb loop=\u00bbyes\u00bb grid_id=\u00bbvc_gid:1481880147219-eeb7b184-61da-10&#8243; include=\u00bb2048,2049,2050,2051,2052,2053,2054,2055,2056,2057,2058,2059,2060,2061&#8243; css=\u00bb.vc_custom_1458140658664{margin-top: 0px !important;margin-bottom: 0px !important;border-top-width: 0px !important;border-bottom-width: 0px !important;padding-top: 0px !important;padding-bottom: 0px !important;}\u00bb][\/vc_column][\/vc_row][vc_row][vc_column][vc_empty_space][\/vc_column][\/vc_row][vc_row margin_bottom=\u00bb25&#8243;][vc_column width=\u00bb1\/4&#8243;][vc_text_separator title=\u00bbFRONT PROFILES\u00bb title_align=\u00bbseparator_align_left\u00bb color=\u00bbblack\u00bb style=\u00bbempty\u00bb bold=\u00bb1&#8243; font_size=\u00bb16&#8243; text_color=\u00bb#201547&#8243;][\/vc_column][vc_column width=\u00bb3\/4&#8243; css=\u00bb.vc_custom_1446212499168{margin-left: 0px !important;border-left-width: 0px !important;padding-left: 0px !important;}\u00bb][vc_row_inner css=\u00bb.vc_custom_1446212510359{margin-top: 0px !important;border-top-width: 0px !important;padding-top: 0px !important;}\u00bb][vc_column_inner width=\u00bb1\/3&#8243;][vc_column_text]<strong>ALUMINIUM TEXT PROFILES<\/strong>[\/vc_column_text][vc_single_image image=\u00bb1031&#8243;][\/vc_column_inner][vc_column_inner width=\u00bb1\/3&#8243;][vc_column_text]<strong>PRODUCT CODE<\/strong><\/p>\n<p>ANO x 300<br \/>\nANO x 250<br \/>\nANO x 187<br \/>\nANO x 156<br \/>\nANO x 125<br \/>\nANO x 093<br \/>\nANO x 062<br \/>\nANO x 046<br \/>\nANO x 031<br \/>\nANO x 015[\/vc_column_text][\/vc_column_inner][vc_column_inner width=\u00bb1\/3&#8243;][vc_column_text]<strong>SIZE<\/strong><\/p>\n<p>300mm<br \/>\n250mm<br \/>\n187mm<br \/>\n156mm<br \/>\n125mm<br \/>\n93mm<br \/>\n62mm<br \/>\n46,5mm<br \/>\n31mm<br \/>\n15,5mm[\/vc_column_text][\/vc_column_inner][\/vc_row_inner][vc_row_inner css=\u00bb.vc_custom_1446212510359{margin-top: 0px !important;border-top-width: 0px !important;padding-top: 0px !important;}\u00bb][vc_column_inner width=\u00bb1\/3&#8243;][vc_column_text]<strong>ALUMINIUM SLIDER\u00a0PROFILES<\/strong>[\/vc_column_text][vc_single_image image=\u00bb1034&#8243;][\/vc_column_inner][vc_column_inner width=\u00bb1\/3&#8243;][vc_column_text]<strong>PRODUCT CODE<\/strong><\/p>\n<p>ASO x 093<br \/>\nASO x 062<br \/>\nASO x 046<br \/>\nASO x 031<br \/>\nASO x 015[\/vc_column_text][vc_column_text]<strong>x:<\/strong> 1. Mill Finish, 2. Silver Anodised, 3. Color, 4. Gold Anodised[\/vc_column_text][\/vc_column_inner][vc_column_inner width=\u00bb1\/3&#8243;][vc_column_text]<strong>SIZE<\/strong><\/p>\n<p>93mm (89,5mm insert)<br \/>\n62mm (58mm insert)<br \/>\n46,5mm (42,5mm insert)<br \/>\n31mm (27mm insert)<br \/>\n15,5mm (11,5mm insert)[\/vc_column_text][\/vc_column_inner][\/vc_row_inner][\/vc_column][\/vc_row][vc_row margin_bottom=\u00bb25&#8243;][vc_column width=\u00bb1\/4&#8243;][vc_text_separator title=\u00bbOTHER PROFILES\u00bb title_align=\u00bbseparator_align_left\u00bb color=\u00bbblack\u00bb style=\u00bbempty\u00bb bold=\u00bb1&#8243; font_size=\u00bb16&#8243; text_color=\u00bb#201547&#8243;][\/vc_column][vc_column width=\u00bb3\/4&#8243; css=\u00bb.vc_custom_1446212499168{margin-left: 0px !important;border-left-width: 0px !important;padding-left: 0px !important;}\u00bb][vc_row_inner css=\u00bb.vc_custom_1446212510359{margin-top: 0px !important;border-top-width: 0px !important;padding-top: 0px !important;}\u00bb][vc_column_inner width=\u00bb1\/3&#8243;][vc_single_image image=\u00bb1262&#8243;][vc_column_text]<strong>STRAIGHT PROFILE<\/strong><\/p>\n<p>AEO x 000<br \/>\n<strong>x:<\/strong> 1. Mill Finish, 2. Silver Anodised, 3. Color, 4. Gold Anodised[\/vc_column_text][\/vc_column_inner][vc_column_inner width=\u00bb1\/3&#8243;][vc_single_image image=\u00bb1266&#8243;][vc_column_text]<strong>TRIANGULAR PROFILE<\/strong><\/p>\n<p>AEO x 000T<br \/>\n<strong>x:<\/strong>\u00a01. Mill Finish, 2. Silver Anodised, 3. Color, 4. Gold Anodised[\/vc_column_text][\/vc_column_inner][vc_column_inner width=\u00bb1\/3&#8243;][vc_single_image image=\u00bb1263&#8243;][vc_column_text]<strong>ROUNDED PROFILE<\/strong><\/p>\n<p>AEO x 000R<br \/>\n<strong>x:<\/strong>\u00a01. Mill Finish, 2. Silver Anodised, 3. Color, 4. Gold Anodised[\/vc_column_text][\/vc_column_inner][\/vc_row_inner][vc_row_inner css=\u00bb.vc_custom_1446212510359{margin-top: 0px !important;border-top-width: 0px !important;padding-top: 0px !important;}\u00bb][vc_column_inner width=\u00bb1\/3&#8243;][vc_single_image image=\u00bb1265&#8243;][vc_column_text]<strong>STRAIGHT PROFILE<\/strong><\/p>\n<p>AEO x 000.SP<br \/>\n<strong>x:<\/strong> 1. Mill Finish, 2. Silver Anodised, 3. Color, 4. Gold Anodised[\/vc_column_text][\/vc_column_inner][vc_column_inner width=\u00bb1\/3&#8243;][vc_single_image image=\u00bb1264&#8243;][vc_column_text]<strong>ROUNDED\u00a0PROFILE<\/strong><\/p>\n<p>AEO x 000R.SP<br \/>\n<strong>x:<\/strong>\u00a01. Mill Finish, 2. Silver Anodised, 3. Color, 4. Gold Anodised[\/vc_column_text][\/vc_column_inner][vc_column_inner width=\u00bb1\/3&#8243;][vc_single_image image=\u00bb1267&#8243;][vc_column_text]<strong>SUPPORT PROFILE<\/strong><\/p>\n<p>ANS x 000<br \/>\n<strong>x:<\/strong>\u00a01. Mill Finish, 2. Silver Anodised, 3. Color, 4. Gold Anodised[\/vc_column_text][\/vc_column_inner][\/vc_row_inner][vc_row_inner css=\u00bb.vc_custom_1446212510359{margin-top: 0px !important;border-top-width: 0px !important;padding-top: 0px !important;}\u00bb][vc_column_inner width=\u00bb1\/3&#8243;][vc_single_image image=\u00bb1270&#8243;][vc_column_text]<strong>DIVIDER\u00a0PROFILE<\/strong><\/p>\n<p>AEO x\u00a0001<br \/>\n<strong>x:<\/strong> 1. Mill Finish, 2. Silver Anodised, 3. Color, 4. Gold Anodised[\/vc_column_text][\/vc_column_inner][vc_column_inner width=\u00bb1\/3&#8243;][vc_single_image image=\u00bb1273&#8243;][vc_column_text]<strong>SIDE\u00a0PROFILE ROUNDED<\/strong><\/p>\n<p>ARO x 031. 31mm<br \/>\n<strong>x:<\/strong>\u00a01. Mill Finish, 2. Silver Anodised, 3. Color, 4. Gold Anodised[\/vc_column_text][\/vc_column_inner][vc_column_inner width=\u00bb1\/3&#8243;][vc_single_image image=\u00bb1271&#8243;][vc_column_text]<strong>SIDE PROFILE SINGLE SLIDER<\/strong><\/p>\n<p>ALO x 031.S<br \/>\n<strong>x:<\/strong>\u00a01. Mill Finish, 2. Silver Anodised, 3. Color, 4. Gold Anodised[\/vc_column_text][\/vc_column_inner][\/vc_row_inner][vc_row_inner css=\u00bb.vc_custom_1446212510359{margin-top: 0px !important;border-top-width: 0px !important;padding-top: 0px !important;}\u00bb][vc_column_inner width=\u00bb1\/3&#8243;][vc_single_image image=\u00bb1272&#8243;][vc_column_text]<strong>SIDE\u00a0PROFILES<\/strong><\/p>\n<p>ALO x 015. 15mm<br \/>\nALO x 031. 31mm<br \/>\nALO x 046. 46mm<br \/>\nALO x 062. 62mm<br \/>\n<strong>x:<\/strong> 1. Mill Finish, 2. Silver Anodised, 3. Color, 4. Gold Anodised[\/vc_column_text][\/vc_column_inner][vc_column_inner width=\u00bb1\/3&#8243;][vc_single_image image=\u00bb1275&#8243;][vc_column_text]<strong>FRAME PROFILE<\/strong><\/p>\n<p>AEO x 000F<br \/>\n<strong>x:<\/strong>\u00a01. Mill Finish, 2. Silver Anodised, 3. Color, 4. Gold Anodised[\/vc_column_text][\/vc_column_inner][vc_column_inner width=\u00bb1\/3&#8243;][vc_single_image image=\u00bb1274&#8243;][vc_column_text]<strong>INDOOR TOTEM PROFILE<\/strong><\/p>\n<p>TOT x 080.SP<br \/>\n<strong>x:<\/strong>\u00a01. Mill Finish, 2. Silver Anodised, 3. Color[\/vc_column_text][\/vc_column_inner][\/vc_row_inner][\/vc_column][\/vc_row][vc_row margin_bottom=\u00bb25&#8243;][vc_column width=\u00bb1\/4&#8243;][vc_text_separator title=\u00bbACCESSORIES\u00bb title_align=\u00bbseparator_align_left\u00bb color=\u00bbblack\u00bb style=\u00bbempty\u00bb bold=\u00bb1&#8243; font_size=\u00bb16&#8243; text_color=\u00bb#201547&#8243;][\/vc_column][vc_column width=\u00bb3\/4&#8243; css=\u00bb.vc_custom_1446212499168{margin-left: 0px !important;border-left-width: 0px !important;padding-left: 0px !important;}\u00bb][vc_row_inner css=\u00bb.vc_custom_1446212510359{margin-top: 0px !important;border-top-width: 0px !important;padding-top: 0px !important;}\u00bb][vc_column_inner width=\u00bb1\/3&#8243;][vc_column_text]<strong>SINGLE SIDED ENDCAPS<\/strong>[\/vc_column_text][vc_single_image image=\u00bb1246&#8243;][\/vc_column_inner][vc_column_inner width=\u00bb1\/3&#8243;][vc_column_text]<strong>PRODUCT CODE<\/strong><\/p>\n<p>APE x\u00a0250<br \/>\nAPE x\u00a0218<br \/>\nAPE x 187<br \/>\nAPE x 156<br \/>\nAPE x 125<br \/>\nAPE x 093<br \/>\nAPE x 062<br \/>\nAPE x 046<br \/>\nAPE x 031<br \/>\nAPE x 015[\/vc_column_text][vc_column_text]<strong>x:<\/strong> 1. White, 2. Grey, 3. Black[\/vc_column_text][\/vc_column_inner][vc_column_inner width=\u00bb1\/3&#8243;][vc_column_text]<strong>DESCRIPTION<\/strong><\/p>\n<p>250mm<br \/>\n218mm<br \/>\n187mm<br \/>\n156mm<br \/>\n125mm<br \/>\n93mm<br \/>\n62mm<br \/>\n46,5mm<br \/>\n31mm<br \/>\n15,5mm[\/vc_column_text][\/vc_column_inner][\/vc_row_inner][vc_row_inner css=\u00bb.vc_custom_1446212510359{margin-top: 0px !important;border-top-width: 0px !important;padding-top: 0px !important;}\u00bb][vc_column_inner width=\u00bb1\/3&#8243;][vc_column_text]<strong>DOUBLE\u00a0SIDED ENDCAPS<\/strong>[\/vc_column_text][vc_single_image image=\u00bb1245&#8243;][\/vc_column_inner][vc_column_inner width=\u00bb1\/3&#8243;][vc_column_text]<strong>PRODUCT CODE<\/strong><\/p>\n<p>APD x 300<br \/>\nAPD x 250<br \/>\nAPD x 187<br \/>\nAPD x 156<br \/>\nAPD x 125<br \/>\nAPD x 093<br \/>\nAPD x 062[\/vc_column_text][vc_column_text]<strong>x:<\/strong> 1. White, 2. Grey, 3. Black[\/vc_column_text][\/vc_column_inner][vc_column_inner width=\u00bb1\/3&#8243;][vc_column_text]<strong>DESCRIPTION<\/strong><\/p>\n<p>300mm<br \/>\n250mm<br \/>\n187mm<br \/>\n156mm<br \/>\n125mm<br \/>\n93mm<br \/>\n62mm[\/vc_column_text][\/vc_column_inner][\/vc_row_inner][vc_row_inner css=\u00bb.vc_custom_1446212510359{margin-top: 0px !important;border-top-width: 0px !important;padding-top: 0px !important;}\u00bb][vc_column_inner width=\u00bb1\/3&#8243;][vc_single_image image=\u00bb908&#8243;][vc_column_text]<strong>HANGING KIT CONICAL<\/strong><\/p>\n<p>APC4101 incl 1,5m wire[\/vc_column_text][\/vc_column_inner][vc_column_inner width=\u00bb1\/3&#8243;][vc_single_image image=\u00bb983&#8243;][vc_column_text]<strong>HANGING KIT\u00a0STRAIGHT<\/strong><\/p>\n<p>APC4102 incl 1,5m wire[\/vc_column_text][\/vc_column_inner][vc_column_inner width=\u00bb1\/3&#8243;][vc_single_image image=\u00bb984&#8243;][vc_column_text]<strong>HANGING KIT\u00a0ECO<\/strong><\/p>\n<p>APC4103 incl 1,5m wire[\/vc_column_text][\/vc_column_inner][\/vc_row_inner][vc_row_inner css=\u00bb.vc_custom_1446212510359{margin-top: 0px !important;border-top-width: 0px !important;padding-top: 0px !important;}\u00bb][vc_column_inner width=\u00bb1\/3&#8243;][vc_single_image image=\u00bb967&#8243;][vc_column_text]<strong>PLASTIC SUSPENSION CLIP<\/strong><\/p>\n<p>APC x 000<br \/>\n<strong>x:<\/strong> 2. Grey, 3. Black[\/vc_column_text][\/vc_column_inner][vc_column_inner width=\u00bb1\/3&#8243;][vc_single_image image=\u00bb1253&#8243;][vc_column_text]<strong>METAL SUSPENSION PROFILE<\/strong><\/p>\n<p>APC4400[\/vc_column_text][\/vc_column_inner][vc_column_inner width=\u00bb1\/3&#8243;][vc_single_image image=\u00bb1254&#8243;][vc_column_text]<strong>METAL SUSPENSION CLIP<\/strong><\/p>\n<p>APC4500[\/vc_column_text][\/vc_column_inner][\/vc_row_inner][vc_row_inner css=\u00bb.vc_custom_1446212510359{margin-top: 0px !important;border-top-width: 0px !important;padding-top: 0px !important;}\u00bb][vc_column_inner width=\u00bb1\/3&#8243;][vc_single_image image=\u00bb1255&#8243;][vc_column_text]<strong>WEDGE ABS BLACK<\/strong><\/p>\n<p>APC6000[\/vc_column_text][\/vc_column_inner][vc_column_inner width=\u00bb1\/3&#8243;][vc_single_image image=\u00bb967&#8243;][vc_column_text]<strong>PLASTIC SUSPENSION CLIP<\/strong><\/p>\n<p>APC x 000<br \/>\n<strong>x:<\/strong> 2. Grey, 3. Black[\/vc_column_text][\/vc_column_inner][vc_column_inner width=\u00bb1\/3&#8243;][vc_single_image image=\u00bb1260&#8243;][vc_column_text]<strong>SUCTION CUP<\/strong><\/p>\n<p>VACUUM2 Small<br \/>\nVACUUM Big[\/vc_column_text][\/vc_column_inner][\/vc_row_inner][vc_row_inner css=\u00bb.vc_custom_1446212510359{margin-top: 0px !important;border-top-width: 0px !important;padding-top: 0px !important;}\u00bb][vc_column_inner width=\u00bb1\/3&#8243;][vc_single_image image=\u00bb1258&#8243;][vc_column_text]<strong>REMOVAL KEY<\/strong><\/p>\n<p>APK1000[\/vc_column_text][\/vc_column_inner][vc_column_inner width=\u00bb1\/3&#8243;][vc_single_image image=\u00bb1257&#8243;][vc_column_text]<strong>WEDGE<\/strong><\/p>\n<p>APC7000<br \/>\nfor Table Stand[\/vc_column_text][\/vc_column_inner][vc_column_inner width=\u00bb1\/3&#8243;][vc_single_image image=\u00bb1259&#8243;][vc_column_text]<strong>TRIANGULAR ENDCAP<\/strong><\/p>\n<p>APW x 031. 31mm<br \/>\nAPW x 062. 62mm<br \/>\n<strong>x:<\/strong> 2. Grey, 3. Black[\/vc_column_text][\/vc_column_inner][\/vc_row_inner][vc_row_inner css=\u00bb.vc_custom_1446212510359{margin-top: 0px !important;border-top-width: 0px !important;padding-top: 0px !important;}\u00bb][vc_column_inner width=\u00bb1\/3&#8243;][vc_single_image image=\u00bb1280&#8243;][vc_column_text]<strong>ENDCAP FOR SIDE PROFILES<\/strong><\/p>\n<p>APT x 000 Straight<br \/>\n<strong>x:<\/strong> 2. Grey, 3. Black[\/vc_column_text][\/vc_column_inner][vc_column_inner width=\u00bb1\/3&#8243;][vc_single_image image=\u00bb1281&#8243;][vc_column_text]<strong>ENDCAP FOR SIDE PROFILES<\/strong><\/p>\n<p>APT x 000B Straight<br \/>\n<strong>x:<\/strong>\u00a02. Grey, 3. Black[\/vc_column_text][\/vc_column_inner][vc_column_inner width=\u00bb1\/3&#8243;][vc_single_image image=\u00bb1282&#8243;][vc_column_text]<strong>ENDCAP FOR SIDE PROFILES<\/strong><\/p>\n<p>APT x 000L\u00a0Rounded<br \/>\n<strong>x:<\/strong>\u00a02. Grey, 3. Black[\/vc_column_text][\/vc_column_inner][\/vc_row_inner][vc_row_inner css=\u00bb.vc_custom_1446212510359{margin-top: 0px !important;border-top-width: 0px !important;padding-top: 0px !important;}\u00bb][vc_column_inner width=\u00bb1\/3&#8243;][vc_single_image image=\u00bb1283&#8243;][vc_column_text]<strong>ENDCAP FOR SIDE PROFILES<\/strong><\/p>\n<p>APT x 000T\u00a0Triangular<br \/>\n<strong>x:<\/strong> 2. Grey, 3. Black[\/vc_column_text][\/vc_column_inner][vc_column_inner width=\u00bb1\/3&#8243;][vc_single_image image=\u00bb1284&#8243;][vc_column_text]<strong>ENDCAP FOR SIDE PROFILES<\/strong><\/p>\n<p>APT x 003R\u00a0Rounded<br \/>\n<strong>x:<\/strong>\u00a02. Grey, 3. Black[\/vc_column_text][\/vc_column_inner][vc_column_inner width=\u00bb1\/3&#8243;][vc_single_image image=\u00bb1285&#8243;][vc_column_text]<strong>ENDCAP FOR SIDE PROFILES<\/strong><\/p>\n<p>APT x 006R Rounded<br \/>\n<strong>x:<\/strong>\u00a02. Grey, 3. Black[\/vc_column_text][\/vc_column_inner][\/vc_row_inner][vc_row_inner css=\u00bb.vc_custom_1446212510359{margin-top: 0px !important;border-top-width: 0px !important;padding-top: 0px !important;}\u00bb][vc_column_inner width=\u00bb1\/3&#8243;][vc_single_image image=\u00bb1286&#8243;][vc_column_text]<strong>CLIPS\u00a0FOR SIDE PROFILES<\/strong><\/p>\n<p>APC\u00a05000\u00a0Clips 31mm<br \/>\nAPC 5001 Clips 15,5mm<br \/>\nAPC5000LS Clips 6x31mm[\/vc_column_text][\/vc_column_inner][vc_column_inner width=\u00bb1\/3&#8243;][vc_single_image image=\u00bb1278&#8243;][vc_column_text]<strong>METAL FLOORPLATE<\/strong><\/p>\n<p>FLOORPLATE 870mm x 200mm[\/vc_column_text][\/vc_column_inner][vc_column_inner width=\u00bb1\/3&#8243;][vc_single_image image=\u00bb1279&#8243;][vc_column_text]<strong>METAL COVERPLATE<\/strong><\/p>\n<p>TOPCOVER 750mm x 80mm[\/vc_column_text][\/vc_column_inner][\/vc_row_inner][\/vc_column][\/vc_row][vc_row][vc_column][vc_empty_space][\/vc_column][\/vc_row]<\/p>\n","protected":false},"excerpt":{"rendered":"<p>[vc_row equal_height=\u00bbyes\u00bb full_width=\u00bb1&#8243; bg_color=\u00bb#cecdc1&#8243; padding=\u00bb25&#8243;][vc_column width=\u00bb1\/4&#8243;][vc_column_text] [\/vc_column_text][\/vc_column][vc_column width=\u00bb3\/4&#8243;][vc_column_text css=\u00bb.vc_custom_1457278611431{margin-bottom: 0px !important;border-bottom-width: 0px !important;padding-bottom: 0px !important;}\u00bb] MODULE PLUS INDOOR [\/vc_column_text][\/vc_column][\/vc_row][vc_row][vc_column width=\u00bb1\/4&#8243;][\/vc_column][vc_column width=\u00bb3\/4&#8243;][vc_column_text]Un producto cl\u00e1sico que cumple <a class=\"more-link\" href=\"https:\/\/cosign.be\/es\/module-plus-indoor\/\">Read more &#8230;<\/a><\/p>\n","protected":false},"author":1,"featured_media":0,"parent":0,"menu_order":0,"comment_status":"closed","ping_status":"closed","template":"","meta":{"om_disable_all_campaigns":false,"_monsterinsights_skip_tracking":false,"_monsterinsights_sitenote_active":false,"_monsterinsights_sitenote_note":"","_monsterinsights_sitenote_category":0,"_uf_show_specific_survey":0,"_uf_disable_surveys":false,"footnotes":""},"categories":[],"tags":[],"class_list":["post-3749","page","type-page","status-publish","hentry"],"aioseo_notices":[],"_links":{"self":[{"href":"https:\/\/cosign.be\/es\/wp-json\/wp\/v2\/pages\/3749","targetHints":{"allow":["GET"]}}],"collection":[{"href":"https:\/\/cosign.be\/es\/wp-json\/wp\/v2\/pages"}],"about":[{"href":"https:\/\/cosign.be\/es\/wp-json\/wp\/v2\/types\/page"}],"author":[{"embeddable":true,"href":"https:\/\/cosign.be\/es\/wp-json\/wp\/v2\/users\/1"}],"replies":[{"embeddable":true,"href":"https:\/\/cosign.be\/es\/wp-json\/wp\/v2\/comments?post=3749"}],"version-history":[{"count":1,"href":"https:\/\/cosign.be\/es\/wp-json\/wp\/v2\/pages\/3749\/revisions"}],"predecessor-version":[{"id":3750,"href":"https:\/\/cosign.be\/es\/wp-json\/wp\/v2\/pages\/3749\/revisions\/3750"}],"wp:attachment":[{"href":"https:\/\/cosign.be\/es\/wp-json\/wp\/v2\/media?parent=3749"}],"wp:term":[{"taxonomy":"category","embeddable":true,"href":"https:\/\/cosign.be\/es\/wp-json\/wp\/v2\/categories?post=3749"},{"taxonomy":"post_tag","embeddable":true,"href":"https:\/\/cosign.be\/es\/wp-json\/wp\/v2\/tags?post=3749"}],"curies":[{"name":"wp","href":"https:\/\/api.w.org\/{rel}","templated":true}]}}