{"id":2712,"date":"2016-04-01T10:23:23","date_gmt":"2016-04-01T10:23:23","guid":{"rendered":"https:\/\/cosign.be\/fr\/?page_id=2712"},"modified":"2025-09-29T10:46:54","modified_gmt":"2025-09-29T08:46:54","slug":"highlight","status":"publish","type":"page","link":"https:\/\/cosign.be\/fr\/highlight\/","title":{"rendered":"Highlight"},"content":{"rendered":"<p>[vc_row equal_height=\u00a0\u00bbyes\u00a0\u00bb full_width=\u00a0\u00bb1&Prime; bg_color=\u00a0\u00bb#cecdc1&Prime; padding=\u00a0\u00bb25&Prime;][vc_column width=\u00a0\u00bb1\/4&Prime;][vc_column_text]<\/p>\n<pre><code><div class=\"addtoany_shortcode\"><div class=\"a2a_kit a2a_kit_size_24 addtoany_list\" data-a2a-url=\"https:\/\/cosign.be\/fr\/highlight\/\" data-a2a-title=\"Highlight\"><a class=\"a2a_button_facebook\" href=\"https:\/\/www.addtoany.com\/add_to\/facebook?linkurl=https%3A%2F%2Fcosign.be%2Ffr%2Fhighlight%2F&amp;linkname=Highlight\" title=\"Facebook\" rel=\"nofollow noopener\" target=\"_blank\"><img loading=\"lazy\" decoding=\"async\" src=\"\/https:\/\/www.instagram.com\/cosignnv\/facebook.png\" width=\"24\" height=\"24\" alt=\"Facebook\"><\/a><a class=\"a2a_button_linkedin\" href=\"https:\/\/www.addtoany.com\/add_to\/linkedin?linkurl=https%3A%2F%2Fcosign.be%2Ffr%2Fhighlight%2F&amp;linkname=Highlight\" title=\"LinkedIn\" rel=\"nofollow noopener\" target=\"_blank\"><img loading=\"lazy\" decoding=\"async\" src=\"\/https:\/\/www.instagram.com\/cosignnv\/linkedin.png\" width=\"24\" height=\"24\" alt=\"LinkedIn\"><\/a><\/div><\/div><\/code><\/pre>\n<p>[\/vc_column_text][\/vc_column][vc_column width=\u00a0\u00bb3\/4&Prime;][vc_column_text css=\u00a0\u00bb.vc_custom_1458555588043{margin-bottom: 0px !important;border-bottom-width: 0px !important;padding-bottom: 0px !important;}\u00a0\u00bb]<\/p>\n<h1><span style=\"color: #ffffff;\"><strong>HIGHLIGHT<\/strong><\/span><\/h1>\n<p>[\/vc_column_text][\/vc_column][\/vc_row][vc_row][vc_column width=\u00a0\u00bb1\/4&Prime;][\/vc_column][vc_column width=\u00a0\u00bb3\/4&Prime;][vc_column_text]La combinaison du Highlight, le nouveau profil\u00e9 Cosign pour luminaire LED, avec les modules Lucoled EL37-W65 ou autres modules LED offre la solution id\u00e9ale pour cr\u00e9er des l\u00e8ches-murs d\u00e9coratifs ou illuminer de grandes surfaces telles que panneaux publicitaires, enseignes isol\u00e9es, totems ou pyl\u00f4nes.<\/p>\n<p>Le profil\u00e9 aluminium de section elliptique est fourni avec les embouts, un couvercle diffuseur sp\u00e9cial LED en polycarbonate semi-opaque, des attaches murales faciles \u00e0 installer, des profil\u00e9s d\u2019\u00e9cartement et une attache charni\u00e8re qui permet d\u2019ajuster l\u2019angle du profil\u00e9 pour assurer une distribution optimale de la lumi\u00e8re.[\/vc_column_text][\/vc_column][\/vc_row][vc_row full_width=\u00a0\u00bb1&Prime; padding=\u00a0\u00bb25&Prime;][vc_column width=\u00a0\u00bb1\/4&Prime;][vc_text_separator title=\u00a0\u00bbPARTICULARIT\u00c9S PRINCIPALES\u00a0\u00bb title_align=\u00a0\u00bbseparator_align_left\u00a0\u00bb color=\u00a0\u00bbblack\u00a0\u00bb style=\u00a0\u00bbempty\u00a0\u00bb bold=\u00a0\u00bb1&Prime; font_size=\u00a0\u00bb16&Prime; text_color=\u00a0\u00bb#201547&Prime;][\/vc_column][vc_column width=\u00a0\u00bb3\/4&Prime; css=\u00a0\u00bb.vc_custom_1446212259551{margin-left: 0px !important;border-left-width: 0px !important;padding-left: 0px !important;}\u00a0\u00bb][vc_row_inner][vc_column_inner width=\u00a0\u00bb1\/4&Prime;][vc_single_image image=\u00a0\u00bb2702&Prime; alignment=\u00a0\u00bbcenter\u00a0\u00bb style=\u00a0\u00bbvc_box_outline\u00a0\u00bb border_color=\u00a0\u00bbblack\u00a0\u00bb onclick=\u00a0\u00bbimg_link_large\u00a0\u00bb][\/vc_column_inner][vc_column_inner width=\u00a0\u00bb1\/4&Prime;][vc_single_image image=\u00a0\u00bb2701&Prime; alignment=\u00a0\u00bbcenter\u00a0\u00bb style=\u00a0\u00bbvc_box_outline\u00a0\u00bb border_color=\u00a0\u00bbblack\u00a0\u00bb onclick=\u00a0\u00bbimg_link_large\u00a0\u00bb][\/vc_column_inner][vc_column_inner width=\u00a0\u00bb1\/4&Prime;][vc_single_image image=\u00a0\u00bb2700&Prime; alignment=\u00a0\u00bbcenter\u00a0\u00bb style=\u00a0\u00bbvc_box_outline\u00a0\u00bb border_color=\u00a0\u00bbblack\u00a0\u00bb onclick=\u00a0\u00bbimg_link_large\u00a0\u00bb][\/vc_column_inner][vc_column_inner width=\u00a0\u00bb1\/4&Prime;][vc_single_image image=\u00a0\u00bb2699&Prime; alignment=\u00a0\u00bbcenter\u00a0\u00bb style=\u00a0\u00bbvc_box_outline\u00a0\u00bb border_color=\u00a0\u00bbblack\u00a0\u00bb onclick=\u00a0\u00bbimg_link_large\u00a0\u00bb][\/vc_column_inner][\/vc_row_inner][\/vc_column][\/vc_row][vc_row][vc_column][vc_empty_space][\/vc_column][\/vc_row][vc_row margin_bottom=\u00a0\u00bb25&Prime;][vc_column width=\u00a0\u00bb1\/4&Prime;][vc_text_separator title=\u00a0\u00bbPROFIL\u00c9S &amp; ACCESSORES\u00a0\u00bb title_align=\u00a0\u00bbseparator_align_left\u00a0\u00bb color=\u00a0\u00bbblack\u00a0\u00bb style=\u00a0\u00bbempty\u00a0\u00bb bold=\u00a0\u00bb1&Prime; font_size=\u00a0\u00bb16&Prime; text_color=\u00a0\u00bb#201547&Prime;][\/vc_column][vc_column width=\u00a0\u00bb3\/4&Prime; css=\u00a0\u00bb.vc_custom_1446212499168{margin-left: 0px !important;border-left-width: 0px !important;padding-left: 0px !important;}\u00a0\u00bb][vc_row_inner css=\u00a0\u00bb.vc_custom_1446212510359{margin-top: 0px !important;border-top-width: 0px !important;padding-top: 0px !important;}\u00a0\u00bb][vc_column_inner width=\u00a0\u00bb1\/3&Prime;][vc_single_image image=\u00a0\u00bb2709&Prime;][vc_column_text]<strong>HIGHLIGHT PROFILE<\/strong><\/p>\n<p>HP-PROF1000. Mill finish.<br \/>\nHP-PROF2000. Silver Anodised.<\/p>\n<p>Length: 6,1 m\/l[\/vc_column_text][\/vc_column_inner][vc_column_inner width=\u00a0\u00bb1\/3&Prime;][vc_single_image image=\u00a0\u00bb2706&Prime;][vc_column_text]<strong>COVER PROFILE<\/strong><\/p>\n<p>HL-PC-OPAL<\/p>\n<p>Length 6,1 m\/l[\/vc_column_text][\/vc_column_inner][vc_column_inner width=\u00a0\u00bb1\/3&Prime;][vc_single_image image=\u00a0\u00bb2707&Prime;][vc_column_text]<strong>ENDCAPS<\/strong><\/p>\n<p>HL-CAP1000. Mill finish.<br \/>\nHL-CAP2000. Silver Anodised.[\/vc_column_text][\/vc_column_inner][\/vc_row_inner][vc_row_inner css=\u00a0\u00bb.vc_custom_1446212510359{margin-top: 0px !important;border-top-width: 0px !important;padding-top: 0px !important;}\u00a0\u00bb][vc_column_inner width=\u00a0\u00bb1\/3&Prime;][vc_single_image image=\u00a0\u00bb2708&Prime;][vc_column_text]<strong>WALL BRACKET<\/strong><\/p>\n<p>HL-WB1000. Mill finish.<br \/>\nHL-WB2000. Silver Anodised.[\/vc_column_text][\/vc_column_inner][vc_column_inner width=\u00a0\u00bb1\/3&Prime;][vc_single_image image=\u00a0\u00bb2710&Prime;][vc_column_text]<strong>HINGE BRACKET<\/strong><\/p>\n<p>&nbsp;<\/p>\n<p>HL-HB1000. Mill finish.<br \/>\nHL-HB2000. Silver Anodised.[\/vc_column_text][\/vc_column_inner][vc_column_inner width=\u00a0\u00bb1\/3&Prime;][vc_single_image image=\u00a0\u00bb2705&Prime;][vc_column_text]<strong>SPACER<\/strong><\/p>\n<p>30x30x2mm Spacer<\/p>\n<p>HL-SP1000. Mill finish.<br \/>\nHL-CAP2000. Silver Anodised.<\/p>\n<p>Lenght: 3 m\/l[\/vc_column_text][\/vc_column_inner][\/vc_row_inner][\/vc_column][\/vc_row][vc_row][vc_column][vc_empty_space][\/vc_column][\/vc_row]<\/p>\n","protected":false},"excerpt":{"rendered":"<p>[vc_row equal_height=\u00a0\u00bbyes\u00a0\u00bb full_width=\u00a0\u00bb1&Prime; bg_color=\u00a0\u00bb#cecdc1&Prime; padding=\u00a0\u00bb25&Prime;][vc_column width=\u00a0\u00bb1\/4&Prime;][vc_column_text] [\/vc_column_text][\/vc_column][vc_column width=\u00a0\u00bb3\/4&Prime;][vc_column_text css=\u00a0\u00bb.vc_custom_1458555588043{margin-bottom: 0px !important;border-bottom-width: 0px !important;padding-bottom: 0px !important;}\u00a0\u00bb] HIGHLIGHT [\/vc_column_text][\/vc_column][\/vc_row][vc_row][vc_column width=\u00a0\u00bb1\/4&Prime;][\/vc_column][vc_column width=\u00a0\u00bb3\/4&Prime;][vc_column_text]La combinaison du Highlight, le nouveau profil\u00e9 <a class=\"more-link\" href=\"https:\/\/cosign.be\/fr\/highlight\/\">Read more &#8230;<\/a><\/p>\n","protected":false},"author":1,"featured_media":0,"parent":0,"menu_order":0,"comment_status":"closed","ping_status":"closed","template":"","meta":{"om_disable_all_campaigns":false,"_monsterinsights_skip_tracking":false,"_monsterinsights_sitenote_active":false,"_monsterinsights_sitenote_note":"","_monsterinsights_sitenote_category":0,"_uf_show_specific_survey":0,"_uf_disable_surveys":false,"footnotes":""},"categories":[98],"tags":[135],"class_list":["post-2712","page","type-page","status-publish","hentry","category-led-products-fr","tag-highlight-fr"],"aioseo_notices":[],"_links":{"self":[{"href":"https:\/\/cosign.be\/fr\/wp-json\/wp\/v2\/pages\/2712","targetHints":{"allow":["GET"]}}],"collection":[{"href":"https:\/\/cosign.be\/fr\/wp-json\/wp\/v2\/pages"}],"about":[{"href":"https:\/\/cosign.be\/fr\/wp-json\/wp\/v2\/types\/page"}],"author":[{"embeddable":true,"href":"https:\/\/cosign.be\/fr\/wp-json\/wp\/v2\/users\/1"}],"replies":[{"embeddable":true,"href":"https:\/\/cosign.be\/fr\/wp-json\/wp\/v2\/comments?post=2712"}],"version-history":[{"count":2,"href":"https:\/\/cosign.be\/fr\/wp-json\/wp\/v2\/pages\/2712\/revisions"}],"predecessor-version":[{"id":7875,"href":"https:\/\/cosign.be\/fr\/wp-json\/wp\/v2\/pages\/2712\/revisions\/7875"}],"wp:attachment":[{"href":"https:\/\/cosign.be\/fr\/wp-json\/wp\/v2\/media?parent=2712"}],"wp:term":[{"taxonomy":"category","embeddable":true,"href":"https:\/\/cosign.be\/fr\/wp-json\/wp\/v2\/categories?post=2712"},{"taxonomy":"post_tag","embeddable":true,"href":"https:\/\/cosign.be\/fr\/wp-json\/wp\/v2\/tags?post=2712"}],"curies":[{"name":"wp","href":"https:\/\/api.w.org\/{rel}","templated":true}]}}