{"id":2926,"date":"2016-04-06T14:36:56","date_gmt":"2016-04-06T14:36:56","guid":{"rendered":"https:\/\/cosign.be\/fr\/?page_id=2926"},"modified":"2016-04-06T14:39:06","modified_gmt":"2016-04-06T14:39:06","slug":"bendlux","status":"publish","type":"page","link":"https:\/\/cosign.be\/fr\/bendlux\/","title":{"rendered":"BendLUX"},"content":{"rendered":"<p>[vc_row equal_height=\u00a0\u00bbyes\u00a0\u00bb full_width=\u00a0\u00bb1&Prime; bg_color=\u00a0\u00bb#cecdc1&Prime; padding=\u00a0\u00bb25&Prime;][vc_column width=\u00a0\u00bb1\/4&Prime;][vc_column_text]<\/p>\n<pre><code><div class=\"addtoany_shortcode\"><div class=\"a2a_kit a2a_kit_size_24 addtoany_list\" data-a2a-url=\"https:\/\/cosign.be\/fr\/bendlux\/\" data-a2a-title=\"BendLUX\"><a class=\"a2a_button_facebook\" href=\"https:\/\/www.addtoany.com\/add_to\/facebook?linkurl=https%3A%2F%2Fcosign.be%2Ffr%2Fbendlux%2F&amp;linkname=BendLUX\" title=\"Facebook\" rel=\"nofollow noopener\" target=\"_blank\"><img loading=\"lazy\" decoding=\"async\" src=\"\/https:\/\/www.instagram.com\/cosignnv\/facebook.png\" width=\"24\" height=\"24\" alt=\"Facebook\"><\/a><a class=\"a2a_button_linkedin\" href=\"https:\/\/www.addtoany.com\/add_to\/linkedin?linkurl=https%3A%2F%2Fcosign.be%2Ffr%2Fbendlux%2F&amp;linkname=BendLUX\" title=\"LinkedIn\" rel=\"nofollow noopener\" target=\"_blank\"><img loading=\"lazy\" decoding=\"async\" src=\"\/https:\/\/www.instagram.com\/cosignnv\/linkedin.png\" width=\"24\" height=\"24\" alt=\"LinkedIn\"><\/a><\/div><\/div><\/code><\/pre>\n<p>[\/vc_column_text][\/vc_column][vc_column width=\u00a0\u00bb3\/4&Prime;][vc_column_text css=\u00a0\u00bb.vc_custom_1459616772728{margin-bottom: 0px !important;border-bottom-width: 0px !important;padding-bottom: 0px !important;}\u00a0\u00bb]<\/p>\n<h1><span style=\"color: #ffffff;\"><strong>BENDLUX<\/strong><\/span><\/h1>\n<p>[\/vc_column_text][\/vc_column][\/vc_row][vc_row][vc_column width=\u00a0\u00bb1\/4&Prime;][\/vc_column][vc_column width=\u00a0\u00bb3\/4&Prime;][vc_column_text]<\/p>\n<div class=\"page\" title=\"Page 7\">\n<div class=\"section\">\n<div class=\"layoutArea\">\n<div class=\"column\">\n<p><strong>Longueur de faibles dimensions, exible et tr\u00e8s lumineuse.<\/strong><\/p>\n<ul>\n<li>Flexible sur la longueur<\/li>\n<li>\u00c9clairage de faibles dimensions pour lettres &amp; logos en BlocLED de 20 \u00e0 30mm, lettres bo\u00eetiers \u00e9troites et peu profondes 10\/30mm<\/li>\n<li>Peut \u00eatre coup\u00e9 par section pr\u00e9-c\u00e2bl\u00e9e tous les 44mm pour des courbes, racords et connextions ais\u00e9es sur fils \u00e9lectriques.<\/li>\n<li>Technologie de courant constant<\/li>\n<li>Agr\u00e9\u00e9 UL et cUL, certifi\u00e9 CE et CSA<\/li>\n<li>Conformit\u00e9 RoHS et REACH<\/li>\n<\/ul>\n<\/div>\n<\/div>\n<\/div>\n<\/div>\n<p>[\/vc_column_text][\/vc_column][\/vc_row][vc_row full_width=\u00a0\u00bb1&Prime; padding=\u00a0\u00bb25&Prime;][vc_column width=\u00a0\u00bb1\/4&Prime;][\/vc_column][vc_column width=\u00a0\u00bb3\/4&Prime; css=\u00a0\u00bb.vc_custom_1446212259551{margin-left: 0px !important;border-left-width: 0px !important;padding-left: 0px !important;}\u00a0\u00bb][vc_row_inner][vc_column_inner width=\u00a0\u00bb1\/4&Prime;][vc_single_image image=\u00a0\u00bb2780&Prime; alignment=\u00a0\u00bbcenter\u00a0\u00bb style=\u00a0\u00bbvc_box_outline\u00a0\u00bb border_color=\u00a0\u00bbblack\u00a0\u00bb onclick=\u00a0\u00bbimg_link_large\u00a0\u00bb][\/vc_column_inner][vc_column_inner width=\u00a0\u00bb1\/4&Prime;][vc_single_image image=\u00a0\u00bb2779&Prime; alignment=\u00a0\u00bbcenter\u00a0\u00bb style=\u00a0\u00bbvc_box_outline\u00a0\u00bb border_color=\u00a0\u00bbblack\u00a0\u00bb onclick=\u00a0\u00bbimg_link_large\u00a0\u00bb][\/vc_column_inner][vc_column_inner width=\u00a0\u00bb1\/4&Prime;][vc_single_image image=\u00a0\u00bb2778&Prime; alignment=\u00a0\u00bbcenter\u00a0\u00bb style=\u00a0\u00bbvc_box_outline\u00a0\u00bb border_color=\u00a0\u00bbblack\u00a0\u00bb onclick=\u00a0\u00bbimg_link_large\u00a0\u00bb][\/vc_column_inner][vc_column_inner width=\u00a0\u00bb1\/4&Prime;][\/vc_column_inner][\/vc_row_inner][\/vc_column][\/vc_row][vc_row][vc_column][vc_empty_space][\/vc_column][\/vc_row][vc_row full_width=\u00a0\u00bb1&Prime; bg_color=\u00a0\u00bb#cecdc1&Prime; padding=\u00a0\u00bb25&Prime;][vc_column][vc_media_grid style=\u00a0\u00bbpagination\u00a0\u00bb items_per_page=\u00a0\u00bb6&Prime; element_width=\u00a0\u00bb2&Prime; gap=\u00a0\u00bb20&Prime; arrows_design=\u00a0\u00bbvc_arrow-icon-arrow_08_left\u00a0\u00bb arrows_position=\u00a0\u00bboutside\u00a0\u00bb arrows_color=\u00a0\u00bbblack\u00a0\u00bb paging_design=\u00a0\u00bbnone\u00a0\u00bb loop=\u00a0\u00bbyes\u00a0\u00bb grid_id=\u00a0\u00bbvc_gid:1459953419716-8a15a691-b535-6&Prime; include=\u00a0\u00bb2787,2788,2789,2790,2791,2792,2793,2794,2795,2796,2797,2798,2799,2800,2801,2802&Prime; css=\u00a0\u00bb.vc_custom_1459865616788{margin-top: 0px !important;margin-bottom: 0px !important;border-top-width: 0px !important;border-bottom-width: 0px !important;padding-top: 0px !important;padding-bottom: 0px !important;}\u00a0\u00bb][\/vc_column][\/vc_row][vc_row][vc_column][vc_empty_space][\/vc_column][\/vc_row][vc_row margin_bottom=\u00a0\u00bb25&Prime;][vc_column width=\u00a0\u00bb1\/4&Prime;][vc_text_separator title=\u00a0\u00bbPRODUCTS STANDARD\u00a0\u00bb title_align=\u00a0\u00bbseparator_align_left\u00a0\u00bb color=\u00a0\u00bbblack\u00a0\u00bb style=\u00a0\u00bbempty\u00a0\u00bb bold=\u00a0\u00bb1&Prime; font_size=\u00a0\u00bb16&Prime; text_color=\u00a0\u00bb#201547&Prime;][\/vc_column][vc_column width=\u00a0\u00bb3\/4&Prime; css=\u00a0\u00bb.vc_custom_1446212499168{margin-left: 0px !important;border-left-width: 0px !important;padding-left: 0px !important;}\u00a0\u00bb][vc_row_inner css=\u00a0\u00bb.vc_custom_1446212510359{margin-top: 0px !important;border-top-width: 0px !important;padding-top: 0px !important;}\u00a0\u00bb][vc_column_inner width=\u00a0\u00bb1\/4&Prime;][vc_column_text]<strong>BENDLUX<\/strong>[\/vc_column_text][\/vc_column_inner][vc_column_inner width=\u00a0\u00bb1\/4&Prime;][vc_column_text]<strong>PRODUCT CODE<\/strong>[\/vc_column_text][vc_column_text]701960-6WS241[\/vc_column_text][\/vc_column_inner][vc_column_inner width=\u00a0\u00bb1\/4&Prime;][vc_column_text]<strong>DESCRIPTION<\/strong>[\/vc_column_text][vc_column_text]Bendlux White (6500K)[\/vc_column_text][\/vc_column_inner][vc_column_inner width=\u00a0\u00bb1\/4&Prime;][\/vc_column_inner][\/vc_row_inner][\/vc_column][\/vc_row][vc_row][vc_column][vc_empty_space][\/vc_column][\/vc_row][vc_row margin_bottom=\u00a0\u00bb25&Prime;][vc_column width=\u00a0\u00bb1\/4&Prime;][vc_text_separator title=\u00a0\u00bbCERTIFICATIONS\u00a0\u00bb title_align=\u00a0\u00bbseparator_align_left\u00a0\u00bb color=\u00a0\u00bbblack\u00a0\u00bb style=\u00a0\u00bbempty\u00a0\u00bb bold=\u00a0\u00bb1&Prime; font_size=\u00a0\u00bb16&Prime; text_color=\u00a0\u00bb#201547&Prime;][\/vc_column][vc_column width=\u00a0\u00bb3\/4&Prime; css=\u00a0\u00bb.vc_custom_1446212499168{margin-left: 0px !important;border-left-width: 0px !important;padding-left: 0px !important;}\u00a0\u00bb][vc_single_image image=\u00a0\u00bb2774&Prime; img_size=\u00a0\u00bbfull\u00a0\u00bb][\/vc_column][\/vc_row]<\/p>\n","protected":false},"excerpt":{"rendered":"<p>[vc_row equal_height=\u00a0\u00bbyes\u00a0\u00bb full_width=\u00a0\u00bb1&Prime; bg_color=\u00a0\u00bb#cecdc1&Prime; padding=\u00a0\u00bb25&Prime;][vc_column width=\u00a0\u00bb1\/4&Prime;][vc_column_text] [\/vc_column_text][\/vc_column][vc_column width=\u00a0\u00bb3\/4&Prime;][vc_column_text css=\u00a0\u00bb.vc_custom_1459616772728{margin-bottom: 0px !important;border-bottom-width: 0px !important;padding-bottom: 0px !important;}\u00a0\u00bb] BENDLUX [\/vc_column_text][\/vc_column][\/vc_row][vc_row][vc_column width=\u00a0\u00bb1\/4&Prime;][\/vc_column][vc_column width=\u00a0\u00bb3\/4&Prime;][vc_column_text] Longueur de faibles dimensions, exible et <a class=\"more-link\" href=\"https:\/\/cosign.be\/fr\/bendlux\/\">Read more &#8230;<\/a><\/p>\n","protected":false},"author":1,"featured_media":0,"parent":0,"menu_order":0,"comment_status":"closed","ping_status":"closed","template":"","meta":{"om_disable_all_campaigns":false,"_monsterinsights_skip_tracking":false,"_monsterinsights_sitenote_active":false,"_monsterinsights_sitenote_note":"","_monsterinsights_sitenote_category":0,"_uf_show_specific_survey":0,"_uf_disable_surveys":false,"footnotes":""},"categories":[],"tags":[],"class_list":["post-2926","page","type-page","status-publish","hentry"],"aioseo_notices":[],"_links":{"self":[{"href":"https:\/\/cosign.be\/fr\/wp-json\/wp\/v2\/pages\/2926","targetHints":{"allow":["GET"]}}],"collection":[{"href":"https:\/\/cosign.be\/fr\/wp-json\/wp\/v2\/pages"}],"about":[{"href":"https:\/\/cosign.be\/fr\/wp-json\/wp\/v2\/types\/page"}],"author":[{"embeddable":true,"href":"https:\/\/cosign.be\/fr\/wp-json\/wp\/v2\/users\/1"}],"replies":[{"embeddable":true,"href":"https:\/\/cosign.be\/fr\/wp-json\/wp\/v2\/comments?post=2926"}],"version-history":[{"count":2,"href":"https:\/\/cosign.be\/fr\/wp-json\/wp\/v2\/pages\/2926\/revisions"}],"predecessor-version":[{"id":2930,"href":"https:\/\/cosign.be\/fr\/wp-json\/wp\/v2\/pages\/2926\/revisions\/2930"}],"wp:attachment":[{"href":"https:\/\/cosign.be\/fr\/wp-json\/wp\/v2\/media?parent=2926"}],"wp:term":[{"taxonomy":"category","embeddable":true,"href":"https:\/\/cosign.be\/fr\/wp-json\/wp\/v2\/categories?post=2926"},{"taxonomy":"post_tag","embeddable":true,"href":"https:\/\/cosign.be\/fr\/wp-json\/wp\/v2\/tags?post=2926"}],"curies":[{"name":"wp","href":"https:\/\/api.w.org\/{rel}","templated":true}]}}