{"id":4025,"date":"2017-06-08T19:38:39","date_gmt":"2017-06-08T19:38:39","guid":{"rendered":"https:\/\/cosign.be\/fr\/?page_id=4025"},"modified":"2017-06-09T07:08:39","modified_gmt":"2017-06-09T07:08:39","slug":"digital-mapping","status":"publish","type":"page","link":"https:\/\/cosign.be\/fr\/digital-mapping\/","title":{"rendered":"Digital Mapping"},"content":{"rendered":"<p>[vc_row equal_height=\u00a0\u00bbyes\u00a0\u00bb full_width=\u00a0\u00bb1&Prime; bg_color=\u00a0\u00bb#cecdc1&Prime; padding=\u00a0\u00bb25&Prime;][vc_column width=\u00a0\u00bb1\/4&Prime;][vc_column_text]<\/p>\n<pre><code><div class=\"addtoany_shortcode\"><div class=\"a2a_kit a2a_kit_size_24 addtoany_list\" data-a2a-url=\"https:\/\/cosign.be\/fr\/digital-mapping\/\" data-a2a-title=\"Digital Mapping\"><a class=\"a2a_button_facebook\" href=\"https:\/\/www.addtoany.com\/add_to\/facebook?linkurl=https%3A%2F%2Fcosign.be%2Ffr%2Fdigital-mapping%2F&amp;linkname=Digital%20Mapping\" title=\"Facebook\" rel=\"nofollow noopener\" target=\"_blank\"><img loading=\"lazy\" decoding=\"async\" src=\"\/https:\/\/www.instagram.com\/cosignnv\/facebook.png\" width=\"24\" height=\"24\" alt=\"Facebook\"><\/a><a class=\"a2a_button_linkedin\" href=\"https:\/\/www.addtoany.com\/add_to\/linkedin?linkurl=https%3A%2F%2Fcosign.be%2Ffr%2Fdigital-mapping%2F&amp;linkname=Digital%20Mapping\" title=\"LinkedIn\" rel=\"nofollow noopener\" target=\"_blank\"><img loading=\"lazy\" decoding=\"async\" src=\"\/https:\/\/www.instagram.com\/cosignnv\/linkedin.png\" width=\"24\" height=\"24\" alt=\"LinkedIn\"><\/a><\/div><\/div><\/code><\/pre>\n<p>[\/vc_column_text][\/vc_column][vc_column width=\u00a0\u00bb3\/4&Prime;][vc_column_text css=\u00a0\u00bb.vc_custom_1496992114193{margin-bottom: 0px !important;border-bottom-width: 0px !important;padding-bottom: 0px !important;}\u00a0\u00bb]<\/p>\n<h1><span style=\"color: #ffffff;\"><strong>CARTOGRAPHIE\u00a0NUM\u00c9RIQUE<\/strong><\/span><\/h1>\n<p>[\/vc_column_text][\/vc_column][\/vc_row][vc_row][vc_column width=\u00a0\u00bb1\/4&Prime;][\/vc_column][vc_column width=\u00a0\u00bb3\/4&Prime;][vc_column_text]Gestion de signal\u00e9tique compl\u00e8te, en ligne et simple \u00e0 utiliser pour vos projets de signalisation\u00a0: la base id\u00e9ale pour cr\u00e9er un service d\u2019orientation num\u00e9rique enti\u00e8rement fonctionnel pour b\u00e2timents de grande \u00e0 moyenne taille.<\/p>\n<p>Cr\u00e9ez une plateforme de plans automatiquement mis \u00e0 jour \u2013\u00a0avec possibilit\u00e9s de recherche et mise en lien\u00a0\u2013 pour votre organisation.<\/p>\n<p><img loading=\"lazy\" decoding=\"async\" class=\"alignnone wp-image-3908 size-full\" src=\"https:\/\/cosign.be\/wp-content\/uploads\/2017\/05\/digital-mapping.jpg\" alt=\"digital-mapping\" width=\"1091\" height=\"504\" srcset=\"https:\/\/cosign.be\/wp-content\/uploads\/2017\/05\/digital-mapping.jpg 1091w, https:\/\/cosign.be\/wp-content\/uploads\/2017\/05\/digital-mapping-300x139.jpg 300w, https:\/\/cosign.be\/wp-content\/uploads\/2017\/05\/digital-mapping-1024x473.jpg 1024w, https:\/\/cosign.be\/wp-content\/uploads\/2017\/05\/digital-mapping-810x374.jpg 810w, https:\/\/cosign.be\/wp-content\/uploads\/2017\/05\/digital-mapping-1080x499.jpg 1080w, https:\/\/cosign.be\/wp-content\/uploads\/2017\/05\/digital-mapping-450x208.jpg 450w, https:\/\/cosign.be\/wp-content\/uploads\/2017\/05\/digital-mapping-866x400.jpg 866w\" sizes=\"auto, (max-width: 1091px) 100vw, 1091px\" \/><\/p>\n<p>Fonctionnalit\u00e9s:<\/p>\n<ul>\n<li>Planification et gestion de la signal\u00e9tique (statique et num\u00e9rique)<\/li>\n<li>Gestion d\u2019actifs<\/li>\n<li>Plans int\u00e9rieurs<\/li>\n<li>Orientation<\/li>\n<li>Positionnement int\u00e9rieur<\/li>\n<li>Mises \u00e0 jour automatiques<\/li>\n<li>Int\u00e9grations de syst\u00e8mes<\/li>\n<li>Gestion de contenu<\/li>\n<li>Interfaces de programme d\u2019application (API) du d\u00e9veloppeur<\/li>\n<li>Exportation de plan (SVG, PNG, JPG, PDF)<\/li>\n<li>Plateforme IoT compl\u00e8te<\/li>\n<\/ul>\n<p>[\/vc_column_text][\/vc_column][\/vc_row][vc_row][vc_column][vc_empty_space][\/vc_column][\/vc_row]<\/p>\n","protected":false},"excerpt":{"rendered":"<p>[vc_row equal_height=\u00a0\u00bbyes\u00a0\u00bb full_width=\u00a0\u00bb1&Prime; bg_color=\u00a0\u00bb#cecdc1&Prime; padding=\u00a0\u00bb25&Prime;][vc_column width=\u00a0\u00bb1\/4&Prime;][vc_column_text] [\/vc_column_text][\/vc_column][vc_column width=\u00a0\u00bb3\/4&Prime;][vc_column_text css=\u00a0\u00bb.vc_custom_1496992114193{margin-bottom: 0px !important;border-bottom-width: 0px !important;padding-bottom: 0px !important;}\u00a0\u00bb] CARTOGRAPHIE\u00a0NUM\u00c9RIQUE [\/vc_column_text][\/vc_column][\/vc_row][vc_row][vc_column width=\u00a0\u00bb1\/4&Prime;][\/vc_column][vc_column width=\u00a0\u00bb3\/4&Prime;][vc_column_text]Gestion de signal\u00e9tique compl\u00e8te, en ligne et <a class=\"more-link\" href=\"https:\/\/cosign.be\/fr\/digital-mapping\/\">Read more &#8230;<\/a><\/p>\n","protected":false},"author":1,"featured_media":0,"parent":0,"menu_order":0,"comment_status":"closed","ping_status":"closed","template":"","meta":{"om_disable_all_campaigns":false,"_monsterinsights_skip_tracking":false,"_monsterinsights_sitenote_active":false,"_monsterinsights_sitenote_note":"","_monsterinsights_sitenote_category":0,"_uf_show_specific_survey":0,"_uf_disable_surveys":false,"footnotes":""},"categories":[],"tags":[],"class_list":["post-4025","page","type-page","status-publish","hentry"],"aioseo_notices":[],"_links":{"self":[{"href":"https:\/\/cosign.be\/fr\/wp-json\/wp\/v2\/pages\/4025","targetHints":{"allow":["GET"]}}],"collection":[{"href":"https:\/\/cosign.be\/fr\/wp-json\/wp\/v2\/pages"}],"about":[{"href":"https:\/\/cosign.be\/fr\/wp-json\/wp\/v2\/types\/page"}],"author":[{"embeddable":true,"href":"https:\/\/cosign.be\/fr\/wp-json\/wp\/v2\/users\/1"}],"replies":[{"embeddable":true,"href":"https:\/\/cosign.be\/fr\/wp-json\/wp\/v2\/comments?post=4025"}],"version-history":[{"count":2,"href":"https:\/\/cosign.be\/fr\/wp-json\/wp\/v2\/pages\/4025\/revisions"}],"predecessor-version":[{"id":4032,"href":"https:\/\/cosign.be\/fr\/wp-json\/wp\/v2\/pages\/4025\/revisions\/4032"}],"wp:attachment":[{"href":"https:\/\/cosign.be\/fr\/wp-json\/wp\/v2\/media?parent=4025"}],"wp:term":[{"taxonomy":"category","embeddable":true,"href":"https:\/\/cosign.be\/fr\/wp-json\/wp\/v2\/categories?post=4025"},{"taxonomy":"post_tag","embeddable":true,"href":"https:\/\/cosign.be\/fr\/wp-json\/wp\/v2\/tags?post=4025"}],"curies":[{"name":"wp","href":"https:\/\/api.w.org\/{rel}","templated":true}]}}