{"id":4922,"date":"2020-11-06T15:24:19","date_gmt":"2020-11-06T13:24:19","guid":{"rendered":"https:\/\/cosign.be\/fr\/iflag\/"},"modified":"2020-12-02T08:01:39","modified_gmt":"2020-12-02T06:01:39","slug":"iflag","status":"publish","type":"page","link":"https:\/\/cosign.be\/fr\/iflag\/","title":{"rendered":"I-Flag"},"content":{"rendered":"<p>[vc_row equal_height=\u00a0\u00bbyes\u00a0\u00bb full_width=\u00a0\u00bb1&Prime; bg_color=\u00a0\u00bb#cecdc1&Prime; padding=\u00a0\u00bb25&Prime;][vc_column width=\u00a0\u00bb1\/4&Prime;][vc_column_text]<\/p>\n<pre><code><div class=\"addtoany_shortcode\"><div class=\"a2a_kit a2a_kit_size_24 addtoany_list\" data-a2a-url=\"https:\/\/cosign.be\/fr\/iflag\/\" data-a2a-title=\"I-Flag\"><a class=\"a2a_button_facebook\" href=\"https:\/\/www.addtoany.com\/add_to\/facebook?linkurl=https%3A%2F%2Fcosign.be%2Ffr%2Fiflag%2F&amp;linkname=I-Flag\" title=\"Facebook\" rel=\"nofollow noopener\" target=\"_blank\"><img loading=\"lazy\" decoding=\"async\" src=\"\/https:\/\/www.instagram.com\/cosignnv\/facebook.png\" width=\"24\" height=\"24\" alt=\"Facebook\"><\/a><a class=\"a2a_button_linkedin\" href=\"https:\/\/www.addtoany.com\/add_to\/linkedin?linkurl=https%3A%2F%2Fcosign.be%2Ffr%2Fiflag%2F&amp;linkname=I-Flag\" title=\"LinkedIn\" rel=\"nofollow noopener\" target=\"_blank\"><img loading=\"lazy\" decoding=\"async\" src=\"\/https:\/\/www.instagram.com\/cosignnv\/linkedin.png\" width=\"24\" height=\"24\" alt=\"LinkedIn\"><\/a><\/div><\/div><\/code><\/pre>\n<p>[\/vc_column_text][\/vc_column][vc_column width=\u00a0\u00bb3\/4&Prime;][vc_column_text css=\u00a0\u00bb.vc_custom_1604923804383{margin-bottom: 0px !important;border-bottom-width: 0px !important;padding-bottom: 0px !important;}\u00a0\u00bb]<\/p>\n<h1><span style=\"color: #ffffff;\"><strong>I-FLAG<\/strong><\/span><\/h1>\n<p>[\/vc_column_text][\/vc_column][\/vc_row][vc_row][vc_column][vc_row_inner][vc_column_inner][vc_column_text]<\/p>\n<p>Cosign a d\u00e9velopp\u00e9 un profil, qui s&rsquo;appelle I-FLAG2 et qui peut \u00eatre utilis\u00e9 comme produit autonome &#8211; pour \u00eatre mont\u00e9 directement sur le mur ou le plafond &#8211; ou en combinaison avec d&rsquo;autres produits Cosign comme les cadres I-Sign Eco, I-Sign Flex ou I-Sign Fix.<br \/>Tout d&rsquo;abord, un profil de montage en aluminium est fix\u00e9 au mur ou au plafond, puis le profil de drapeau &#8211; avec ou sans cadres mont\u00e9s dessus &#8211; est gliss\u00e9 sur ce profil\u00e9 de montage et fix\u00e9 avec une vis de r\u00e9glage.<\/p>\n<p>[\/vc_column_text][\/vc_column_inner][\/vc_row_inner][vc_empty_space][\/vc_column][\/vc_row][vc_row full_width=\u00a0\u00bb1&Prime; bg_color=\u00a0\u00bb#cecdc1&Prime; padding=\u00a0\u00bb25&Prime;][vc_column][vc_media_grid style=\u00a0\u00bbpagination\u00a0\u00bb items_per_page=\u00a0\u00bb6&Prime; element_width=\u00a0\u00bb2&Prime; gap=\u00a0\u00bb20&Prime; arrows_design=\u00a0\u00bbvc_arrow-icon-arrow_08_left\u00a0\u00bb arrows_position=\u00a0\u00bboutside\u00a0\u00bb arrows_color=\u00a0\u00bbblack\u00a0\u00bb paging_design=\u00a0\u00bbnone\u00a0\u00bb loop=\u00a0\u00bbyes\u00a0\u00bb grid_id=\u00a0\u00bbvc_gid:1606888069892-1493f98befb98cee2652e3508d20754e-6&Prime; include=\u00a0\u00bb4890,4888,4889,4887&Prime; css=\u00a0\u00bb.vc_custom_1458132682573{margin-top: 0px !important;margin-bottom: 0px !important;border-top-width: 0px !important;border-bottom-width: 0px !important;padding-top: 0px !important;padding-bottom: 0px !important;}\u00a0\u00bb][\/vc_column][\/vc_row][vc_row][vc_column][vc_empty_space][\/vc_column][\/vc_row][vc_row margin_bottom=\u00a0\u00bb25&Prime;][vc_column width=\u00a0\u00bb1\/4&Prime;][vc_text_separator title=\u00a0\u00bbDIMENSIONS STANDARD\u00a0\u00bb title_align=\u00a0\u00bbseparator_align_left\u00a0\u00bb color=\u00a0\u00bbblack\u00a0\u00bb style=\u00a0\u00bbempty\u00a0\u00bb bold=\u00a0\u00bb1&Prime; font_size=\u00a0\u00bb16&Prime; text_color=\u00a0\u00bb#201547&Prime;][\/vc_column][vc_column width=\u00a0\u00bb3\/4&Prime; css=\u00a0\u00bb.vc_custom_1446212499168{margin-left: 0px !important;border-left-width: 0px !important;padding-left: 0px !important;}\u00a0\u00bb][vc_row_inner css=\u00a0\u00bb.vc_custom_1446212510359{margin-top: 0px !important;border-top-width: 0px !important;padding-top: 0px !important;}\u00a0\u00bb][vc_column_inner width=\u00a0\u00bb1\/3&Prime;][vc_column_text]<strong>I-FLAG 1<\/strong>[\/vc_column_text][vc_single_image image=\u00a0\u00bb4891&Prime;][\/vc_column_inner][vc_column_inner width=\u00a0\u00bb1\/3&Prime;][vc_column_text]<strong>PRODUCT CODE<\/strong>[\/vc_column_text][vc_column_text]<\/p>\n<div id=\"el-bdc8d19a\" class=\"vce-col vce-col--md-25p vce-col--xs-1 vce-col--xs-last vce-col--xs-first vce-col--sm-last vce-col--sm-first\">\n<div class=\"vce-col-inner\" data-vce-do-apply=\"border margin background el-bdc8d19a\">\n<div class=\"vce-col-content\" data-vce-element-content=\"true\" data-vce-do-apply=\"padding el-bdc8d19a\">\n<div class=\"vce-text-block\">\n<div id=\"el-46a57385\" class=\"vce-text-block-wrapper vce\" data-vce-do-apply=\"all el-46a57385\">\n<p>I-Flag 1 profil\u00e9 avec support 150mm<\/p>\n<p>Avec support en plastique<\/p><\/div>\n<\/div>\n<\/div>\n<\/div>\n<\/div>\n<div id=\"el-ceeea3c0\" class=\"vce-col vce-col--md-auto vce-col--xs-1 vce-col--xs-last vce-col--xs-first vce-col--sm-last vce-col--sm-first vce-col--md-last vce-col--lg-last vce-col--xl-last\">\n<div class=\"vce-col-inner\" data-vce-do-apply=\"border margin background el-ceeea3c0\">\n<div class=\"vce-col-content\" data-vce-element-content=\"true\" data-vce-do-apply=\"padding el-ceeea3c0\">\n<div class=\"vce-text-block\">\n<div id=\"el-eb69290e\" class=\"vce-text-block-wrapper vce\" data-vce-do-apply=\"all el-eb69290e\"><\/div>\n<\/div>\n<\/div>\n<\/div>\n<\/div>\n<p>[\/vc_column_text][\/vc_column_inner][vc_column_inner width=\u00a0\u00bb1\/3&Prime;][\/vc_column_inner][\/vc_row_inner][\/vc_column][\/vc_row][vc_row margin_bottom=\u00a0\u00bb25&Prime;][vc_column width=\u00a0\u00bb1\/4&Prime;][\/vc_column][vc_column width=\u00a0\u00bb3\/4&Prime; css=\u00a0\u00bb.vc_custom_1446212499168{margin-left: 0px !important;border-left-width: 0px !important;padding-left: 0px !important;}\u00a0\u00bb][vc_row_inner css=\u00a0\u00bb.vc_custom_1446212510359{margin-top: 0px !important;border-top-width: 0px !important;padding-top: 0px !important;}\u00a0\u00bb][vc_column_inner width=\u00a0\u00bb1\/3&Prime;][vc_column_text]<\/p>\n<div class=\"vce-text-block\">\n<div id=\"el-befea102\" class=\"vce-text-block-wrapper vce\" data-vce-do-apply=\"all el-befea102\">\n<p><strong>I-FLAG 2<\/strong><\/div>\n<\/div>\n<div class=\"vce-single-image-container vce-single-image--align-left\">\n<div id=\"el-826dce71\" class=\"vce vce-single-image-wrapper\" data-vce-do-apply=\"all el-826dce71\">\n<figure>\n<div class=\"vce-single-image-inner vce-single-image--absolute\"><\/div>\n<\/figure>\n<\/div>\n<\/div>\n<p>[\/vc_column_text][vc_single_image image=\u00a0\u00bb4892&Prime;][\/vc_column_inner][vc_column_inner width=\u00a0\u00bb1\/3&Prime;][vc_column_text]<strong>PRODUCT CODE<\/strong>[\/vc_column_text][vc_column_text]<\/p>\n<div id=\"el-234ff35c\" class=\"vce-col vce-col--md-auto vce-col--xs-1 vce-col--xs-last vce-col--xs-first vce-col--sm-last vce-col--sm-first\">\n<div class=\"vce-col-inner\" data-vce-do-apply=\"border margin background el-234ff35c\">\n<div class=\"vce-col-content\" data-vce-element-content=\"true\" data-vce-do-apply=\"padding el-234ff35c\">\n<div class=\"vce-text-block\">\n<div id=\"el-b529751e\" class=\"vce-text-block-wrapper vce\" data-vce-do-apply=\"all el-b529751e\">\n<p>I-Flag 2 profil\u00e9 avec support 100mm<\/p>\n<p>Avec support en aluminium\n<\/p>\n<p>I-Flag 2 profil\u00e9 avec support 150mm<\/p>\n<p>Avec support en aluminium\n<\/p><\/div>\n<\/div>\n<\/div>\n<\/div>\n<\/div>\n<div id=\"el-011a59cc\" class=\"vce-col vce-col--md-auto vce-col--xs-1 vce-col--xs-last vce-col--xs-first vce-col--sm-last vce-col--sm-first vce-col--md-last vce-col--lg-last vce-col--xl-last\">\n<div class=\"vce-col-inner\" data-vce-do-apply=\"border margin background el-011a59cc\">\n<div class=\"vce-col-content\" data-vce-element-content=\"true\" data-vce-do-apply=\"padding el-011a59cc\">\n<div class=\"vce-text-block\">\n<div id=\"el-480e128a\" class=\"vce-text-block-wrapper vce\" data-vce-do-apply=\"all el-480e128a\">\n<p>&nbsp;<\/p><\/div>\n<\/div>\n<div class=\"vce-text-block\">\n<div id=\"el-a28d76bd\" class=\"vce-text-block-wrapper vce\" data-vce-do-apply=\"all el-a28d76bd\"><\/div>\n<\/div>\n<\/div>\n<\/div>\n<\/div>\n<p>[\/vc_column_text][\/vc_column_inner][vc_column_inner width=\u00a0\u00bb1\/3&Prime;][\/vc_column_inner][\/vc_row_inner][\/vc_column][\/vc_row][vc_row][vc_column][vc_empty_space][\/vc_column][\/vc_row][vc_row margin_bottom=\u00a0\u00bb25&Prime;][vc_column width=\u00a0\u00bb1\/4&Prime;][vc_text_separator title=\u00a0\u00bbPROFIL\u00c9S &#038; ACCESSOIRES\u00a0\u00bb title_align=\u00a0\u00bbseparator_align_left\u00a0\u00bb color=\u00a0\u00bbblack\u00a0\u00bb style=\u00a0\u00bbempty\u00a0\u00bb bold=\u00a0\u00bb1&Prime; font_size=\u00a0\u00bb16&Prime; text_color=\u00a0\u00bb#201547&Prime;][\/vc_column][vc_column width=\u00a0\u00bb3\/4&Prime; css=\u00a0\u00bb.vc_custom_1446212499168{margin-left: 0px !important;border-left-width: 0px !important;padding-left: 0px !important;}\u00a0\u00bb][vc_row_inner css=\u00a0\u00bb.vc_custom_1446212510359{margin-top: 0px !important;border-top-width: 0px !important;padding-top: 0px !important;}\u00a0\u00bb][vc_column_inner width=\u00a0\u00bb1\/3&Prime;][vc_single_image image=\u00a0\u00bb4881&Prime;][vc_column_text]<\/p>\n<div class=\"vce-text-block\">\n<div id=\"el-62cf46b2\" class=\"vce-text-block-wrapper vce\" data-vce-do-apply=\"all el-62cf46b2\">\n<p><strong>FLAG1-2000<\/strong><\/div>\n<\/div>\n<div class=\"vce-text-block\">\n<div id=\"el-ce48a21e\" class=\"vce-text-block-wrapper vce\" data-vce-do-apply=\"all el-ce48a21e\">\n<p>anodis\u00e9<\/p>\n<p>5m\/l<\/p><\/div>\n<\/div>\n<p>[\/vc_column_text][\/vc_column_inner][vc_column_inner width=\u00a0\u00bb1\/3&Prime;][vc_single_image image=\u00a0\u00bb4895&Prime;][vc_column_text]<\/p>\n<div class=\"vce-text-block\">\n<div id=\"el-5924ed97\" class=\"vce-text-block-wrapper vce\" data-vce-do-apply=\"all el-5924ed97\">\n<p><strong>I-BRACKET<\/strong><\/p>\n<p>\nsupport en saillie en plastique pour FLAG1-2000<\/p><\/div>\n<\/div>\n<p>[\/vc_column_text][\/vc_column_inner][vc_column_inner width=\u00a0\u00bb1\/3&Prime;][\/vc_column_inner][\/vc_row_inner][vc_row_inner css=\u00a0\u00bb.vc_custom_1446212510359{margin-top: 0px !important;border-top-width: 0px !important;padding-top: 0px !important;}\u00a0\u00bb][vc_column_inner width=\u00a0\u00bb1\/3&Prime;][vc_single_image image=\u00a0\u00bb4897&Prime;][vc_column_text]<\/p>\n<div class=\"vce-text-block\">\n<div id=\"el-ff701adb\" class=\"vce-text-block-wrapper vce\" data-vce-do-apply=\"all el-ff701adb\">\n<p><strong>FLAG2-2000<\/strong><\/div>\n<\/div>\n<div class=\"vce-text-block\">\n<div id=\"el-a7f4a92f\" class=\"vce-text-block-wrapper vce\" data-vce-do-apply=\"all el-a7f4a92f\">\n<p>anodis\u00e9<\/p>\n<p>5m\/l<\/p><\/div>\n<\/div>\n<p>[\/vc_column_text][\/vc_column_inner][vc_column_inner width=\u00a0\u00bb1\/3&Prime;][vc_single_image image=\u00a0\u00bb4894&Prime;][vc_column_text]<\/p>\n<div class=\"vce-text-block\">\n<div id=\"el-66f97cab\" class=\"vce-text-block-wrapper vce\" data-vce-do-apply=\"all el-66f97cab\">\n<p><strong>MOUNT2-1000<\/strong><\/div>\n<\/div>\n<div class=\"vce-text-block\">\n<div id=\"el-40a5f0da\" class=\"vce-text-block-wrapper vce\" data-vce-do-apply=\"all el-40a5f0da\">\n<p>brut<\/p>\n<p>5m\/l<\/p><\/div>\n<\/div>\n<p>[\/vc_column_text][\/vc_column_inner][vc_column_inner width=\u00a0\u00bb1\/3&Prime;][\/vc_column_inner][\/vc_row_inner][\/vc_column][\/vc_row]<\/p>\n","protected":false},"excerpt":{"rendered":"<p>[vc_row equal_height=\u00a0\u00bbyes\u00a0\u00bb full_width=\u00a0\u00bb1&Prime; bg_color=\u00a0\u00bb#cecdc1&Prime; padding=\u00a0\u00bb25&Prime;][vc_column width=\u00a0\u00bb1\/4&Prime;][vc_column_text] [\/vc_column_text][\/vc_column][vc_column width=\u00a0\u00bb3\/4&Prime;][vc_column_text css=\u00a0\u00bb.vc_custom_1604923804383{margin-bottom: 0px !important;border-bottom-width: 0px !important;padding-bottom: 0px !important;}\u00a0\u00bb] I-FLAG [\/vc_column_text][\/vc_column][\/vc_row][vc_row][vc_column][vc_row_inner][vc_column_inner][vc_column_text] Cosign a d\u00e9velopp\u00e9 un profil, qui s&rsquo;appelle I-FLAG2 <a class=\"more-link\" href=\"https:\/\/cosign.be\/fr\/iflag\/\">Read more &#8230;<\/a><\/p>\n","protected":false},"author":3,"featured_media":0,"parent":0,"menu_order":0,"comment_status":"closed","ping_status":"closed","template":"","meta":{"om_disable_all_campaigns":false,"_monsterinsights_skip_tracking":false,"_monsterinsights_sitenote_active":false,"_monsterinsights_sitenote_note":"","_monsterinsights_sitenote_category":0,"_uf_show_specific_survey":0,"_uf_disable_surveys":false,"footnotes":""},"categories":[],"tags":[],"class_list":["post-4922","page","type-page","status-publish","hentry"],"aioseo_notices":[],"_links":{"self":[{"href":"https:\/\/cosign.be\/fr\/wp-json\/wp\/v2\/pages\/4922","targetHints":{"allow":["GET"]}}],"collection":[{"href":"https:\/\/cosign.be\/fr\/wp-json\/wp\/v2\/pages"}],"about":[{"href":"https:\/\/cosign.be\/fr\/wp-json\/wp\/v2\/types\/page"}],"author":[{"embeddable":true,"href":"https:\/\/cosign.be\/fr\/wp-json\/wp\/v2\/users\/3"}],"replies":[{"embeddable":true,"href":"https:\/\/cosign.be\/fr\/wp-json\/wp\/v2\/comments?post=4922"}],"version-history":[{"count":51,"href":"https:\/\/cosign.be\/fr\/wp-json\/wp\/v2\/pages\/4922\/revisions"}],"predecessor-version":[{"id":6104,"href":"https:\/\/cosign.be\/fr\/wp-json\/wp\/v2\/pages\/4922\/revisions\/6104"}],"wp:attachment":[{"href":"https:\/\/cosign.be\/fr\/wp-json\/wp\/v2\/media?parent=4922"}],"wp:term":[{"taxonomy":"category","embeddable":true,"href":"https:\/\/cosign.be\/fr\/wp-json\/wp\/v2\/categories?post=4922"},{"taxonomy":"post_tag","embeddable":true,"href":"https:\/\/cosign.be\/fr\/wp-json\/wp\/v2\/tags?post=4922"}],"curies":[{"name":"wp","href":"https:\/\/api.w.org\/{rel}","templated":true}]}}