{"id":6510,"date":"2022-03-10T14:32:45","date_gmt":"2022-03-10T12:32:45","guid":{"rendered":"https:\/\/cosign.be\/fr\/?page_id=6510"},"modified":"2022-03-10T14:36:13","modified_gmt":"2022-03-10T12:36:13","slug":"frontflex","status":"publish","type":"page","link":"https:\/\/cosign.be\/fr\/frontflex\/","title":{"rendered":"Frontflex"},"content":{"rendered":"<p>[vc_row equal_height=\u00a0\u00bbyes\u00a0\u00bb full_width=\u00a0\u00bb1&Prime; bg_color=\u00a0\u00bb#cecdc1&Prime; padding=\u00a0\u00bb25&Prime;][vc_column width=\u00a0\u00bb1\/4&Prime;][vc_column_text]<\/p>\n<pre><code><div class=\"addtoany_shortcode\"><div class=\"a2a_kit a2a_kit_size_24 addtoany_list\" data-a2a-url=\"https:\/\/cosign.be\/fr\/frontflex\/\" data-a2a-title=\"Frontflex\"><a class=\"a2a_button_facebook\" href=\"https:\/\/www.addtoany.com\/add_to\/facebook?linkurl=https%3A%2F%2Fcosign.be%2Ffr%2Ffrontflex%2F&amp;linkname=Frontflex\" title=\"Facebook\" rel=\"nofollow noopener\" target=\"_blank\"><img loading=\"lazy\" decoding=\"async\" src=\"\/https:\/\/www.instagram.com\/cosignnv\/facebook.png\" width=\"24\" height=\"24\" alt=\"Facebook\"><\/a><a class=\"a2a_button_linkedin\" href=\"https:\/\/www.addtoany.com\/add_to\/linkedin?linkurl=https%3A%2F%2Fcosign.be%2Ffr%2Ffrontflex%2F&amp;linkname=Frontflex\" title=\"LinkedIn\" rel=\"nofollow noopener\" target=\"_blank\"><img loading=\"lazy\" decoding=\"async\" src=\"\/https:\/\/www.instagram.com\/cosignnv\/linkedin.png\" width=\"24\" height=\"24\" alt=\"LinkedIn\"><\/a><\/div><\/div><\/code><\/pre>\n<p>[\/vc_column_text][\/vc_column][vc_column width=\u00a0\u00bb3\/4&Prime;][vc_column_text css=\u00a0\u00bb.vc_custom_1631698183675{margin-bottom: 0px !important;border-bottom-width: 0px !important;padding-bottom: 0px !important;}\u00a0\u00bb]<\/p>\n<h1><span style=\"color: #ffffff;\"><strong>FRONTFLEX<\/strong><\/span><\/h1>\n<p>[\/vc_column_text][\/vc_column][\/vc_row][vc_row][vc_column width=\u00a0\u00bb1\/4&Prime;][\/vc_column][vc_column width=\u00a0\u00bb3\/4&Prime;][vc_column_text]Avec notre nouveau syst\u00e8me Frontflex, il est possible de cr\u00e9er des publicit\u00e9s de fa\u00e7ade ou des enseignes lumineuses \u00e0 grande \u00e9chelle et de longue dur\u00e9e dans les espaces ext\u00e9rieurs. Les syst\u00e8mes Frontflex sont rapides \u00e0 installer, faciles \u00e0 entretenir et \u00e9conomiques \u00e0 changer, car le tissu peut \u00eatre remplac\u00e9 facilement. Les tissus avant ou r\u00e9tro\u00e9clair\u00e9s peuvent \u00eatre tendus avec pr\u00e9cision \u00e0 l\u2019aide<br \/>\nde nos profil\u00e9s en aluminium de 120 mm et 180 mm et de notre technologie unique de support flexible qui permet de couvrir de grandes surfaces aussi serr\u00e9es qu\u2019un tambour et sans un seul pli. Avec nos profil\u00e9s de r\u00e9novation de 84 mm et 97 mm, les structures existantes peuvent \u00eatre utilis\u00e9es sans avoir \u00e0 repartir de z\u00e9ro. Les profondeurs de nos profil\u00e9s permettent un \u00e9clairage LED optimal et<br \/>\n\u00e9conomique.<br \/>\nLa conception esth\u00e9tique sans cadre de nos profil\u00e9s Frontflex signifie que les tissus et motifs imprim\u00e9s peuvent s\u2019\u00e9tendre jusqu\u2019au bord ext\u00e9rieur du cadre. Les profil\u00e9s sont pliables et offrent une grande vari\u00e9t\u00e9 d\u2019options de conception pour les \u00e9v\u00e9nements, les expositions et les devantures de magasins.<br \/>\nFrontflex = des possibilit\u00e9s infinies avec une qualit\u00e9 qui dure.[\/vc_column_text][\/vc_column][\/vc_row][vc_row][vc_column width=\u00a0\u00bb1\/4&Prime;][\/vc_column][vc_column width=\u00a0\u00bb1\/4&Prime;][vc_single_image image=\u00a0\u00bb6230&Prime;][\/vc_column][vc_column width=\u00a0\u00bb1\/4&Prime;][vc_single_image image=\u00a0\u00bb6231&Prime;][\/vc_column][vc_column width=\u00a0\u00bb1\/4&Prime;][vc_single_image image=\u00a0\u00bb6232&Prime;][\/vc_column][\/vc_row][vc_row][vc_column width=\u00a0\u00bb1\/4&Prime;][\/vc_column][vc_column width=\u00a0\u00bb1\/4&Prime;][vc_single_image image=\u00a0\u00bb6233&Prime;][\/vc_column][vc_column width=\u00a0\u00bb1\/4&Prime;][\/vc_column][vc_column width=\u00a0\u00bb1\/4&Prime;][\/vc_column][\/vc_row]<\/p>\n","protected":false},"excerpt":{"rendered":"<p>[vc_row equal_height=\u00a0\u00bbyes\u00a0\u00bb full_width=\u00a0\u00bb1&Prime; bg_color=\u00a0\u00bb#cecdc1&Prime; padding=\u00a0\u00bb25&Prime;][vc_column width=\u00a0\u00bb1\/4&Prime;][vc_column_text] [\/vc_column_text][\/vc_column][vc_column width=\u00a0\u00bb3\/4&Prime;][vc_column_text css=\u00a0\u00bb.vc_custom_1631698183675{margin-bottom: 0px !important;border-bottom-width: 0px !important;padding-bottom: 0px !important;}\u00a0\u00bb] FRONTFLEX [\/vc_column_text][\/vc_column][\/vc_row][vc_row][vc_column width=\u00a0\u00bb1\/4&Prime;][\/vc_column][vc_column width=\u00a0\u00bb3\/4&Prime;][vc_column_text]Avec notre nouveau syst\u00e8me Frontflex, il est <a class=\"more-link\" href=\"https:\/\/cosign.be\/fr\/frontflex\/\">Read more &#8230;<\/a><\/p>\n","protected":false},"author":3,"featured_media":1907,"parent":0,"menu_order":0,"comment_status":"closed","ping_status":"closed","template":"","meta":{"om_disable_all_campaigns":false,"_monsterinsights_skip_tracking":false,"_monsterinsights_sitenote_active":false,"_monsterinsights_sitenote_note":"","_monsterinsights_sitenote_category":0,"_uf_show_specific_survey":0,"_uf_disable_surveys":false,"footnotes":""},"categories":[],"tags":[118],"class_list":["post-6510","page","type-page","status-publish","has-post-thumbnail","hentry","tag-curvo-plus-fr"],"aioseo_notices":[],"_links":{"self":[{"href":"https:\/\/cosign.be\/fr\/wp-json\/wp\/v2\/pages\/6510","targetHints":{"allow":["GET"]}}],"collection":[{"href":"https:\/\/cosign.be\/fr\/wp-json\/wp\/v2\/pages"}],"about":[{"href":"https:\/\/cosign.be\/fr\/wp-json\/wp\/v2\/types\/page"}],"author":[{"embeddable":true,"href":"https:\/\/cosign.be\/fr\/wp-json\/wp\/v2\/users\/3"}],"replies":[{"embeddable":true,"href":"https:\/\/cosign.be\/fr\/wp-json\/wp\/v2\/comments?post=6510"}],"version-history":[{"count":4,"href":"https:\/\/cosign.be\/fr\/wp-json\/wp\/v2\/pages\/6510\/revisions"}],"predecessor-version":[{"id":6518,"href":"https:\/\/cosign.be\/fr\/wp-json\/wp\/v2\/pages\/6510\/revisions\/6518"}],"wp:featuredmedia":[{"embeddable":true,"href":"https:\/\/cosign.be\/fr\/wp-json\/wp\/v2\/media\/1907"}],"wp:attachment":[{"href":"https:\/\/cosign.be\/fr\/wp-json\/wp\/v2\/media?parent=6510"}],"wp:term":[{"taxonomy":"category","embeddable":true,"href":"https:\/\/cosign.be\/fr\/wp-json\/wp\/v2\/categories?post=6510"},{"taxonomy":"post_tag","embeddable":true,"href":"https:\/\/cosign.be\/fr\/wp-json\/wp\/v2\/tags?post=6510"}],"curies":[{"name":"wp","href":"https:\/\/api.w.org\/{rel}","templated":true}]}}