{"id":6535,"date":"2022-03-22T12:58:31","date_gmt":"2022-03-22T10:58:31","guid":{"rendered":"https:\/\/cosign.be\/?page_id=6535"},"modified":"2022-03-22T13:18:56","modified_gmt":"2022-03-22T11:18:56","slug":"street-sign-pro","status":"publish","type":"page","link":"https:\/\/cosign.be\/fr\/street-sign-pro\/","title":{"rendered":"STREET SIGN PRO"},"content":{"rendered":"<p>[vc_row equal_height=\u00a0\u00bbyes\u00a0\u00bb full_width=\u00a0\u00bb1&Prime; bg_color=\u00a0\u00bb#cecdc1&Prime; padding=\u00a0\u00bb25&Prime;][vc_column width=\u00a0\u00bb1\/4&Prime;][vc_column_text]<\/p>\n<pre><code><div class=\"addtoany_shortcode\"><div class=\"a2a_kit a2a_kit_size_24 addtoany_list\" data-a2a-url=\"https:\/\/cosign.be\/fr\/street-sign-pro\/\" data-a2a-title=\"STREET SIGN PRO\"><a class=\"a2a_button_facebook\" href=\"https:\/\/www.addtoany.com\/add_to\/facebook?linkurl=https%3A%2F%2Fcosign.be%2Ffr%2Fstreet-sign-pro%2F&amp;linkname=STREET%20SIGN%20PRO\" title=\"Facebook\" rel=\"nofollow noopener\" target=\"_blank\"><img loading=\"lazy\" decoding=\"async\" src=\"\/https:\/\/www.instagram.com\/cosignnv\/facebook.png\" width=\"24\" height=\"24\" alt=\"Facebook\"><\/a><a class=\"a2a_button_linkedin\" href=\"https:\/\/www.addtoany.com\/add_to\/linkedin?linkurl=https%3A%2F%2Fcosign.be%2Ffr%2Fstreet-sign-pro%2F&amp;linkname=STREET%20SIGN%20PRO\" title=\"LinkedIn\" rel=\"nofollow noopener\" target=\"_blank\"><img loading=\"lazy\" decoding=\"async\" src=\"\/https:\/\/www.instagram.com\/cosignnv\/linkedin.png\" width=\"24\" height=\"24\" alt=\"LinkedIn\"><\/a><\/div><\/div><\/code><\/pre>\n<p>[\/vc_column_text][\/vc_column][vc_column width=\u00a0\u00bb3\/4&Prime;][vc_column_text css=\u00a0\u00bb.vc_custom_1647946917549{margin-bottom: 0px !important;border-bottom-width: 0px !important;padding-bottom: 0px !important;}\u00a0\u00bb]<\/p>\n<h1><span style=\"color: #ffffff;\"><strong><br \/>\nSTREET SIGN PRO<\/strong><\/span><\/h1>\n<p>[\/vc_column_text][\/vc_column][\/vc_row][vc_row][vc_column width=\u00a0\u00bb1\/4&Prime;][vc_single_image image=\u00a0\u00bb6546&Prime;][\/vc_column][vc_column width=\u00a0\u00bb3\/4&Prime;][vc_column_text]Fabriqu\u00e9 en plastique durable, le Street Sign est un cadre ext\u00e9rieur double face, qui contient deux panneaux A1. Les avantages sont nombreux : il est \u00e9quip\u00e9 avec une poign\u00e9e facile \u00e0 transporter et pliable pour gagner de place lors du rangement. Il n\u2019est pas n\u00e9cessaire de le remplir d\u2019eau ou de sable, car il est d\u00e9j\u00e0 construit en mat\u00e9riaux lourds. Il dispose d\u2019une feuille de protection anti-refl\u00e8te. Cette caract\u00e9ristique unique aide \u00e0 maintenir le graphique en place. Un outil cach\u00e9 permet de verrouiller l\u2019affiche, pour \u00e9viter tout acc\u00e8s inutile \u00e0 l\u2019affiche.<br \/>\nDisponible : blanc, noir et gris[\/vc_column_text][\/vc_column][\/vc_row][vc_row][vc_column width=\u00a0\u00bb1\/4&Prime;][vc_column_text]<strong>En option<\/strong>[\/vc_column_text][\/vc_column][vc_column width=\u00a0\u00bb1\/4&Prime;][vc_column_text]<\/p>\n<ul>\n<li>Panneau de t\u00eate<\/li>\n<li>Sans feuille de protection<\/li>\n<\/ul>\n<p>[\/vc_column_text][\/vc_column][vc_column width=\u00a0\u00bb1\/4&Prime;][\/vc_column][vc_column width=\u00a0\u00bb1\/4&Prime;][\/vc_column][\/vc_row][vc_row][vc_column width=\u00a0\u00bb1\/4&Prime;][\/vc_column][vc_column width=\u00a0\u00bb1\/4&Prime;][vc_column_text]<\/p>\n<div class=\"wpb_text_column wpb_content_element \">\n<div class=\"wpb_wrapper\">\n<p><strong>ART<\/strong><\/p>\n<\/div>\n<\/div>\n<div class=\"wpb_text_column wpb_content_element \">\n<div class=\"wpb_wrapper\">\n<p>STRSIGNA1<\/p>\n<\/div>\n<\/div>\n<p>[\/vc_column_text][\/vc_column][vc_column width=\u00a0\u00bb1\/4&Prime;][vc_column_text]<\/p>\n<div class=\"wpb_text_column wpb_content_element \">\n<div class=\"wpb_wrapper\">\n<p><strong>POSTER SIZE \/ FORMAT<\/strong><\/p>\n<\/div>\n<\/div>\n<div class=\"wpb_text_column wpb_content_element \">\n<div class=\"wpb_wrapper\">\n<p>610mm x 915mm<\/p>\n<\/div>\n<\/div>\n<p>[\/vc_column_text][\/vc_column][\/vc_row][vc_row][vc_column width=\u00a0\u00bb1\/4&Prime;][\/vc_column][vc_column width=\u00a0\u00bb1\/4&Prime;][vc_single_image image=\u00a0\u00bb6547&Prime;][\/vc_column][vc_column width=\u00a0\u00bb1\/4&Prime;][vc_single_image image=\u00a0\u00bb6548&Prime;][\/vc_column][vc_column width=\u00a0\u00bb1\/4&Prime;][vc_single_image image=\u00a0\u00bb6549&Prime;][\/vc_column][\/vc_row]<\/p>\n","protected":false},"excerpt":{"rendered":"<p>[vc_row equal_height=\u00a0\u00bbyes\u00a0\u00bb full_width=\u00a0\u00bb1&Prime; bg_color=\u00a0\u00bb#cecdc1&Prime; padding=\u00a0\u00bb25&Prime;][vc_column width=\u00a0\u00bb1\/4&Prime;][vc_column_text] [\/vc_column_text][\/vc_column][vc_column width=\u00a0\u00bb3\/4&Prime;][vc_column_text css=\u00a0\u00bb.vc_custom_1647946917549{margin-bottom: 0px !important;border-bottom-width: 0px !important;padding-bottom: 0px !important;}\u00a0\u00bb] STREET SIGN PRO [\/vc_column_text][\/vc_column][\/vc_row][vc_row][vc_column width=\u00a0\u00bb1\/4&Prime;][vc_single_image image=\u00a0\u00bb6546&Prime;][\/vc_column][vc_column width=\u00a0\u00bb3\/4&Prime;][vc_column_text]Fabriqu\u00e9 en plastique durable, <a class=\"more-link\" href=\"https:\/\/cosign.be\/fr\/street-sign-pro\/\">Read more &#8230;<\/a><\/p>\n","protected":false},"author":3,"featured_media":2193,"parent":0,"menu_order":0,"comment_status":"closed","ping_status":"closed","template":"","meta":{"om_disable_all_campaigns":false,"_monsterinsights_skip_tracking":false,"_monsterinsights_sitenote_active":false,"_monsterinsights_sitenote_note":"","_monsterinsights_sitenote_category":0,"_uf_show_specific_survey":0,"_uf_disable_surveys":false,"footnotes":""},"categories":[],"tags":[342],"class_list":["post-6535","page","type-page","status-publish","has-post-thumbnail","hentry","tag-textile-frames-fr-2"],"aioseo_notices":[],"_links":{"self":[{"href":"https:\/\/cosign.be\/fr\/wp-json\/wp\/v2\/pages\/6535","targetHints":{"allow":["GET"]}}],"collection":[{"href":"https:\/\/cosign.be\/fr\/wp-json\/wp\/v2\/pages"}],"about":[{"href":"https:\/\/cosign.be\/fr\/wp-json\/wp\/v2\/types\/page"}],"author":[{"embeddable":true,"href":"https:\/\/cosign.be\/fr\/wp-json\/wp\/v2\/users\/3"}],"replies":[{"embeddable":true,"href":"https:\/\/cosign.be\/fr\/wp-json\/wp\/v2\/comments?post=6535"}],"version-history":[{"count":2,"href":"https:\/\/cosign.be\/fr\/wp-json\/wp\/v2\/pages\/6535\/revisions"}],"predecessor-version":[{"id":6550,"href":"https:\/\/cosign.be\/fr\/wp-json\/wp\/v2\/pages\/6535\/revisions\/6550"}],"wp:featuredmedia":[{"embeddable":true,"href":"https:\/\/cosign.be\/fr\/wp-json\/wp\/v2\/media\/2193"}],"wp:attachment":[{"href":"https:\/\/cosign.be\/fr\/wp-json\/wp\/v2\/media?parent=6535"}],"wp:term":[{"taxonomy":"category","embeddable":true,"href":"https:\/\/cosign.be\/fr\/wp-json\/wp\/v2\/categories?post=6535"},{"taxonomy":"post_tag","embeddable":true,"href":"https:\/\/cosign.be\/fr\/wp-json\/wp\/v2\/tags?post=6535"}],"curies":[{"name":"wp","href":"https:\/\/api.w.org\/{rel}","templated":true}]}}