{"id":6551,"date":"2022-03-22T14:44:38","date_gmt":"2022-03-22T12:44:38","guid":{"rendered":"https:\/\/cosign.be\/fr\/?page_id=6551"},"modified":"2022-03-22T14:57:04","modified_gmt":"2022-03-22T12:57:04","slug":"eco-ledbox","status":"publish","type":"page","link":"https:\/\/cosign.be\/fr\/eco-ledbox\/","title":{"rendered":"ECO LEDBOX"},"content":{"rendered":"<p>[vc_row equal_height=\u00a0\u00bbyes\u00a0\u00bb full_width=\u00a0\u00bb1&Prime; bg_color=\u00a0\u00bb#cecdc1&Prime; padding=\u00a0\u00bb25&Prime;][vc_column width=\u00a0\u00bb1\/4&Prime;][vc_column_text]<\/p>\n<pre><code><div class=\"addtoany_shortcode\"><div class=\"a2a_kit a2a_kit_size_24 addtoany_list\" data-a2a-url=\"https:\/\/cosign.be\/fr\/eco-ledbox\/\" data-a2a-title=\"ECO LEDBOX\"><a class=\"a2a_button_facebook\" href=\"https:\/\/www.addtoany.com\/add_to\/facebook?linkurl=https%3A%2F%2Fcosign.be%2Ffr%2Feco-ledbox%2F&amp;linkname=ECO%20LEDBOX\" title=\"Facebook\" rel=\"nofollow noopener\" target=\"_blank\"><img loading=\"lazy\" decoding=\"async\" src=\"\/https:\/\/www.instagram.com\/cosignnv\/facebook.png\" width=\"24\" height=\"24\" alt=\"Facebook\"><\/a><a class=\"a2a_button_linkedin\" href=\"https:\/\/www.addtoany.com\/add_to\/linkedin?linkurl=https%3A%2F%2Fcosign.be%2Ffr%2Feco-ledbox%2F&amp;linkname=ECO%20LEDBOX\" title=\"LinkedIn\" rel=\"nofollow noopener\" target=\"_blank\"><img loading=\"lazy\" decoding=\"async\" src=\"\/https:\/\/www.instagram.com\/cosignnv\/linkedin.png\" width=\"24\" height=\"24\" alt=\"LinkedIn\"><\/a><\/div><\/div><\/code><\/pre>\n<p>[\/vc_column_text][\/vc_column][vc_column width=\u00a0\u00bb3\/4&Prime;][vc_column_text css=\u00a0\u00bb.vc_custom_1647953182855{margin-bottom: 0px !important;border-bottom-width: 0px !important;padding-bottom: 0px !important;}\u00a0\u00bb]<\/p>\n<h1><span style=\"color: #ffffff;\"><strong><br \/>\nECO LEDBOX<\/strong><\/span><\/h1>\n<p>[\/vc_column_text][\/vc_column][\/vc_row][vc_row][vc_column width=\u00a0\u00bb1\/4&Prime;][vc_single_image image=\u00a0\u00bb6560&Prime; img_size=\u00a0\u00bbmedium\u00a0\u00bb][\/vc_column][vc_column width=\u00a0\u00bb3\/4&Prime;][vc_column_text]Profil\u00e9s: 25mm \u2013 anodis\u00e9 naturel<br \/>\nCoins: cons de s\u00e9curit\u00e9 arrondis<\/p>\n<p>La tr\u00e8s mince ECO LEDbox est une solution de signal\u00e9tique haut de gamme et attrayante pour une large gamme d\u2019applications int\u00e9rieure. Un \u00e9clairage \u00e9lev\u00e9est obtenu par un acrylique sp\u00e9cialement trait\u00e9 et fournit un \u00e9clairage homog\u00e8ne. L\u2019ECO LEDbox homog\u00e8ne et brillante attirera facilement l\u2019attention desconsommateurs o\u00f9 qu\u2019elle soit mont\u00e9e. L\u2019installation peut se faire en mode paysage ou en mode portrait. Utilisant des LED, ces caissons lumineux peuvent fonctionner 24h\/24 et 7j\/7 avec des alimentations adapt\u00e9es. Ce mod\u00e8le a une longue dur\u00e9e de vie. L\u2019ECO LEDbox simple face a une profondeur de 18mm et la version double face a une profondeur de 30mm. Toutes les unit\u00e9s ont pass\u00e9 le test CE\/UL et sont livr\u00e9es avec les certificats de qualit\u00e9 requis[\/vc_column_text][\/vc_column][\/vc_row][vc_row][vc_column width=\u00a0\u00bb1\/4&Prime;][vc_column_text]<strong>En option<\/strong>[\/vc_column_text][\/vc_column][vc_column width=\u00a0\u00bb3\/4&Prime;][vc_column_text]<\/p>\n<ul>\n<li>Profil\u00e9s noirs anodis\u00e9s<\/li>\n<li>Prises \u00e9lectriques am\u00e9ricaines et anglaises<\/li>\n<\/ul>\n<p>[\/vc_column_text][\/vc_column][\/vc_row][vc_row][vc_column width=\u00a0\u00bb1\/4&Prime;][vc_column_text]<strong>SINGLE SIDED<\/strong>[\/vc_column_text][\/vc_column][vc_column width=\u00a0\u00bb1\/4&Prime;][vc_column_text]<strong>ART<\/strong>[\/vc_column_text][\/vc_column][vc_column width=\u00a0\u00bb1\/4&Prime;][vc_column_text]<strong>PROFILE<\/strong>[\/vc_column_text][\/vc_column][vc_column width=\u00a0\u00bb1\/4&Prime;][vc_column_text]<strong>POSTER SIZE \/ FORMAT<\/strong>[\/vc_column_text][\/vc_column][\/vc_row][vc_row][vc_column width=\u00a0\u00bb1\/4&Prime;][\/vc_column][vc_column width=\u00a0\u00bb1\/4&Prime;][vc_column_text]ECOLEDSS00A4<br \/>\nECOLEDSS00A3<br \/>\nECOLEDSS00A2<br \/>\nECOLEDSS00A1<br \/>\nECOLEDSS00A0<br \/>\nECOLEDSS00B1<br \/>\nECOLEDSS00B2[\/vc_column_text][\/vc_column][vc_column width=\u00a0\u00bb1\/4&Prime;][vc_column_text]25<br \/>\n25<br \/>\n25<br \/>\n25<br \/>\n25<br \/>\n25<br \/>\n25[\/vc_column_text][\/vc_column][vc_column width=\u00a0\u00bb1\/4&Prime;][vc_column_text]DIN A4 210 x 297mm<br \/>\nDIN A3 420 x 297mm<br \/>\nDIN A2 594 x 420mm<br \/>\nDIN A1 841 x 594mm<br \/>\nDIN A0 1189 x 841mm<br \/>\nDIN B1 1000 x 700mm<br \/>\nDIN B2 500 x 700mm[\/vc_column_text][\/vc_column][\/vc_row][vc_row][vc_column width=\u00a0\u00bb1\/4&Prime;][vc_column_text]<strong>DOUBLE SIDED<\/strong>[\/vc_column_text][\/vc_column][vc_column width=\u00a0\u00bb1\/4&Prime;][vc_column_text]<strong>ART<\/strong>[\/vc_column_text][\/vc_column][vc_column width=\u00a0\u00bb1\/4&Prime;][vc_column_text]<strong>PROFILE<\/strong>[\/vc_column_text][\/vc_column][vc_column width=\u00a0\u00bb1\/4&Prime;][vc_column_text]<strong>POSTER SIZE \/ FORMAT<\/strong>[\/vc_column_text][\/vc_column][\/vc_row][vc_row][vc_column width=\u00a0\u00bb1\/4&Prime;][\/vc_column][vc_column width=\u00a0\u00bb1\/4&Prime;][vc_column_text]ECOLEDDS00A4<br \/>\nECOLEDDS00A3<br \/>\nECOLEDDS00A2<br \/>\nECOLEDDS00A1<br \/>\nECOLEDDS00A0<br \/>\nECOLEDDS00B1<br \/>\nECOLEDDS00B2[\/vc_column_text][\/vc_column][vc_column width=\u00a0\u00bb1\/4&Prime;][vc_column_text]25<br \/>\n25<br \/>\n25<br \/>\n25<br \/>\n25<br \/>\n25<br \/>\n25[\/vc_column_text][\/vc_column][vc_column width=\u00a0\u00bb1\/4&Prime;][vc_column_text]DIN A4 210 x 297mm<br \/>\nDIN A3 420 x 297mm<br \/>\nDIN A2 594 x 420mm<br \/>\nDIN A1 841 x 594mm<br \/>\nDIN A0 1189 x 841mm<br \/>\nDIN B1 1000 x 700mm<br \/>\nDIN B2 500 x 700mm[\/vc_column_text][\/vc_column][\/vc_row]<\/p>\n","protected":false},"excerpt":{"rendered":"<p>[vc_row equal_height=\u00a0\u00bbyes\u00a0\u00bb full_width=\u00a0\u00bb1&Prime; bg_color=\u00a0\u00bb#cecdc1&Prime; padding=\u00a0\u00bb25&Prime;][vc_column width=\u00a0\u00bb1\/4&Prime;][vc_column_text] [\/vc_column_text][\/vc_column][vc_column width=\u00a0\u00bb3\/4&Prime;][vc_column_text css=\u00a0\u00bb.vc_custom_1647953182855{margin-bottom: 0px !important;border-bottom-width: 0px !important;padding-bottom: 0px !important;}\u00a0\u00bb] ECO LEDBOX [\/vc_column_text][\/vc_column][\/vc_row][vc_row][vc_column width=\u00a0\u00bb1\/4&Prime;][vc_single_image image=\u00a0\u00bb6560&Prime; img_size=\u00a0\u00bbmedium\u00a0\u00bb][\/vc_column][vc_column width=\u00a0\u00bb3\/4&Prime;][vc_column_text]Profil\u00e9s: 25mm \u2013 anodis\u00e9 <a class=\"more-link\" href=\"https:\/\/cosign.be\/fr\/eco-ledbox\/\">Read more &#8230;<\/a><\/p>\n","protected":false},"author":3,"featured_media":2193,"parent":0,"menu_order":0,"comment_status":"closed","ping_status":"closed","template":"","meta":{"om_disable_all_campaigns":false,"_monsterinsights_skip_tracking":false,"_monsterinsights_sitenote_active":false,"_monsterinsights_sitenote_note":"","_monsterinsights_sitenote_category":0,"_uf_show_specific_survey":0,"_uf_disable_surveys":false,"footnotes":""},"categories":[],"tags":[],"class_list":["post-6551","page","type-page","status-publish","has-post-thumbnail","hentry"],"aioseo_notices":[],"_links":{"self":[{"href":"https:\/\/cosign.be\/fr\/wp-json\/wp\/v2\/pages\/6551","targetHints":{"allow":["GET"]}}],"collection":[{"href":"https:\/\/cosign.be\/fr\/wp-json\/wp\/v2\/pages"}],"about":[{"href":"https:\/\/cosign.be\/fr\/wp-json\/wp\/v2\/types\/page"}],"author":[{"embeddable":true,"href":"https:\/\/cosign.be\/fr\/wp-json\/wp\/v2\/users\/3"}],"replies":[{"embeddable":true,"href":"https:\/\/cosign.be\/fr\/wp-json\/wp\/v2\/comments?post=6551"}],"version-history":[{"count":2,"href":"https:\/\/cosign.be\/fr\/wp-json\/wp\/v2\/pages\/6551\/revisions"}],"predecessor-version":[{"id":6561,"href":"https:\/\/cosign.be\/fr\/wp-json\/wp\/v2\/pages\/6551\/revisions\/6561"}],"wp:featuredmedia":[{"embeddable":true,"href":"https:\/\/cosign.be\/fr\/wp-json\/wp\/v2\/media\/2193"}],"wp:attachment":[{"href":"https:\/\/cosign.be\/fr\/wp-json\/wp\/v2\/media?parent=6551"}],"wp:term":[{"taxonomy":"category","embeddable":true,"href":"https:\/\/cosign.be\/fr\/wp-json\/wp\/v2\/categories?post=6551"},{"taxonomy":"post_tag","embeddable":true,"href":"https:\/\/cosign.be\/fr\/wp-json\/wp\/v2\/tags?post=6551"}],"curies":[{"name":"wp","href":"https:\/\/api.w.org\/{rel}","templated":true}]}}